{"id":10,"date":"2024-08-07T15:57:11","date_gmt":"2024-08-07T12:57:11","guid":{"rendered":"https:\/\/texus.fi\/?page_id=10"},"modified":"2024-12-25T20:07:11","modified_gmt":"2024-12-25T17:07:11","slug":"refund_returns","status":"publish","type":"page","link":"https:\/\/texus.fi\/en\/refund_returns\/","title":{"rendered":"Refund and Returns Policy"},"content":{"rendered":"<div data-elementor-type=\"wp-page\" data-elementor-id=\"10\" class=\"elementor elementor-10\" data-elementor-post-type=\"page\">\n\t\t\t\t<div class=\"elementor-element elementor-element-59f84121 e-flex e-con-boxed e-con e-parent\" data-id=\"59f84121\" data-element_type=\"container\" data-e-type=\"container\">\n\t\t\t\t\t<div class=\"e-con-inner\">\n\t\t<div class=\"elementor-element elementor-element-74220a3 e-con-full e-flex e-con e-child\" data-id=\"74220a3\" data-element_type=\"container\" data-e-type=\"container\" data-settings=\"{&quot;background_background&quot;:&quot;classic&quot;}\">\n\t\t\t\t<div class=\"elementor-element elementor-element-f4126d3 elementor-widget elementor-widget-heading\" data-id=\"f4126d3\" data-element_type=\"widget\" data-e-type=\"widget\" data-widget_type=\"heading.default\">\n\t\t\t\t<div class=\"elementor-widget-container\">\n\t\t\t\t\t<h1 class=\"elementor-heading-title elementor-size-default\">Refund and Returns Policy<\/h1>\t\t\t\t<\/div>\n\t\t\t\t<\/div>\n\t\t\t\t<div class=\"elementor-element elementor-element-624edf3 elementor-widget__width-initial elementor-widget elementor-widget-text-editor\" data-id=\"624edf3\" data-element_type=\"widget\" data-e-type=\"widget\" data-widget_type=\"text-editor.default\">\n\t\t\t\t<div class=\"elementor-widget-container\">\n\t\t\t\t\t\t\t\t\t<p>Kiitos, ett\u00e4 teet ostoksia osoitteessa texus.fi. Olemme omistautuneet tarjoamaan ratkaisuja kaikkiin kest\u00e4vyys- ja tuotantoprosesseihinne. Jos et ole t\u00e4ysin tyytyv\u00e4inen ostoksiisi, autamme sinua palautusprosessissa.<\/p><h4 class=\"wp-block-heading\">1. Returns<\/h4><ul class=\"wp-block-list\"><li><strong>Eligibility<\/strong>: Items can be returned within 30 days of receipt of delivery. To be eligible for a return, your item must be unused, in the same condition that you received it, and in the original packaging.<\/li><li><strong>Non-Returnable Items<\/strong>: Certain types of goods are exempt from being returned. This includes:<br \/><ul class=\"wp-block-list\"><li>Custom or special-order products<\/li><li>Items that have been installed or modified<\/li><li>Perishable goods (such as batteries with a limited shelf life)<\/li><li>Any items specifically noted as non-returnable in their product description<\/li><li>Gift cards<\/li><\/ul><\/li><\/ul><h4 class=\"wp-block-heading\">2. Return Process<\/h4><ul class=\"wp-block-list\"><li><strong>Initiate a Return<\/strong>: Aloita palautus: Palautuksen aloittamiseksi tarvitsemme kuitin tai ostotodistuksen. Ota yhteytt\u00e4 asiakaspalveluumme osoitteeseen sales@texus.fi ja ilmoita tilausnumerosi sek\u00e4 palautuksen syy. Saat palautuslupanumeron (RMA).<\/li><li><strong>Return Shipping<\/strong>: You will be responsible for paying for your own shipping costs for returning your item. Shipping costs are non-refundable. If you receive a refund, the cost of return shipping will be deducted from your refund. Depending on where you live, the time it may take for your exchanged product to reach you may vary. We recommend using a trackable shipping service or purchasing shipping insurance. We cannot guarantee that we will receive your returned item.<\/li><\/ul><h4 class=\"wp-block-heading\">3. Refunds<\/h4><ul class=\"wp-block-list\"><li><strong>Processing Time<\/strong>: Once we receive your item, we will inspect it and notify you of the status of your refund within 7 business days. If your return is approved, we will initiate a refund to your original method of payment.<\/li><li><strong>Partial Refunds<\/strong>: In certain situations, only partial refunds are granted (if applicable):<br \/><ul class=\"wp-block-list\"><li>Any item not in its original condition, damaged, or missing parts for reasons not due to our error.<\/li><li>Any item that is returned more than 14 days after delivery.<\/li><\/ul><\/li><li><strong>Shipping Costs<\/strong>: Original shipping costs are non-refundable. If you receive a refund, the cost of return shipping will be deducted from your refund.<\/li><\/ul><h4 class=\"wp-block-heading\">4. Exchanges<\/h4><ul class=\"wp-block-list\"><li>Korvaamme tuotteet vain, jos ne ovat viallisia tai vaurioituneet valmistusvirheen vuoksi. Jos haluat vaihtaa tuotteen samaan tuotteeseen, ota yhteytt\u00e4 osoitteeseen sales@texus.fi.<\/li><\/ul><h4 class=\"wp-block-heading\">5. Warranty Claims<\/h4><ul class=\"wp-block-list\"><li><strong>Warranty Period<\/strong>: Monilla tuotteillamme on valmistajan takuu. Jos sinulla on takuuongelma, ota meihin yhteytt\u00e4 osoitteessa sales@texus.fi. Voit pyyt\u00e4\u00e4 meilt\u00e4 apua.<\/li><li><strong>Processing Warranty Claims<\/strong>: To process a warranty claim, you may need to provide proof of purchase and detailed information about the issue. The manufacturer\u2019s warranty terms and conditions will apply.<\/li><\/ul><h4 class=\"wp-block-heading\">6. Late or Missing Refunds<\/h4><ul class=\"wp-block-list\"><li>If you haven\u2019t received a refund yet, first check your bank account again.<\/li><li>Then contact your credit card company, as it may take some time before your refund is officially posted.<\/li><li>Next, contact your bank. There is often some processing time before a refund is posted.<\/li><li>Jos olet tehnyt kaiken t\u00e4m\u00e4n, etk\u00e4 ole viel\u00e4k\u00e4\u00e4n saanut hyvityst\u00e4, ota meihin yhteytt\u00e4 osoitteeseen sales@texus.fi.<\/li><\/ul><h4 class=\"wp-block-heading\">7. Contact Us<\/h4><p>If you have any questions about our return policy, please contact us at:<\/p><ul class=\"wp-block-list\"><li><strong>E mail<\/strong>: sales@texus.fi<\/li><li><strong>Phone<\/strong>: +358442488399<\/li><\/ul><p>Thank you for shopping with us. Your satisfaction is our priority!<\/p><div>\u00a0<\/div>\t\t\t\t\t\t\t\t<\/div>\n\t\t\t\t<\/div>\n\t\t\t\t<\/div>\n\t\t\t\t\t<\/div>\n\t\t\t\t<\/div>\n\t\t\t\t<\/div>","protected":false},"excerpt":{"rendered":"<p>Palautus- ja palautusk\u00e4yt\u00e4nt\u00f6 Kiitos, ett\u00e4 teet ostoksia osoitteessa texus.fi. Olemme omistautuneet tarjoamaan ratkaisuja kaikkiin kest\u00e4vyys- ja tuotantoprosesseihinne. Jos et ole t\u00e4ysin tyytyv\u00e4inen ostoksiisi, autamme sinua palautusprosessissa. 1. Palauttaa Tukikelpoisuus: Tuotteet voidaan palauttaa 14 p\u00e4iv\u00e4n kuluessa toimituksen vastaanottamisesta. Jotta tuote voidaan palauttaa, sen on oltava k\u00e4ytt\u00e4m\u00e4t\u00f6n, samassa kunnossa kuin se on vastaanotettu ja alkuper\u00e4ispakkauksessa. Ei-palautettavat tuotteet: [&hellip;]<\/p>\n","protected":false},"author":1,"featured_media":0,"parent":0,"menu_order":0,"comment_status":"closed","ping_status":"closed","template":"","meta":{"footnotes":""},"class_list":["post-10","page","type-page","status-publish","hentry"],"_hostinger_reach_plugin_has_subscription_block":false,"_hostinger_reach_plugin_is_elementor":false,"_links":{"self":[{"href":"https:\/\/texus.fi\/en\/wp-json\/wp\/v2\/pages\/10","targetHints":{"allow":["GET"]}}],"collection":[{"href":"https:\/\/texus.fi\/en\/wp-json\/wp\/v2\/pages"}],"about":[{"href":"https:\/\/texus.fi\/en\/wp-json\/wp\/v2\/types\/page"}],"author":[{"embeddable":true,"href":"https:\/\/texus.fi\/en\/wp-json\/wp\/v2\/users\/1"}],"replies":[{"embeddable":true,"href":"https:\/\/texus.fi\/en\/wp-json\/wp\/v2\/comments?post=10"}],"version-history":[{"count":14,"href":"https:\/\/texus.fi\/en\/wp-json\/wp\/v2\/pages\/10\/revisions"}],"predecessor-version":[{"id":3437,"href":"https:\/\/texus.fi\/en\/wp-json\/wp\/v2\/pages\/10\/revisions\/3437"}],"wp:attachment":[{"href":"https:\/\/texus.fi\/en\/wp-json\/wp\/v2\/media?parent=10"}],"curies":[{"name":"wp","href":"https:\/\/api.w.org\/{rel}","templated":true}]}}