{"id":2693,"date":"2024-12-10T12:12:15","date_gmt":"2024-12-10T09:12:15","guid":{"rendered":"https:\/\/texus.fi\/about-us-2\/"},"modified":"2025-08-16T06:41:20","modified_gmt":"2025-08-16T03:41:20","slug":"about-us-2","status":"publish","type":"page","link":"https:\/\/texus.fi\/en\/about-us-2\/","title":{"rendered":"About us"},"content":{"rendered":"<div data-elementor-type=\"wp-page\" data-elementor-id=\"2693\" class=\"elementor elementor-2693\" data-elementor-post-type=\"page\">\n\t\t\t\t<div class=\"elementor-element elementor-element-22a24599 e-flex e-con-boxed e-con e-parent\" data-id=\"22a24599\" data-element_type=\"container\" data-e-type=\"container\" data-settings=\"{&quot;background_background&quot;:&quot;classic&quot;}\">\n\t\t\t\t\t<div class=\"e-con-inner\">\n\t\t<div class=\"elementor-element elementor-element-39c6f4a9 e-con-full e-flex e-con e-child\" data-id=\"39c6f4a9\" data-element_type=\"container\" data-e-type=\"container\" data-settings=\"{&quot;background_background&quot;:&quot;classic&quot;}\">\n\t\t\t\t<div class=\"elementor-element elementor-element-2499bab5 elementor-widget elementor-widget-heading\" data-id=\"2499bab5\" data-element_type=\"widget\" data-e-type=\"widget\" data-widget_type=\"heading.default\">\n\t\t\t\t<div class=\"elementor-widget-container\">\n\t\t\t\t\t<h1 class=\"elementor-heading-title elementor-size-default\">About us<\/h1>\t\t\t\t<\/div>\n\t\t\t\t<\/div>\n\t\t\t\t<div class=\"elementor-element elementor-element-445d7922 elementor-widget__width-initial elementor-widget elementor-widget-text-editor\" data-id=\"445d7922\" data-element_type=\"widget\" data-e-type=\"widget\" data-widget_type=\"text-editor.default\">\n\t\t\t\t<div class=\"elementor-widget-container\">\n\t\t\t\t\t\t\t\t\t<h4><b>Our Commitment to a Greener Future<\/b><\/h4><p>Since 2018, Texus has been a leader in transforming industrial surplus into sustainable solutions. Based in Finland, we specialize in managing idle spare parts and advancing energy recycling. Our mission is to seamlessly integrate cutting-edge, eco-friendly technology into the services we provide, creating value for our partners and the planet.<\/p><h4><b>Unlock the Value in Your Idle Assets<\/b><\/h4><p>In the competitive world of manufacturing, operational efficiency is paramount. Idle spare parts for production line machinery and robotics often represent a significant, overlooked financial liability. If your company is holding surplus components, we invite you to discover the clear financial and operational benefits of partnering with Texus.<\/p><h4><b>Why Partner with Texus?<\/b><\/h4><ul><li><p><b>Monetize Your Surplus:<\/b> We connect you with a global market of buyers, converting dormant stock into profit\u2014at no cost to you. Becoming a vendor is always free.<\/p><\/li><li><p><b>Streamlined Process:<\/b> We make it simple. We handle the logistics of finding the right buyer for your specific components, creating a win-win for everyone.<\/p><\/li><\/ul><h4><b>Innovating for a Sustainable World<\/b><\/h4><p>Texus collaborates with leading manufacturers to offer state-of-the-art sustainable technology. Our product portfolio includes high-efficiency solar panels, advanced solar tracking modules, inverters, and intelligent energy monitoring software. Each product is selected to maximize energy efficiency and minimize environmental impact.<\/p><h4><b>Strength in Partnership<\/b><\/h4><p>At Texus, we believe collaboration drives progress. Our strategic partnerships with top-tier manufacturers allow us to bring cutting-edge, reliable, and high-quality sustainable technologies to our customers. These alliances are fundamental to our mission of building a better world through innovative, eco-friendly solutions.<\/p><h4><b>Join Us in Building a Better World<\/b><\/h4><p>We invite you to join us on our journey toward a more sustainable and prosperous future. By choosing Texus, you are not only acquiring best-in-class products but also contributing to a global mission of environmental responsibility. Together, let's build a more beautiful and sustainable world.<\/p><h4 style=\"text-align: right;\"><strong>The Texus Team \u00a0<\/strong><\/h4><div><strong><a href=\"https:\/\/texus.fi\/en\/?attachment_id=3009\" rel=\"attachment wp-att-3009\"><img decoding=\"async\" class=\"alignright\" src=\"https:\/\/texus.fi\/wp-content\/uploads\/2024\/12\/Texus-Logo-son.png\" alt=\"\" width=\"181\" height=\"68\"><\/a><\/strong><\/div>\t\t\t\t\t\t\t\t<\/div>\n\t\t\t\t<\/div>\n\t\t\t\t<\/div>\n\t\t\t\t\t<\/div>\n\t\t\t\t<\/div>\n\t\t\t\t<\/div>","protected":false},"excerpt":{"rendered":"<p>Tietoa meist\u00e4 Sitoumuksemme vihre\u00e4mp\u00e4\u00e4n tulevaisuuteen Vuodesta 2018 l\u00e4htien Texus on ollut teollisuuden ylij\u00e4\u00e4m\u00e4varaston hallinnan ja energian kierr\u00e4tyksen edell\u00e4k\u00e4vij\u00e4. Toimintamme perustuu vankkumattomaan sitoutumiseemme kest\u00e4v\u00e4\u00e4n kehitykseen, ja siksi ymp\u00e4rist\u00f6yst\u00e4v\u00e4llinen teknologia on kaiken toimintamme ytimess\u00e4. Suomesta k\u00e4sin p\u00e4\u00e4tavoitteemme on integroida kest\u00e4v\u00e4n kehityksen viimeisimm\u00e4t innovaatiot osaksi palveluitamme, joita tarjoamme arvostetuille asiakkaillemme. Onko varastossanne hy\u00f6dynt\u00e4m\u00e4t\u00f6nt\u00e4 p\u00e4\u00e4omaa? Nykyp\u00e4iv\u00e4n valmistavassa teollisuudessa tehokkuus [&hellip;]<\/p>\n","protected":false},"author":1,"featured_media":0,"parent":0,"menu_order":0,"comment_status":"closed","ping_status":"closed","template":"","meta":{"footnotes":""},"class_list":["post-2693","page","type-page","status-publish","hentry"],"_hostinger_reach_plugin_has_subscription_block":false,"_hostinger_reach_plugin_is_elementor":false,"_links":{"self":[{"href":"https:\/\/texus.fi\/en\/wp-json\/wp\/v2\/pages\/2693","targetHints":{"allow":["GET"]}}],"collection":[{"href":"https:\/\/texus.fi\/en\/wp-json\/wp\/v2\/pages"}],"about":[{"href":"https:\/\/texus.fi\/en\/wp-json\/wp\/v2\/types\/page"}],"author":[{"embeddable":true,"href":"https:\/\/texus.fi\/en\/wp-json\/wp\/v2\/users\/1"}],"replies":[{"embeddable":true,"href":"https:\/\/texus.fi\/en\/wp-json\/wp\/v2\/comments?post=2693"}],"version-history":[{"count":29,"href":"https:\/\/texus.fi\/en\/wp-json\/wp\/v2\/pages\/2693\/revisions"}],"predecessor-version":[{"id":5465,"href":"https:\/\/texus.fi\/en\/wp-json\/wp\/v2\/pages\/2693\/revisions\/5465"}],"wp:attachment":[{"href":"https:\/\/texus.fi\/en\/wp-json\/wp\/v2\/media?parent=2693"}],"curies":[{"name":"wp","href":"https:\/\/api.w.org\/{rel}","templated":true}]}}