{"id":1266,"date":"2024-08-15T13:47:06","date_gmt":"2024-08-15T10:47:06","guid":{"rendered":"https:\/\/texus.fi\/?post_type=product&#038;p=1266"},"modified":"2025-03-05T14:20:02","modified_gmt":"2025-03-05T11:20:02","slug":"must-ph1100-eu-series-ac380v-5-12kw","status":"publish","type":"product","link":"https:\/\/texus.fi\/en\/must-ph1100-eu-series-ac380v-5-12kw\/","title":{"rendered":"Must &#8211; PH1100 EU Series (AC:380V 5-12KW)"},"content":{"rendered":"<h1 class=\"product_title entry-title\">PH1100 EU Series (AC:380V 5-12KW)<\/h1>\n<div class=\"woocommerce-product-details__short-description\">\n<h3><span data-sheets-root=\"1\">ON\/OFF GRID HYBRID SOLAR INVERTER 5~12KW | Three Phase | 380VAC<\/span><\/h3>\n<p><span data-sheets-root=\"1\">PH1100 EU is brand new three phase hybrid inverter with low battery voltage 48V, ensuring system safe and reliable. With compact design and high-power density, this series supports 1.3 DC\/AC ratio, saving device investment. It supports three phase unbalanced output, extending the application scenarios. Equipped with CAN port (x2) BMS and parallel, x1 RS485 port for BMS, x1 RS232 port for remotely control, x1 DRM port, which makes the system smart and flexible.<\/span><\/p>\n<ul>\n<li><span data-sheets-root=\"1\">100% unbalanced output, each phase max. output up to 50% rated power<\/span><\/li>\n<li><span data-sheets-root=\"1\">Max. 6 pcs parallel for on-grid and off-grid operation<\/span><\/li>\n<li><span data-sheets-root=\"1\">AC couple to retrofit existing solar system<\/span><\/li>\n<li><span data-sheets-root=\"1\">Support multiple batteries parallel<\/span><\/li>\n<li><span data-sheets-root=\"1\">Max. charging\/discharging current of 240A<\/span><\/li>\n<li><span data-sheets-root=\"1\">Support storing energy from diesel generator<\/span><\/li>\n<li><span data-sheets-root=\"1\">48V low voltage battery, transformer isolation design<\/span><\/li>\n<li><span data-sheets-root=\"1\">IP65 water-proof and dust-proof<\/span><\/li>\n<li><span data-sheets-root=\"1\">\u201cTime of use\u201d function: a maximum of 6 time segments can be set<\/span><\/li>\n<li><span data-sheets-root=\"1\">Wifi monitoring<\/span><\/li>\n<\/ul>\n<\/div>","protected":false},"excerpt":{"rendered":"<p>PH1100 EU Series (AC:380V 5-12KW) ON\/OFF GRID HYBRID SOLAR INVERTER 5~12KW | Kolmivaiheinen | 380VAC PH1100 EU on upouusi kolmivaiheinen hybridi-invertteri, jossa on alhainen akkuj\u00e4nnite 48V, mik\u00e4 takaa j\u00e4rjestelm\u00e4n turvallisuuden ja luotettavuuden. Kompakti muotoilu ja suuri tehotiheys, t\u00e4m\u00e4 sarja tukee 1,3 DC \/ AC-suhdetta, mik\u00e4 s\u00e4\u00e4st\u00e4\u00e4 laiteinvestointeja. Se tukee kolmivaiheista ep\u00e4tasapainotettua ulostuloa, mik\u00e4 laajentaa sovellusskenaarioita. [&hellip;]<\/p>\n","protected":false},"featured_media":1269,"comment_status":"open","ping_status":"closed","template":"","meta":[],"product_brand":[],"product_cat":[37,36,15],"product_tag":[],"class_list":{"0":"post-1266","1":"product","2":"type-product","3":"status-publish","4":"has-post-thumbnail","6":"product_cat-hybridivaihtosuuntaajat","7":"product_cat-invertterit","8":"product_cat-products","9":"pa_brands-must","11":"first","12":"outofstock","13":"taxable","14":"shipping-taxable","15":"product-type-simple"},"_links":{"self":[{"href":"https:\/\/texus.fi\/en\/wp-json\/wp\/v2\/product\/1266","targetHints":{"allow":["GET"]}}],"collection":[{"href":"https:\/\/texus.fi\/en\/wp-json\/wp\/v2\/product"}],"about":[{"href":"https:\/\/texus.fi\/en\/wp-json\/wp\/v2\/types\/product"}],"replies":[{"embeddable":true,"href":"https:\/\/texus.fi\/en\/wp-json\/wp\/v2\/comments?post=1266"}],"wp:featuredmedia":[{"embeddable":true,"href":"https:\/\/texus.fi\/en\/wp-json\/wp\/v2\/media\/1269"}],"wp:attachment":[{"href":"https:\/\/texus.fi\/en\/wp-json\/wp\/v2\/media?parent=1266"}],"wp:term":[{"taxonomy":"product_brand","embeddable":true,"href":"https:\/\/texus.fi\/en\/wp-json\/wp\/v2\/product_brand?post=1266"},{"taxonomy":"product_cat","embeddable":true,"href":"https:\/\/texus.fi\/en\/wp-json\/wp\/v2\/product_cat?post=1266"},{"taxonomy":"product_tag","embeddable":true,"href":"https:\/\/texus.fi\/en\/wp-json\/wp\/v2\/product_tag?post=1266"}],"curies":[{"name":"wp","href":"https:\/\/api.w.org\/{rel}","templated":true}]}}