{"id":1285,"date":"2024-08-19T11:02:05","date_gmt":"2024-08-19T08:02:05","guid":{"rendered":"https:\/\/texus.fi\/?post_type=product&#038;p=1285"},"modified":"2025-03-05T14:20:00","modified_gmt":"2025-03-05T11:20:00","slug":"must-lp1600-series-25-6v-100-200ah","status":"publish","type":"product","link":"https:\/\/texus.fi\/en\/must-lp1600-series-25-6v-100-200ah\/","title":{"rendered":"Must &#8211; LP1600 Series (25.6V-100\/200Ah)"},"content":{"rendered":"<h1 class=\"product_title entry-title\">LP1600 Series (25.6V-100\/200Ah)<\/h1>\n<p class=\"price\"><span data-sheets-root=\"1\">LiFePO4 Battery 2560Wh\/5120Wh<\/span><\/p>\n<div class=\"woocommerce-product-details__short-description\">\n<p><span data-sheets-root=\"1\">The LP1600 Series offers a versatile and reliable power solution. Combine up to 15 units for energy capacities ranging from 2560Wh to 10240Wh. With WiFi Remote Monitoring, stay connected and in control. Whether it\u2019s wall-mounted convenience, stacked-mounting (up to 5 units) for space efficiency, or rack-mounted for industrial power management, this series offers seamless adaptability.<\/span><\/p>\n<ul>\n<li><span data-sheets-root=\"1\">3-in-1: Wall-mounted, Stacked-mounted, Rack-mounted(optional)<\/span><\/li>\n<li><span data-sheets-root=\"1\">Large capacity, high power output<\/span><\/li>\n<li><span data-sheets-root=\"1\">Safest lithium iron phosphate battery cell with high energy density<\/span><\/li>\n<li><span data-sheets-root=\"1\">Modular design: supports up to 15 units in parallel<\/span><\/li>\n<li><span data-sheets-root=\"1\">IP21 protection for both indoor use<\/span><\/li>\n<li><span data-sheets-root=\"1\">Support CAN &amp; RS485 communication with mainstream inverters<\/span><\/li>\n<li><span data-sheets-root=\"1\">Local monitoring via LCD monitor<\/span><\/li>\n<li><span data-sheets-root=\"1\">Built-in WiFi Smart BMS Module<\/span><\/li>\n<\/ul>\n<\/div>","protected":false},"excerpt":{"rendered":"<p>LP1600 Series (25.6V-100\/200Ah) LiFePO4-akku 2560Wh\/5120Wh LP1600-sarja tarjoaa monipuolisen ja luotettavan virtaratkaisun. Yhdist\u00e4m\u00e4ll\u00e4 jopa 15 yksikk\u00f6\u00e4 saat energiakapasiteettia 2560Wh:sta 10240Wh:iin. WiFi-et\u00e4valvonnan avulla pysyt yhteydess\u00e4 ja hallinnassa. T\u00e4m\u00e4 sarja tarjoaa saumattoman mukautuvuuden, olipa kyseess\u00e4 sitten sein\u00e4asennus, pinoasennus (enint\u00e4\u00e4n 5 yksikk\u00f6\u00e4) tilank\u00e4yt\u00f6n tehostamiseksi tai r\u00e4kkiasennus teollisuuden tehonhallintaa varten. 3-in-1: Sein\u00e4asennus, pinoasennus, telineasennus (valinnainen) Suuri kapasiteetti, suuri teho Turvallisin [&hellip;]<\/p>\n","protected":false},"featured_media":1290,"comment_status":"open","ping_status":"closed","template":"","meta":[],"product_brand":[],"product_cat":[35,15],"product_tag":[],"class_list":{"0":"post-1285","1":"product","2":"type-product","3":"status-publish","4":"has-post-thumbnail","6":"product_cat-ess-ratkaisut","7":"product_cat-products","8":"pa_brands-must","10":"first","11":"outofstock","12":"taxable","13":"shipping-taxable","14":"product-type-simple"},"_links":{"self":[{"href":"https:\/\/texus.fi\/en\/wp-json\/wp\/v2\/product\/1285","targetHints":{"allow":["GET"]}}],"collection":[{"href":"https:\/\/texus.fi\/en\/wp-json\/wp\/v2\/product"}],"about":[{"href":"https:\/\/texus.fi\/en\/wp-json\/wp\/v2\/types\/product"}],"replies":[{"embeddable":true,"href":"https:\/\/texus.fi\/en\/wp-json\/wp\/v2\/comments?post=1285"}],"wp:featuredmedia":[{"embeddable":true,"href":"https:\/\/texus.fi\/en\/wp-json\/wp\/v2\/media\/1290"}],"wp:attachment":[{"href":"https:\/\/texus.fi\/en\/wp-json\/wp\/v2\/media?parent=1285"}],"wp:term":[{"taxonomy":"product_brand","embeddable":true,"href":"https:\/\/texus.fi\/en\/wp-json\/wp\/v2\/product_brand?post=1285"},{"taxonomy":"product_cat","embeddable":true,"href":"https:\/\/texus.fi\/en\/wp-json\/wp\/v2\/product_cat?post=1285"},{"taxonomy":"product_tag","embeddable":true,"href":"https:\/\/texus.fi\/en\/wp-json\/wp\/v2\/product_tag?post=1285"}],"curies":[{"name":"wp","href":"https:\/\/api.w.org\/{rel}","templated":true}]}}