{"id":1558,"date":"2024-09-02T16:11:53","date_gmt":"2024-09-02T13:11:53","guid":{"rendered":"https:\/\/texus.fi\/?post_type=product&#038;p=1558"},"modified":"2026-01-30T15:04:03","modified_gmt":"2026-01-30T12:04:03","slug":"tab-e-storage-clever-2-2-102kw-10200w","status":"publish","type":"product","link":"https:\/\/texus.fi\/en\/tab-e-storage-clever-2-2-102kw-10200w\/","title":{"rendered":"TAB E.Storage Clever 2.2 10,2kW\/10200W"},"content":{"rendered":"<h2>TAB e.storage CLEVER 2.2 &#8211; Kompakti ja tehokas energiavarasto<\/h2>\n<p><strong>TAB e.storage CLEVER 2.2<\/strong>\u00a0on monipuolinen energian varastointiratkaisu, joka tarjoaa 10,2 kWh:n kapasiteetin kompaktissa koossa. Se on suunniteltu toimimaan hybridi-invertterien kanssa, mahdollistaen energian varastoinnin ja k\u00e4yt\u00f6n my\u00f6s ilman aurinkopaneeleita.<\/p>\n<h3>\u00c4lyk\u00e4s energiank\u00e4ytt\u00f6<\/h3>\n<p>Lis\u00e4\u00e4m\u00e4ll\u00e4 j\u00e4rjestelm\u00e4\u00e4n\u00a0<a href=\"https:\/\/www.suomenakut.fi\/laturit-ja-lataustarvikkeet\/tab-e-balance-keskusyksikko-ess-jarjestelmaan-3016108\/p\/50081\/\" target=\"_blank\" rel=\"noopener\"><strong>E.balance<\/strong><\/a>-laitteen, akustoa voidaan ladata ja purkaa p\u00f6rssis\u00e4hk\u00f6n hintojen mukaan. J\u00e4rjestelm\u00e4 seuraa automaattisesti Nord Pool -s\u00e4hk\u00f6p\u00f6rssin hintoja ja optimoi toiminnan asetettujen raja-arvojen mukaisesti, jolloin k\u00e4ytt\u00e4j\u00e4 voi hy\u00f6dynt\u00e4\u00e4 edullisempia s\u00e4hk\u00f6n hintoja ja s\u00e4\u00e4st\u00e4\u00e4 kustannuksissa.<\/p>\n<h3>Modulaarinen ja joustava ratkaisu<\/h3>\n<p>J\u00e4rjestelm\u00e4n modulaarinen rakenne mahdollistaa kapasiteetin laajentamisen tarpeen mukaan. T\u00e4m\u00e4 tekee siit\u00e4 ihanteellisen niin kotitalouksille kuin yrityksille, jotka haluavat hallita energiankulutustaan tehokkaasti.<\/p>\n<h3>Keskeiset ominaisuudet<\/h3>\n<ul>\n<li>10,2 kWh:n kapasiteetti<\/li>\n<li>Yhteensopiva hybridi-invertterien kanssa<\/li>\n<li>Mahdollisuus k\u00e4ytt\u00e4\u00e4 ilman aurinkopaneeleita<\/li>\n<li>P\u00f6rssis\u00e4hk\u00f6n hintaseuranta ja automaattinen optimointi (E.balance-lis\u00e4laitteella)<\/li>\n<li>Modulaarinen laajennettavuus<\/li>\n<li>Yhteensopiva useiden invertterivalmistajien kanssa<\/li>\n<li>Made in Europe<\/li>\n<\/ul>\n<h3>Tekniset tiedot<\/h3>\n<ul>\n<li><strong>Nimellisj\u00e4nnite:<\/strong>\u00a051,2 V<\/li>\n<li><strong>Nimelliskapasiteetti:<\/strong>\u00a010 240 Wh<\/li>\n<li><strong>K\u00e4ytett\u00e4v\u00e4 kapasiteetti:<\/strong>\u00a010 000 Wh<\/li>\n<li><strong>Mitat (L x S x K):<\/strong>\u00a0530 x 495 x 476 mm<\/li>\n<li><strong>Paino:<\/strong>\u00a0111 kg<\/li>\n<li><strong>K\u00e4ytt\u00f6l\u00e4mp\u00f6tila:<\/strong>\u00a00\u201345 \u00b0C<\/li>\n<li><strong>Suojausluokka:<\/strong>\u00a0IP20<\/li>\n<li><strong>Sertifikaatit:<\/strong>\u00a0CE, IEC62619, IEC63056, UN38.3<\/li>\n<\/ul>\n<h3>More information<\/h3>\n<p>Katso lis\u00e4tietoja ja tekniset tiedot valmistajan dokumentaatiosta. TAB e.storage CLEVER 2.2 on moderni ja kustannustehokas kotiakku energian varastointiin ja optimointiin.<\/p>\n<p>Clever 2.2 kaappi sis\u00e4lt\u00e4\u00e4 2kpl\u00a0TAB L5.1 51,2V\/5kWh\u00a0akkuja ja tarvittavat kaapelit kaapin sis\u00e4ll\u00e4. Invertterille menev\u00e4t virta- ja datakaapelit tulee ostaa erikseen. Kaappiin on my\u00f6s mahdollista ostaa toinen moduuli.<\/p>\n<p><strong>Datasheet:<\/strong> <a href=\"https:\/\/texus.fi\/wp-content\/uploads\/2024\/07\/TAB_2023_e.storage_CLEVER_TDS_V1_03_2023.pdf\">TAB_2023_e.storage_CLEVER_TDS_V1_03_2023<\/a><\/p>\n<p>Tilaustuote<br \/>\nToimitusaika 2-3 viikkoa tilauksesta.<\/p>","protected":false},"excerpt":{"rendered":"<p><strong>TAB e.storage CLEVER 2.2<\/strong>\u00a0on monipuolinen energian varastointiratkaisu, joka tarjoaa 10,2 kWh:n kapasiteetin kompaktissa koossa. Se on suunniteltu toimimaan hybridi-invertterien kanssa, mahdollistaen energian varastoinnin ja k\u00e4yt\u00f6n my\u00f6s ilman aurinkopaneeleita.<\/p>\n<p>Tilaustuote<br \/>\nToimitusaika 2-3 viikkoa tilauksesta.<\/p>\n<p>&nbsp;<\/p>","protected":false},"featured_media":673,"comment_status":"open","ping_status":"closed","template":"","meta":[],"product_brand":[],"product_cat":[35,15],"product_tag":[],"class_list":{"0":"post-1558","1":"product","2":"type-product","3":"status-publish","4":"has-post-thumbnail","6":"product_cat-ess-ratkaisut","7":"product_cat-products","8":"product_shipping_class-campaign-shipping","9":"pa_brands-tab","11":"first","12":"instock","13":"taxable","14":"shipping-taxable","15":"purchasable","16":"product-type-simple"},"_links":{"self":[{"href":"https:\/\/texus.fi\/en\/wp-json\/wp\/v2\/product\/1558","targetHints":{"allow":["GET"]}}],"collection":[{"href":"https:\/\/texus.fi\/en\/wp-json\/wp\/v2\/product"}],"about":[{"href":"https:\/\/texus.fi\/en\/wp-json\/wp\/v2\/types\/product"}],"replies":[{"embeddable":true,"href":"https:\/\/texus.fi\/en\/wp-json\/wp\/v2\/comments?post=1558"}],"wp:featuredmedia":[{"embeddable":true,"href":"https:\/\/texus.fi\/en\/wp-json\/wp\/v2\/media\/673"}],"wp:attachment":[{"href":"https:\/\/texus.fi\/en\/wp-json\/wp\/v2\/media?parent=1558"}],"wp:term":[{"taxonomy":"product_brand","embeddable":true,"href":"https:\/\/texus.fi\/en\/wp-json\/wp\/v2\/product_brand?post=1558"},{"taxonomy":"product_cat","embeddable":true,"href":"https:\/\/texus.fi\/en\/wp-json\/wp\/v2\/product_cat?post=1558"},{"taxonomy":"product_tag","embeddable":true,"href":"https:\/\/texus.fi\/en\/wp-json\/wp\/v2\/product_tag?post=1558"}],"curies":[{"name":"wp","href":"https:\/\/api.w.org\/{rel}","templated":true}]}}