{"id":3499,"date":"2025-03-28T17:58:19","date_gmt":"2025-03-28T14:58:19","guid":{"rendered":"https:\/\/texus.fi\/?post_type=product&#038;p=3499"},"modified":"2025-12-03T11:28:53","modified_gmt":"2025-12-03T08:28:53","slug":"zyc-simpo-hv-22-4","status":"publish","type":"product","link":"https:\/\/texus.fi\/en\/zyc-simpo-hv-22-4\/","title":{"rendered":"ZYC &#8211; SIMPO HV 22.4"},"content":{"rendered":"<p style=\"font-weight: 400\">Langaton, ruuviton, huoleton &#8211; n\u00e4in toimii ZYCin uuden SIMPO HV -varastoj\u00e4rjestelm\u00e4n asennus. Hyv\u00e4ksi todettu pinoamiskonsepti mahdollistaa jopa 28,8 kWh:n k\u00e4ytt\u00f6kapasiteetin yksikk\u00f6\u00e4 kohden. Eik\u00e4 siin\u00e4 viel\u00e4 kaikki &#8211; jopa 8 tornia, joissa on yhteens\u00e4 230,4 kWh, voidaan kytke\u00e4 rinnakkain . Soveltamisala ulottuu siis asuinrakennuksista pieniin kaupallisiin j\u00e4rjestelmiin.<\/p>\n<p style=\"font-weight: 400\">Tuotteen edut:<\/p>\n<p style=\"font-weight: 400\">&#8211; Tehokas, kompakti pinottu rakenne<\/p>\n<p style=\"font-weight: 400\">&#8211; Kaapeli ja ruuviton rakenne<\/p>\n<p style=\"font-weight: 400\">&#8211; Jopa 8 tornia voidaan kaskadoida (230,8 kWh).<\/p>\n<p style=\"font-weight: 400\">&#8211; Sertifioitu akkujen turvallisuus VDE 2510-50:n mukaisesti.<\/p>\n<p style=\"font-weight: 400\">Tuotteen ominaisuudet Varastointi:<\/p>\n<p style=\"font-weight: 400\">&#8211; Akun kapasiteetti (k\u00e4ytt\u00f6kelpoinen): 22,4 kWh<\/p>\n<p style=\"font-weight: 400\">&#8211; Jatkoaikaikkuna: rajoittamaton<\/p>\n<p style=\"font-weight: 400\">&#8211; Solukemia: LFP<\/p>\n<p style=\"font-weight: 400\">\u2022 Interfaces: CAN 2.0A, Modbus RS485<\/p>\n<p style=\"font-weight: 400\">\u2022 System configuration: 2 - 9 storage modules<\/p>\n<p style=\"font-weight: 400\">\u2022 Cascadable: up to 8 towers in parallel<\/p>\n<p style=\"font-weight: 400\">&#8211; Nimellisj\u00e4nnite: 448 V<\/p>\n<p style=\"font-weight: 400\">\u2022 Protection class: IP65<\/p>\n<p style=\"font-weight: 400\">&#8211; Mitat: (korkeus x leveys x syvyys): 1620 x 450 x 296 mm (korkeus x leveys x syvyys)<\/p>\n<p style=\"font-weight: 400\">&#8211; Paino: BMS + pohja: 20,0 kg, 7 x s\u00e4ilytysyksikk\u00f6 36,0 kg kukin.<\/p>\n<p style=\"font-weight: 400\">&#8211; Takuu: 10 vuotta<\/p>\n<p style=\"font-weight: 400\">Toimituksen laajuus:<\/p>\n<p style=\"font-weight: 400\">&#8211; 1 x ZYC SIMPO HV HV akunhallintaj\u00e4rjestelm\u00e4 (tuote 0157730)<\/p>\n<p style=\"font-weight: 400\"><span style=\"font-weight: 400\">&#8211; 7 x ZYC SIMPO HV -varastointimoduuli (nimike 0157729).<\/span><\/p>\n<p><strong>LATAUKSET:<\/strong><\/p>\n<p><a href=\"https:\/\/texus.fi\/en\/?attachment_id=3491\" rel=\"attachment wp-att-3491\">Warranty Terms<\/a><\/p>\n<p><a href=\"https:\/\/texus.fi\/en\/?attachment_id=3490\" rel=\"attachment wp-att-3490\">Datasheet<\/a><\/p>\n<p><a href=\"https:\/\/texus.fi\/en\/?attachment_id=3489\" rel=\"attachment wp-att-3489\">Operation Manuals<\/a><\/p>\n<p><a href=\"https:\/\/texus.fi\/en\/?attachment_id=3488\" rel=\"attachment wp-att-3488\">Mounting Instructions<\/a><\/p>\n<div style=\"width: 800px;\" class=\"wp-video\"><video class=\"wp-video-shortcode\" id=\"video-3499-1\" width=\"800\" height=\"450\" preload=\"metadata\" controls=\"controls\"><source type=\"video\/mp4\" src=\"https:\/\/texus.fi\/wp-content\/uploads\/2024\/08\/video2.mp4?_=1\" \/><a href=\"https:\/\/texus.fi\/wp-content\/uploads\/2024\/08\/video2.mp4\">https:\/\/texus.fi\/wp-content\/uploads\/2024\/08\/video2.mp4<\/a><\/video><\/div>","protected":false},"excerpt":{"rendered":"<p>Langaton, ruuviton, huoleton &#8211; n\u00e4in toimii ZYCin uuden SIMPO HV -varastoj\u00e4rjestelm\u00e4n asennus. Hyv\u00e4ksi todettu pinoamiskonsepti mahdollistaa jopa 28,8 kWh:n k\u00e4ytt\u00f6kapasiteetin yksikk\u00f6\u00e4 kohden. Eik\u00e4 siin\u00e4 viel\u00e4 kaikki &#8211; jopa 8 tornia, joissa on yhteens\u00e4 230,4 kWh, voidaan kytke\u00e4 rinnakkain . Soveltamisala ulottuu siis asuinrakennuksista pieniin kaupallisiin j\u00e4rjestelmiin.<\/p>","protected":false},"featured_media":3485,"comment_status":"open","ping_status":"closed","template":"","meta":[],"product_brand":[],"product_cat":[35,15],"product_tag":[],"class_list":{"0":"post-3499","1":"product","2":"type-product","3":"status-publish","4":"has-post-thumbnail","6":"product_cat-ess-ratkaisut","7":"product_cat-products","8":"product_shipping_class-heavy-packages","9":"pa_brands-zyc","11":"first","12":"instock","13":"taxable","14":"shipping-taxable","15":"purchasable","16":"product-type-simple"},"_links":{"self":[{"href":"https:\/\/texus.fi\/en\/wp-json\/wp\/v2\/product\/3499","targetHints":{"allow":["GET"]}}],"collection":[{"href":"https:\/\/texus.fi\/en\/wp-json\/wp\/v2\/product"}],"about":[{"href":"https:\/\/texus.fi\/en\/wp-json\/wp\/v2\/types\/product"}],"replies":[{"embeddable":true,"href":"https:\/\/texus.fi\/en\/wp-json\/wp\/v2\/comments?post=3499"}],"wp:featuredmedia":[{"embeddable":true,"href":"https:\/\/texus.fi\/en\/wp-json\/wp\/v2\/media\/3485"}],"wp:attachment":[{"href":"https:\/\/texus.fi\/en\/wp-json\/wp\/v2\/media?parent=3499"}],"wp:term":[{"taxonomy":"product_brand","embeddable":true,"href":"https:\/\/texus.fi\/en\/wp-json\/wp\/v2\/product_brand?post=3499"},{"taxonomy":"product_cat","embeddable":true,"href":"https:\/\/texus.fi\/en\/wp-json\/wp\/v2\/product_cat?post=3499"},{"taxonomy":"product_tag","embeddable":true,"href":"https:\/\/texus.fi\/en\/wp-json\/wp\/v2\/product_tag?post=3499"}],"curies":[{"name":"wp","href":"https:\/\/api.w.org\/{rel}","templated":true}]}}