{"id":3635,"date":"2024-01-28T18:34:38","date_gmt":"2024-01-28T15:34:38","guid":{"rendered":"https:\/\/texus.fi\/?post_type=product&#038;p=3635"},"modified":"2025-03-05T14:22:36","modified_gmt":"2025-03-05T11:22:36","slug":"phono-solar-helios-moduuli-66-kennoa-710-730w","status":"publish","type":"product","link":"https:\/\/texus.fi\/en\/phono-solar-helios-moduuli-66-kennoa-710-730w\/","title":{"rendered":"Phono Solar &#8211; Helios Moduuli &#8211; 66 Cells &#8211;  710-730W"},"content":{"rendered":"<p style=\"font-weight: 400\">Erinomainen s\u00e4hk\u00f6ntuotannon suorituskyky<\/p>\n<p style=\"font-weight: 400\">210 mm:n kiekko SMBB-kennotekniikalla<\/p>\n<p style=\"font-weight: 400\">Jopa 95 %:n bifacialiteetti<\/p>\n<p style=\"font-weight: 400\">Kilpailukykyinen korkean l\u00e4mp\u00f6tilan suorituskyky ja parannettu l\u00e4mp\u00f6tilakerroin (-0,24 %\/\u00b0C).<\/p>\n<p style=\"font-weight: 400\">HJT-tekniikan parempi heikon valaistuksen vaste johtaa suurempaan tehontuotantoon.<\/p>\n<p style=\"font-weight: 400\">Johdonmukainen luotettavuus<\/p>\n<p style=\"font-weight: 400\">N-tyyppi, jossa on alempi LID ja LeTID.<\/p>\n<p style=\"font-weight: 400\">Teollisuuden johtava TCO-ohutkalvon kennoteknologia edist\u00e4\u00e4 erinomaista anti-PlD-ominaisuutta.<\/p>\n<p style=\"font-weight: 400\">Tiivistys PlB-pohjaisella tiivisteell\u00e4, jolla saavutetaan vahvempi vedenkest\u00e4vyys, parempi ilmanpit\u00e4vyys ja pidempi moduulin k\u00e4ytt\u00f6ik\u00e4.<\/p>\n<p style=\"font-weight: 400\">Lyhyempi takaisinmaksuaika<\/p>\n<p style=\"font-weight: 400\">Alhaisemmat BoS-kustannukset takaavat paremman LCOE:n.<\/p>\n<p style=\"font-weight: 400\">Ymp\u00e4rist\u00f6yst\u00e4v\u00e4llisempi<\/p>\n<p style=\"font-weight: 400\">Matalan l\u00e4mp\u00f6tilan hitsaustekniikka ja lyhyempi valmistusprosessi v\u00e4hent\u00e4v\u00e4t hiilidioksidip\u00e4\u00e4st\u00f6j\u00e4.<\/p>\n<p><strong>Datasheet:<\/strong><\/p>\n<p><strong><span style=\"color: #008000\"><a href=\"https:\/\/texus.fi\/en\/?attachment_id=3636\" rel=\"attachment wp-att-3636\">Helios Module<\/a><\/span><\/strong><\/p>","protected":false},"excerpt":{"rendered":"<p style=\"font-weight: 400\">Erinomainen s\u00e4hk\u00f6ntuotannon suorituskyky<\/p>\n<p style=\"font-weight: 400\">210 mm:n kiekko SMBB-kennotekniikalla<\/p>\n<p style=\"font-weight: 400\">Jopa 95 %:n bifacialiteetti<\/p>\n<p style=\"font-weight: 400\">Kilpailukykyinen korkean l\u00e4mp\u00f6tilan suorituskyky ja parannettu l\u00e4mp\u00f6tilakerroin (-0,24 %\/\u00b0C).<\/p>\n<p style=\"font-weight: 400\">HJT-tekniikan parempi heikon valaistuksen vaste johtaa suurempaan tehontuotantoon.<\/p>","protected":false},"featured_media":3637,"comment_status":"open","ping_status":"closed","template":"","meta":[],"product_brand":[],"product_cat":[27,28,15],"product_tag":[],"class_list":{"0":"post-3635","1":"product","2":"type-product","3":"status-publish","4":"has-post-thumbnail","6":"product_cat-aurinkopaneelit","7":"product_cat-bifacial","8":"product_cat-products","9":"pa_brands-phono-solar","11":"first","12":"outofstock","13":"taxable","14":"shipping-taxable","15":"product-type-simple"},"_links":{"self":[{"href":"https:\/\/texus.fi\/en\/wp-json\/wp\/v2\/product\/3635","targetHints":{"allow":["GET"]}}],"collection":[{"href":"https:\/\/texus.fi\/en\/wp-json\/wp\/v2\/product"}],"about":[{"href":"https:\/\/texus.fi\/en\/wp-json\/wp\/v2\/types\/product"}],"replies":[{"embeddable":true,"href":"https:\/\/texus.fi\/en\/wp-json\/wp\/v2\/comments?post=3635"}],"wp:featuredmedia":[{"embeddable":true,"href":"https:\/\/texus.fi\/en\/wp-json\/wp\/v2\/media\/3637"}],"wp:attachment":[{"href":"https:\/\/texus.fi\/en\/wp-json\/wp\/v2\/media?parent=3635"}],"wp:term":[{"taxonomy":"product_brand","embeddable":true,"href":"https:\/\/texus.fi\/en\/wp-json\/wp\/v2\/product_brand?post=3635"},{"taxonomy":"product_cat","embeddable":true,"href":"https:\/\/texus.fi\/en\/wp-json\/wp\/v2\/product_cat?post=3635"},{"taxonomy":"product_tag","embeddable":true,"href":"https:\/\/texus.fi\/en\/wp-json\/wp\/v2\/product_tag?post=3635"}],"curies":[{"name":"wp","href":"https:\/\/api.w.org\/{rel}","templated":true}]}}