{"id":3638,"date":"2024-01-28T18:37:20","date_gmt":"2024-01-28T15:37:20","guid":{"rendered":"https:\/\/texus.fi\/?post_type=product&#038;p=3638"},"modified":"2025-03-05T14:22:35","modified_gmt":"2025-03-05T11:22:35","slug":"phono-solar-draco-moduuli","status":"publish","type":"product","link":"https:\/\/texus.fi\/en\/phono-solar-draco-moduuli\/","title":{"rendered":"Phono Solar &#8211; Draco Moduuli"},"content":{"rendered":"<p style=\"font-weight: 400\">Poikkeuksellinen tuotteen suorituskyky<\/p>\n<p style=\"font-weight: 400\">Jopa 30 % lis\u00e4tehontuotto bifacial-teknologian ansiosta ja jopa yli 80 % kennon bifacialiteetti.<\/p>\n<p style=\"font-weight: 400\">Kilpailukykyinen korkean l\u00e4mp\u00f6tilan suorituskyky ja parannettu l\u00e4mp\u00f6tilakerroin.<\/p>\n<p style=\"font-weight: 400\">Parempi heikon valaistuksen vaste, suurempi tehontuotanto N-tyypin tekniikalla.<\/p>\n<p style=\"font-weight: 400\">Korkealaatuinen luotettavuus<\/p>\n<p style=\"font-weight: 400\">N-tyyppi, jolla on alhaisemmat LlD- ja LeTlD-arvot.<\/p>\n<p style=\"font-weight: 400\">Alan johtava solujen k\u00e4sittelytekniikka ja kaksoislasi edist\u00e4v\u00e4t erinomaista anti-PID-ominaisuutta.<\/p>\n<p style=\"font-weight: 400\">Ensimm\u00e4isen vuoden hajoaminen on alle 1,0 %, ja lineaarinen hajoaminen on 0,4 % vuodessa 30 vuoden ajan.<\/p>\n<p style=\"font-weight: 400\">Laajemmat soveltamisedellytykset<\/p>\n<p style=\"font-weight: 400\">BIPV, pystysuora asennus, lumikentt\u00e4, eritt\u00e4in kostea alue, tuulisella ja p\u00f6lyisell\u00e4 alueella<\/p>\n<p style=\"font-weight: 400\">Turvallisempi ja helpompi k\u00e4sittely kuljetuksen ja asennuksen aikana<\/p>\n<p style=\"font-weight: 400\"><strong>Datasheet:<\/strong><\/p>\n<p style=\"font-weight: 400\"><strong>48 Cells &#8211; <\/strong>Mono-L8 &#8211; 440-460W<\/p>\n<p style=\"font-weight: 400\"><strong> <a href=\"https:\/\/texus.fi\/en\/?attachment_id=3640\" rel=\"attachment wp-att-3640\">Draco Module &#8211; 48 Cells<\/a> <\/strong><\/p>\n<p style=\"font-weight: 400\"><strong>54 Cells &#8211; <\/strong>Mono-M8 &#8211; 425-445W<\/p>\n<p style=\"font-weight: 400\"><strong> <a href=\"https:\/\/texus.fi\/en\/?attachment_id=3641\" rel=\"attachment wp-att-3641\">Draco Module &#8211; 54 Cells<\/a><\/strong><\/p>\n<p style=\"font-weight: 400\"><strong>66 Cells &#8211; <\/strong>Mono-L8 &#8211; 610-630W<\/p>\n<p style=\"font-weight: 400\"><strong> <a href=\"https:\/\/texus.fi\/en\/?attachment_id=3643\" rel=\"attachment wp-att-3643\">Draco Module &#8211; 66 Cells &#8211; Mono-L8<\/a><\/strong><\/p>\n<p style=\"font-weight: 400\"><strong>66 Cells &#8211; <\/strong>Mono-M13 &#8211; 690-710W<\/p>\n<p style=\"font-weight: 400\"><strong> <a href=\"https:\/\/texus.fi\/en\/?attachment_id=3642\" rel=\"attachment wp-att-3642\">Draco Module &#8211; 66 Cells &#8211; Mono &#8211; M13<\/a><\/strong><\/p>\n<p style=\"font-weight: 400\"><strong>72 Cells &#8211; <\/strong>Mono-M8 &#8211; 575-595W<\/p>\n<p><strong><a href=\"https:\/\/texus.fi\/en\/?attachment_id=3644\" rel=\"attachment wp-att-3644\">Draco Module &#8211; 72 Cells<\/a><\/strong><\/p>\n<p>&nbsp;<\/p>","protected":false},"excerpt":{"rendered":"<p style=\"font-weight: 400\">Poikkeuksellinen tuotteen suorituskyky<\/p>\n<p style=\"font-weight: 400\">Jopa 30 % lis\u00e4tehontuotto bifacial-teknologian ansiosta ja jopa yli 80 % kennon bifacialiteetti.<\/p>\n<p style=\"font-weight: 400\">Kilpailukykyinen korkean l\u00e4mp\u00f6tilan suorituskyky ja parannettu l\u00e4mp\u00f6tilakerroin.<\/p>\n<p style=\"font-weight: 400\">Parempi heikon valaistuksen vaste, suurempi tehontuotanto N-tyypin tekniikalla.<\/p>","protected":false},"featured_media":3639,"comment_status":"open","ping_status":"closed","template":"","meta":[],"product_brand":[],"product_cat":[27,28,15],"product_tag":[],"class_list":{"0":"post-3638","1":"product","2":"type-product","3":"status-publish","4":"has-post-thumbnail","6":"product_cat-aurinkopaneelit","7":"product_cat-bifacial","8":"product_cat-products","9":"pa_brands-phono-solar","11":"first","12":"outofstock","13":"taxable","14":"shipping-taxable","15":"product-type-simple"},"_links":{"self":[{"href":"https:\/\/texus.fi\/en\/wp-json\/wp\/v2\/product\/3638","targetHints":{"allow":["GET"]}}],"collection":[{"href":"https:\/\/texus.fi\/en\/wp-json\/wp\/v2\/product"}],"about":[{"href":"https:\/\/texus.fi\/en\/wp-json\/wp\/v2\/types\/product"}],"replies":[{"embeddable":true,"href":"https:\/\/texus.fi\/en\/wp-json\/wp\/v2\/comments?post=3638"}],"wp:featuredmedia":[{"embeddable":true,"href":"https:\/\/texus.fi\/en\/wp-json\/wp\/v2\/media\/3639"}],"wp:attachment":[{"href":"https:\/\/texus.fi\/en\/wp-json\/wp\/v2\/media?parent=3638"}],"wp:term":[{"taxonomy":"product_brand","embeddable":true,"href":"https:\/\/texus.fi\/en\/wp-json\/wp\/v2\/product_brand?post=3638"},{"taxonomy":"product_cat","embeddable":true,"href":"https:\/\/texus.fi\/en\/wp-json\/wp\/v2\/product_cat?post=3638"},{"taxonomy":"product_tag","embeddable":true,"href":"https:\/\/texus.fi\/en\/wp-json\/wp\/v2\/product_tag?post=3638"}],"curies":[{"name":"wp","href":"https:\/\/api.w.org\/{rel}","templated":true}]}}