{"id":3647,"date":"2024-01-28T18:42:57","date_gmt":"2024-01-28T15:42:57","guid":{"rendered":"https:\/\/texus.fi\/?post_type=product&#038;p=3647"},"modified":"2025-03-05T14:22:33","modified_gmt":"2025-03-05T11:22:33","slug":"phono-solar-bifacial-twinplus-moduuli","status":"publish","type":"product","link":"https:\/\/texus.fi\/en\/phono-solar-bifacial-twinplus-moduuli\/","title":{"rendered":"Phono Solar &#8211; Bifacial TwinPlus Moduuli"},"content":{"rendered":"<p style=\"font-weight: 400\">Poikkeuksellinen tuotteen suorituskyky<\/p>\n<p style=\"font-weight: 400\">Jopa 25 prosentin lis\u00e4teho bifacial-tekniikan ansiosta.<\/p>\n<p style=\"font-weight: 400\">Pienempi tehoh\u00e4vi\u00f6 kennoyhteydess\u00e4 ja varjostusolosuhteissa<\/p>\n<p style=\"font-weight: 400\">Kilpailukykyinen suorituskyky korkeissa l\u00e4mp\u00f6tiloissa ja parannettu l\u00e4mp\u00f6tilakerroin<\/p>\n<p style=\"font-weight: 400\">Suurempi tehontuotanto moniv\u00e4yl\u00e4- ja puolileikkaustekniikan avulla<\/p>\n<p style=\"font-weight: 400\">Korkealaatuinen luotettavuus<\/p>\n<p style=\"font-weight: 400\">Optimoitu s\u00e4hk\u00f6suunnittelu pienent\u00e4\u00e4 kuumien pisteiden riski\u00e4 ja k\u00e4ytt\u00f6virtaa.<\/p>\n<p style=\"font-weight: 400\">Korroosionkest\u00e4vyys takaa paremman luotettavuuden vaativissa ymp\u00e4rist\u00f6iss\u00e4.<\/p>\n<p style=\"font-weight: 400\">Minimoitu mikrohalkeamien ja etanoiden j\u00e4ljen riski<\/p>\n<p style=\"font-weight: 400\">Easy Installation<\/p>\n<p style=\"font-weight: 400\">Kehyksellinen rakenne parantaa asennus- ja telineasennustavan yhteensopivuutta<\/p>\n<p style=\"font-weight: 400\">Turvallisempi ja helpompi k\u00e4sittely kuljetuksen ja asennuksen aikana<\/p>\n<p style=\"font-weight: 400\">PID-kest\u00e4v\u00e4<\/p>\n<p style=\"font-weight: 400\">POE:n ja kaksoislasin kapselointi edist\u00e4\u00e4 PID-vapaata ominaisuutta.<\/p>\n<p style=\"font-weight: 400\"><strong>Datasheet:<\/strong><\/p>\n<p style=\"font-weight: 400\"><strong>54 Cells<\/strong> &#8211; Mono-M8 &#8211; 400-420W<\/p>\n<p><a href=\"https:\/\/texus.fi\/en\/?attachment_id=3649\" rel=\"attachment wp-att-3649\">Bifacial TwinPlus Module &#8211; 54 Cells<\/a><\/p>\n<p style=\"font-weight: 400\"><strong>72 Cells<\/strong>\u00a0&#8211; Mono-M8 &#8211; 535-555W<\/p>\n<p><a href=\"https:\/\/texus.fi\/en\/?attachment_id=3651\" rel=\"attachment wp-att-3651\">Bifacial TwinPlus Module &#8211; 72 Cells &#8211; Mono-M8<\/a><\/p>\n<p style=\"font-weight: 400\"><strong>72 Cells<\/strong>\u00a0&#8211; Mono-M8(T) &#8211; 540-560W<\/p>\n<p><a href=\"https:\/\/texus.fi\/en\/?attachment_id=3650\" rel=\"attachment wp-att-3650\">Bifacial TwinPlus Module &#8211; 72 Cells &#8211; Mono-M8 (T)<\/a><\/p>","protected":false},"excerpt":{"rendered":"<p style=\"font-weight: 400\">Poikkeuksellinen tuotteen suorituskyky<\/p>\n<p style=\"font-weight: 400\">Jopa 25 prosentin lis\u00e4teho bifacial-tekniikan ansiosta.<\/p>\n<p style=\"font-weight: 400\">Pienempi tehoh\u00e4vi\u00f6 kennoyhteydess\u00e4 ja varjostusolosuhteissa<\/p>\n<p style=\"font-weight: 400\">Kilpailukykyinen suorituskyky korkeissa l\u00e4mp\u00f6tiloissa ja parannettu l\u00e4mp\u00f6tilakerroin<\/p>\n<p style=\"font-weight: 400\">Suurempi tehontuotanto moniv\u00e4yl\u00e4- ja puolileikkaustekniikan avulla<\/p>","protected":false},"featured_media":3648,"comment_status":"open","ping_status":"closed","template":"","meta":[],"product_brand":[],"product_cat":[27,28,15],"product_tag":[],"class_list":{"0":"post-3647","1":"product","2":"type-product","3":"status-publish","4":"has-post-thumbnail","6":"product_cat-aurinkopaneelit","7":"product_cat-bifacial","8":"product_cat-products","9":"pa_brands-phono-solar","11":"first","12":"outofstock","13":"taxable","14":"shipping-taxable","15":"product-type-simple"},"_links":{"self":[{"href":"https:\/\/texus.fi\/en\/wp-json\/wp\/v2\/product\/3647","targetHints":{"allow":["GET"]}}],"collection":[{"href":"https:\/\/texus.fi\/en\/wp-json\/wp\/v2\/product"}],"about":[{"href":"https:\/\/texus.fi\/en\/wp-json\/wp\/v2\/types\/product"}],"replies":[{"embeddable":true,"href":"https:\/\/texus.fi\/en\/wp-json\/wp\/v2\/comments?post=3647"}],"wp:featuredmedia":[{"embeddable":true,"href":"https:\/\/texus.fi\/en\/wp-json\/wp\/v2\/media\/3648"}],"wp:attachment":[{"href":"https:\/\/texus.fi\/en\/wp-json\/wp\/v2\/media?parent=3647"}],"wp:term":[{"taxonomy":"product_brand","embeddable":true,"href":"https:\/\/texus.fi\/en\/wp-json\/wp\/v2\/product_brand?post=3647"},{"taxonomy":"product_cat","embeddable":true,"href":"https:\/\/texus.fi\/en\/wp-json\/wp\/v2\/product_cat?post=3647"},{"taxonomy":"product_tag","embeddable":true,"href":"https:\/\/texus.fi\/en\/wp-json\/wp\/v2\/product_tag?post=3647"}],"curies":[{"name":"wp","href":"https:\/\/api.w.org\/{rel}","templated":true}]}}