{"id":3842,"date":"2024-04-28T17:33:09","date_gmt":"2024-04-28T14:33:09","guid":{"rendered":"https:\/\/texus.fi\/?post_type=product&#038;p=3842"},"modified":"2025-04-29T15:26:13","modified_gmt":"2025-04-29T12:26:13","slug":"peimar-sa500m-bf","status":"publish","type":"product","link":"https:\/\/texus.fi\/en\/peimar-sa500m-bf\/","title":{"rendered":"PEIMAR &#8211; SA500M (BF)"},"content":{"rendered":"<p>Peimar monocrystalline solar panels, produced using a combination of innovative production processes and advanced engineering techniques, provide customers with maximum output and super high performance.<br \/>\nN\u00e4in voidaan tuottaa enemm\u00e4n energiaa pienemm\u00e4ll\u00e4 m\u00e4\u00e4r\u00e4ll\u00e4 paneeleja, mik\u00e4 on ihanteellista, jos tilaa on rajoitetusti tai ymp\u00e4rist\u00f6olosuhteet ovat haastavat. Nykyaikainen muotoilu, yhteensopivat mustat kennot ja kehykset sek\u00e4 eritt\u00e4in pitk\u00e4 k\u00e4ytt\u00f6ik\u00e4 takaavat, ett\u00e4 n\u00e4m\u00e4 monokiteiset paneelit ovat erinomainen vaihtoehto.<\/p>\n<p><strong>Datasheet: <a href=\"https:\/\/texus.fi\/en\/?attachment_id=3843\" rel=\"attachment wp-att-3843\">Peimar_EN_SA500M (BF)<\/a><\/strong><\/p>","protected":false},"excerpt":{"rendered":"<p>Peimar monocrystalline solar panels, produced using a combination of innovative production processes and advanced engineering techniques, provide customers with maximum output and super high performance.<br \/>\nN\u00e4in voidaan tuottaa enemm\u00e4n energiaa pienemm\u00e4ll\u00e4 m\u00e4\u00e4r\u00e4ll\u00e4 paneeleja, mik\u00e4 on ihanteellista, jos tilaa on rajoitetusti tai ymp\u00e4rist\u00f6olosuhteet ovat haastavat. Nykyaikainen muotoilu, yhteensopivat mustat kennot ja kehykset sek\u00e4 eritt\u00e4in pitk\u00e4 k\u00e4ytt\u00f6ik\u00e4 takaavat, ett\u00e4 n\u00e4m\u00e4 monokiteiset paneelit ovat erinomainen vaihtoehto.<\/p>","protected":false},"featured_media":3838,"comment_status":"open","ping_status":"closed","template":"","meta":[],"product_brand":[],"product_cat":[27,29,15],"product_tag":[],"class_list":{"0":"post-3842","1":"product","2":"type-product","3":"status-publish","4":"has-post-thumbnail","6":"product_cat-aurinkopaneelit","7":"product_cat-monofacial","8":"product_cat-products","9":"pa_brands-peimar","11":"first","12":"onbackorder","13":"taxable","14":"shipping-taxable","15":"product-type-simple"},"_links":{"self":[{"href":"https:\/\/texus.fi\/en\/wp-json\/wp\/v2\/product\/3842","targetHints":{"allow":["GET"]}}],"collection":[{"href":"https:\/\/texus.fi\/en\/wp-json\/wp\/v2\/product"}],"about":[{"href":"https:\/\/texus.fi\/en\/wp-json\/wp\/v2\/types\/product"}],"replies":[{"embeddable":true,"href":"https:\/\/texus.fi\/en\/wp-json\/wp\/v2\/comments?post=3842"}],"wp:featuredmedia":[{"embeddable":true,"href":"https:\/\/texus.fi\/en\/wp-json\/wp\/v2\/media\/3838"}],"wp:attachment":[{"href":"https:\/\/texus.fi\/en\/wp-json\/wp\/v2\/media?parent=3842"}],"wp:term":[{"taxonomy":"product_brand","embeddable":true,"href":"https:\/\/texus.fi\/en\/wp-json\/wp\/v2\/product_brand?post=3842"},{"taxonomy":"product_cat","embeddable":true,"href":"https:\/\/texus.fi\/en\/wp-json\/wp\/v2\/product_cat?post=3842"},{"taxonomy":"product_tag","embeddable":true,"href":"https:\/\/texus.fi\/en\/wp-json\/wp\/v2\/product_tag?post=3842"}],"curies":[{"name":"wp","href":"https:\/\/api.w.org\/{rel}","templated":true}]}}