{"id":3848,"date":"2025-05-19T14:27:47","date_gmt":"2025-05-19T11:27:47","guid":{"rendered":"https:\/\/texus.fi\/?post_type=product&#038;p=3848"},"modified":"2025-05-21T11:13:29","modified_gmt":"2025-05-21T08:13:29","slug":"saj-hybrid-inverter-module-for-hs2-systems-10kw","status":"publish","type":"product","link":"https:\/\/texus.fi\/en\/saj-hybrid-inverter-module-for-hs2-systems-10kw\/","title":{"rendered":"SAJ hybridi-invertterimoduuli HS2-j\u00e4rjestelmiin 10kW"},"content":{"rendered":"<p><span style=\"font-family: -apple-system, BlinkMacSystemFont, 'Segoe UI', Roboto, 'Helvetica Neue', Arial, 'Noto Sans', sans-serif, 'Apple Color Emoji', 'Segoe UI Emoji', 'Segoe UI Symbol', 'Noto Color Emoji';\">HS2-sarja on kilpailukykyinen all-in-one-taajuusmuuttaja energiavarastoj\u00e4rjestelmien asennukseen. Akkukapasiteettia voidaan laajentaa 10 kWh:sta 25 kWh:iin. Se on eritt\u00e4in suorituskykyinen, sill\u00e4 siin\u00e4 on mahdollisuus 150 %:n ylikuormitukseen aurinkos\u00e4hk\u00f6puolella ja 110 %:n ylikuormitukseen vaihtos\u00e4hk\u00f6puolella, mik\u00e4 tukee akun nopeaa latausta ja purkausta. HS2:n maksimivirta on 16 A per merkkijono, mink\u00e4 ansiosta se sopii paremmin yhteen markkinoilla olevien suuritehoisten paneelien kanssa. Useat toimintatilat lis\u00e4\u00e4v\u00e4t energianhallinnan joustavuutta. Se tukee AFCI-, UPS- ja RSD-toimintoja, jotta loppuk\u00e4ytt\u00e4jille voidaan tarjota turvallisempi, \u00e4lykk\u00e4\u00e4mpi ja luotettavampi energiavarastointikokemus.<\/span><\/p>\n<footer class=\"footer svelte-1kyh4fl\">\n<div>\n<div class=\"footer-section svelte-1kwuhj\">\n<div class=\"toggle-container svelte-1d450ni no-border\" data-testid=\"side-panel-glossary\">\n<div><\/div>\n<div class=\"switch-content svelte-1d450ni\">T\u00e4ydelliseen HS2-j\u00e4rjestelm\u00e4\u00e4n tarvitaan:<\/div>\n<ul>\n<li class=\"switch-content svelte-1d450ni\">1 HS2-10K-T2<\/li>\n<li class=\"switch-content svelte-1d450ni\">2-5 BU2-5.0-HV5 (huomaa, ett\u00e4 tarvitaan v\u00e4hint\u00e4\u00e4n 2 akkumoduulia).<\/li>\n<li class=\"switch-content svelte-1d450ni\">1 BE2-HV1<\/li>\n<\/ul>\n<\/div>\n<\/div>\n<\/div>\n<\/footer>","protected":false},"excerpt":{"rendered":"<p>HS2-sarja on kilpailukykyinen all-in-one-taajuusmuuttaja energiavarastoj\u00e4rjestelmien asennukseen. Akkukapasiteettia voidaan laajentaa 10 kWh:sta 25 kWh:iin.<\/p>","protected":false},"featured_media":3849,"comment_status":"open","ping_status":"closed","template":"","meta":[],"product_brand":[],"product_cat":[35,15],"product_tag":[],"class_list":{"0":"post-3848","1":"product","2":"type-product","3":"status-publish","4":"has-post-thumbnail","6":"product_cat-ess-ratkaisut","7":"product_cat-products","8":"product_shipping_class-heavy-packages","9":"pa_brands-saj","11":"first","12":"instock","13":"taxable","14":"shipping-taxable","15":"purchasable","16":"product-type-simple"},"_links":{"self":[{"href":"https:\/\/texus.fi\/en\/wp-json\/wp\/v2\/product\/3848","targetHints":{"allow":["GET"]}}],"collection":[{"href":"https:\/\/texus.fi\/en\/wp-json\/wp\/v2\/product"}],"about":[{"href":"https:\/\/texus.fi\/en\/wp-json\/wp\/v2\/types\/product"}],"replies":[{"embeddable":true,"href":"https:\/\/texus.fi\/en\/wp-json\/wp\/v2\/comments?post=3848"}],"wp:featuredmedia":[{"embeddable":true,"href":"https:\/\/texus.fi\/en\/wp-json\/wp\/v2\/media\/3849"}],"wp:attachment":[{"href":"https:\/\/texus.fi\/en\/wp-json\/wp\/v2\/media?parent=3848"}],"wp:term":[{"taxonomy":"product_brand","embeddable":true,"href":"https:\/\/texus.fi\/en\/wp-json\/wp\/v2\/product_brand?post=3848"},{"taxonomy":"product_cat","embeddable":true,"href":"https:\/\/texus.fi\/en\/wp-json\/wp\/v2\/product_cat?post=3848"},{"taxonomy":"product_tag","embeddable":true,"href":"https:\/\/texus.fi\/en\/wp-json\/wp\/v2\/product_tag?post=3848"}],"curies":[{"name":"wp","href":"https:\/\/api.w.org\/{rel}","templated":true}]}}