{"id":3852,"date":"2025-05-19T15:41:39","date_gmt":"2025-05-19T12:41:39","guid":{"rendered":"https:\/\/texus.fi\/?post_type=product&#038;p=3852"},"modified":"2026-03-10T11:00:07","modified_gmt":"2026-03-10T08:00:07","slug":"saj-control-box-b2-jarjestelmille","status":"publish","type":"product","link":"https:\/\/texus.fi\/en\/saj-control-box-b2-jarjestelmille\/","title":{"rendered":"SAJ Control Box B2-j\u00e4rjestelmille"},"content":{"rendered":"<p><main class=\"main-content svelte-1kyh4fl\"><\/p>\n<div class=\"main-content svelte-1kwuhj\">\n<div class=\"content-container svelte-1kwuhj\">\n<div class=\"translator-container svelte-1o4xy6w\" data-testid=\"side-panel-translator\">\n<div class=\"output-area svelte-f1iv6z\" dir=\"ltr\" data-testid=\"side-panel-output\">\n<div id=\"main-container\">\n<div id=\"content\" class=\"shopping-layout-content\" tabindex=\"-1\">\n<div id=\"ProductDetails.Full.View\" class=\"view product-detail\" data-root-component-id=\"ProductDetails.Full.View\">\n<div class=\"product-details-full\">\n<article class=\"product-details-full-content\">\n<div class=\"product-detail-full-tab-container\">\n<div id=\"product-detail-full-tabs\" class=\"product-detail-full-tabs-body collapse in\" data-target=\"#product-detail-full-tabs\">\n<div class=\"product-detail-full-tabs-content\">\n<div id=\"tab2\" class=\"product-detail-full-tab-each PDP-tab-two\">\n<div class=\"product-info-container\">Battery Cable Kit For 3+4+5 Battery Pack (Complete Set) sis\u00e4ltyy t\u00e4h\u00e4n tuotteeseen.<\/div>\n<\/div>\n<\/div>\n<\/div>\n<\/div>\n<\/article>\n<\/div>\n<\/div>\n<\/div>\n<\/div>\n<\/div>\n<\/div>\n<\/div>\n<\/div>\n<p><\/main><\/p>","protected":false},"excerpt":{"rendered":"<div id=\"main-container\">\n<div id=\"content\" class=\"shopping-layout-content\" tabindex=\"-1\">\n<div id=\"ProductDetails.Full.View\" class=\"view product-detail\" data-root-component-id=\"ProductDetails.Full.View\">\n<div class=\"product-details-full\">\n<article class=\"product-details-full-content\">\n<div class=\"product-detail-full-tab-container\">\n<div id=\"product-detail-full-tabs\" class=\"product-detail-full-tabs-body collapse in\" data-target=\"#product-detail-full-tabs\">\n<div class=\"product-detail-full-tabs-content\">\n<div id=\"tab2\" class=\"product-detail-full-tab-each PDP-tab-two\">\n<div class=\"product-info-container\">Battery Cable Kit For 3+4+5 Battery Pack (Complete Set) sis\u00e4ltyy t\u00e4h\u00e4n tuotteeseen.<\/div>\n<\/div>\n<\/div>\n<\/div>\n<\/div>\n<\/article>\n<\/div>\n<\/div>\n<\/div>\n<\/div>","protected":false},"featured_media":3853,"comment_status":"open","ping_status":"closed","template":"","meta":[],"product_brand":[],"product_cat":[35,15],"product_tag":[],"class_list":{"0":"post-3852","1":"product","2":"type-product","3":"status-publish","4":"has-post-thumbnail","6":"product_cat-ess-ratkaisut","7":"product_cat-products","8":"product_shipping_class-heavy-packages","9":"pa_brands-saj","11":"first","12":"outofstock","13":"taxable","14":"shipping-taxable","15":"purchasable","16":"product-type-simple"},"_links":{"self":[{"href":"https:\/\/texus.fi\/en\/wp-json\/wp\/v2\/product\/3852","targetHints":{"allow":["GET"]}}],"collection":[{"href":"https:\/\/texus.fi\/en\/wp-json\/wp\/v2\/product"}],"about":[{"href":"https:\/\/texus.fi\/en\/wp-json\/wp\/v2\/types\/product"}],"replies":[{"embeddable":true,"href":"https:\/\/texus.fi\/en\/wp-json\/wp\/v2\/comments?post=3852"}],"wp:featuredmedia":[{"embeddable":true,"href":"https:\/\/texus.fi\/en\/wp-json\/wp\/v2\/media\/3853"}],"wp:attachment":[{"href":"https:\/\/texus.fi\/en\/wp-json\/wp\/v2\/media?parent=3852"}],"wp:term":[{"taxonomy":"product_brand","embeddable":true,"href":"https:\/\/texus.fi\/en\/wp-json\/wp\/v2\/product_brand?post=3852"},{"taxonomy":"product_cat","embeddable":true,"href":"https:\/\/texus.fi\/en\/wp-json\/wp\/v2\/product_cat?post=3852"},{"taxonomy":"product_tag","embeddable":true,"href":"https:\/\/texus.fi\/en\/wp-json\/wp\/v2\/product_tag?post=3852"}],"curies":[{"name":"wp","href":"https:\/\/api.w.org\/{rel}","templated":true}]}}