{"id":3896,"date":"2023-05-21T09:06:01","date_gmt":"2023-05-21T06:06:01","guid":{"rendered":"https:\/\/texus.fi\/?post_type=product&#038;p=3896"},"modified":"2025-05-21T15:56:16","modified_gmt":"2025-05-21T12:56:16","slug":"zendure-aio-pro-1200-hyper-2000-solarflow-ab1000s","status":"publish","type":"product","link":"https:\/\/texus.fi\/en\/zendure-aio-pro-1200-hyper-2000-solarflow-ab1000s\/","title":{"rendered":"Zendure AIO Pro 1200 (Hyper 2000 SolarFlow + AB1000S)"},"content":{"rendered":"<p class=\"p1\">Kompakti kokonaisratkaisu, jossa on integroitu invertteri, 1 536 Wh:n LiFePO4-akku (laajennettavissa), 1 800 W:n l\u00e4ht\u00f6teho ja jopa 1 200 W:n aurinkos\u00e4hk\u00f6teho. Ihanteellinen parvekevoimalaitoksiin, yksityiskoteihin tai varavirtal\u00e4hteeksi. Sovellusohjattu, s\u00e4\u00e4nkest\u00e4v\u00e4 (IP65) ja heti k\u00e4ytt\u00f6valmis &#8211; ilman s\u00e4hk\u00f6asentajaa.<\/p>","protected":false},"excerpt":{"rendered":"<p class=\"p1\">Kompakti kokonaisratkaisu, jossa on integroitu invertteri, 1 536 Wh:n LiFePO4-akku (laajennettavissa), 1 800 W:n l\u00e4ht\u00f6teho ja jopa 1 200 W:n aurinkos\u00e4hk\u00f6teho. Ihanteellinen parvekevoimalaitoksiin, yksityiskoteihin tai varavirtal\u00e4hteeksi. Sovellusohjattu, s\u00e4\u00e4nkest\u00e4v\u00e4 (IP65) ja heti k\u00e4ytt\u00f6valmis &#8211; ilman s\u00e4hk\u00f6asentajaa.<\/p>","protected":false},"featured_media":3897,"comment_status":"open","ping_status":"closed","template":"","meta":[],"product_brand":[],"product_cat":[35,15],"product_tag":[],"class_list":{"0":"post-3896","1":"product","2":"type-product","3":"status-publish","4":"has-post-thumbnail","6":"product_cat-ess-ratkaisut","7":"product_cat-products","8":"product_shipping_class-heavy-packages","9":"pa_brands-zendure","11":"first","12":"instock","13":"taxable","14":"shipping-taxable","15":"purchasable","16":"product-type-simple"},"_links":{"self":[{"href":"https:\/\/texus.fi\/en\/wp-json\/wp\/v2\/product\/3896","targetHints":{"allow":["GET"]}}],"collection":[{"href":"https:\/\/texus.fi\/en\/wp-json\/wp\/v2\/product"}],"about":[{"href":"https:\/\/texus.fi\/en\/wp-json\/wp\/v2\/types\/product"}],"replies":[{"embeddable":true,"href":"https:\/\/texus.fi\/en\/wp-json\/wp\/v2\/comments?post=3896"}],"wp:featuredmedia":[{"embeddable":true,"href":"https:\/\/texus.fi\/en\/wp-json\/wp\/v2\/media\/3897"}],"wp:attachment":[{"href":"https:\/\/texus.fi\/en\/wp-json\/wp\/v2\/media?parent=3896"}],"wp:term":[{"taxonomy":"product_brand","embeddable":true,"href":"https:\/\/texus.fi\/en\/wp-json\/wp\/v2\/product_brand?post=3896"},{"taxonomy":"product_cat","embeddable":true,"href":"https:\/\/texus.fi\/en\/wp-json\/wp\/v2\/product_cat?post=3896"},{"taxonomy":"product_tag","embeddable":true,"href":"https:\/\/texus.fi\/en\/wp-json\/wp\/v2\/product_tag?post=3896"}],"curies":[{"name":"wp","href":"https:\/\/api.w.org\/{rel}","templated":true}]}}