{"id":3899,"date":"2024-05-21T09:42:57","date_gmt":"2024-05-21T06:42:57","guid":{"rendered":"https:\/\/texus.fi\/?post_type=product&#038;p=3899"},"modified":"2025-05-21T16:02:57","modified_gmt":"2025-05-21T13:02:57","slug":"zendure-superbase-v4600","status":"publish","type":"product","link":"https:\/\/texus.fi\/en\/zendure-superbase-v4600\/","title":{"rendered":"Zendure SuperBase V4600"},"content":{"rendered":"<h3 class=\"p1\">4,6 &#8211; 46 kWh Kapasiteetti<\/h3>\n<p class=\"p1\">SuperBase V4600:n tallennuskapasiteetti on 4,6 kWh (4608Wh). SuperBase V4600:n maksimikokoonpanossa on kaksi perusyksikk\u00f6\u00e4 ja kahdeksan satelliittiakkua, jolloin kokonaiskapasiteetti on 46 kWh. T\u00e4m\u00e4 on tarpeeksi energiaa tavallisen kotitalouden virransy\u00f6tt\u00f6\u00f6n v\u00e4hint\u00e4\u00e4n viikoksi.<\/p>\n<h3 class=\"p1\">3800W &#8211; 7600W AC-l\u00e4ht\u00f6<\/h3>\n<p class=\"p1\">Yksitt\u00e4inen SuperBase V voi tuottaa jopa 3800 W:n tehon, ja kaksi yksikk\u00f6\u00e4 voidaan liitt\u00e4\u00e4 yhteen, jolloin teho on jopa 7600 W. T\u00e4m\u00e4 riitt\u00e4\u00e4 tavallisen kotitalouden pesukoneen, kuivausrummun, l\u00e4mmittimen, j\u00e4\u00e4kaapin ja muiden laitteiden virransy\u00f6tt\u00f6\u00f6n.<\/p>\n<h3 class=\"p1\">6600W lataus MAX<\/h3>\n<p class=\"p1\">Max 3600W AC-tulo, lataus 80 %:iin 2,2 tunnissa. Joten illallinen tai p\u00e4iv\u00e4unet voivat helposti tuoda SBV:n t\u00e4yteen tehoa.<\/p>\n<h3 class=\"p1\">Nollatyhj\u00e4k\u00e4yntiaika Online UPS<\/h3>\n<p class=\"p1\">Herk\u00e4t s\u00e4hk\u00f6laitteet voivat vioittua tai vahingoittua jopa lyhyest\u00e4 s\u00e4hk\u00f6katkoksesta. Kun valitset keskeytym\u00e4tt\u00f6m\u00e4n virtal\u00e4hteen, jokainen millisekunti on t\u00e4rke\u00e4. SuperBase V:n varavirtal\u00e4hde kytkeytyy p\u00e4\u00e4lle 0 ms:ssa, j\u00e4lleen GridFlow 2.0 Real-Time Bidirectional Inverting Technology -tekniikan ansiosta.<\/p>\n<h3 class=\"p1\">120V\/240V kaksoisj\u00e4nnite<\/h3>\n<p class=\"p1\">Jos kodissasi tai ty\u00f6maallasi on 240 V:n laitteita tai s\u00e4hk\u00f6ty\u00f6kaluja, tarvitset korkeaj\u00e4nnitteisen energiavarastoj\u00e4rjestelm\u00e4n. Vaikka muut markkinoilla olevat tuotteet voivat tuottaa 120 tai 240 V:n j\u00e4nnitett\u00e4, SuperBase V on ensimm\u00e4inen ja ainoa j\u00e4rjestelm\u00e4, joka voi tuottaa molempia samanaikaisesti yhdest\u00e4 perusyksik\u00f6st\u00e4 patentoidun GridFlow 2.0 Real-Time Bidirectional Inverting Technology -tekniikan ansiosta. T\u00e4m\u00e4 tekee my\u00f6s 240V:st\u00e4 tien p\u00e4\u00e4ll\u00e4 todellisuutta, mik\u00e4 tekee siit\u00e4 ihanteellisen ty\u00f6maakumppanin.<\/p>\n<h3 class=\"p1\">3000W Solar Input<\/h3>\n<p class=\"p1\">SuperBase V voi ladata jopa 3 000 W pelk\u00e4st\u00e4\u00e4n aurinkoenergialla. T\u00e4m\u00e4 riitt\u00e4\u00e4 lataamaan p\u00e4\u00e4yksik\u00f6n t\u00e4yteen 2-3 tunnissa. SuperBase V on yhteensopiva monien muiden valmistajien aurinkopaneelien kanssa 12V:sta 150V:iin, ja se voidaan helposti integroida olemassa olevaan aurinkoj\u00e4rjestelm\u00e4\u00e4si.<\/p>\n<h3 class=\"p1\">16 ulostuloa ja TT-30-portti<\/h3>\n<p class=\"p1\">SuperBase V, jossa on 16 ulostuloa ja kannettavan akun TT-30-portti, voi sy\u00f6tt\u00e4\u00e4 jopa 30A matkailuauton tai -vaunun 120V-laitteisiin (jopa 3600W, my\u00f6s alan nopein lataus). My\u00f6s Anderson-portti vet\u00e4\u00e4 jopa 378W max 12,6V 30A:n alla. Joten voit ladata asuntoautosi olennaiset asiat vapaasti.<\/p>\n<h3 class=\"p1\">\u00c4lyk\u00e4s energianhallinta<\/h3>\n<p class=\"p1\">Kotipaneelimme EV-pistorasioilla liitt\u00e4\u00e4 SuperBase V:n kotisi s\u00e4hk\u00f6piireihin, jotta se sy\u00f6tt\u00e4\u00e4 virtaa koko taloon. Zendure-sovellus antaa sinulle ty\u00f6kalut energiank\u00e4yt\u00f6n seurantaan, hallintaan ja mukauttamiseen. K\u00e4ytt\u00e4m\u00e4ll\u00e4 Zenduren Time of Use -ty\u00f6kaluja voit pienent\u00e4\u00e4 energialaskuasi merkitt\u00e4v\u00e4sti.<\/p>","protected":false},"excerpt":{"rendered":"<p class=\"p1\">SuperBase V, ensimm\u00e4inen plug-and-play-kotienergian varastointij\u00e4rjestelm\u00e4, joka on suunniteltu antamaan virtaa koko taloon. K\u00e4ytt\u00e4j\u00e4keskeisen suunnittelunsa ja huipputeknologiansa ansiosta SuperBase V asettaa uuden standardin mukautettavissa oleville energiaekosysteemeille. T\u00e4m\u00e4 uraauurtava ratkaisu m\u00e4\u00e4rittelee kotienergian varastoinnin uudelleen ja tarjoaa mukavuutta ja tehokkuutta ennenn\u00e4kem\u00e4tt\u00f6m\u00e4ll\u00e4 tavalla.<\/p>\n<p class=\"p1\">Sano hyv\u00e4stit monimutkaisille asennuksille ja tervehdi vaivatonta energiavarastointikokemusta. SuperBase V on eritt\u00e4in helppo asentaa, joten voit nauttia keskeytym\u00e4tt\u00f6m\u00e4n s\u00e4hk\u00f6n eduista hetkess\u00e4. Sen k\u00e4ytt\u00e4j\u00e4keskeisen suunnittelun ansiosta voit r\u00e4\u00e4t\u00e4l\u00f6id\u00e4 energiank\u00e4ytt\u00f6si yksil\u00f6llisten tarpeidesi mukaan, jolloin voit hallita energiankulutustasi. SuperBase V:n avulla voit omaksua kest\u00e4v\u00e4n el\u00e4m\u00e4ntavan ja v\u00e4hent\u00e4\u00e4 riippuvuuttasi s\u00e4hk\u00f6verkosta sek\u00e4 minimoida hiilijalanj\u00e4lkesi.<\/p>","protected":false},"featured_media":3900,"comment_status":"open","ping_status":"closed","template":"","meta":[],"product_brand":[],"product_cat":[35,15],"product_tag":[],"class_list":{"0":"post-3899","1":"product","2":"type-product","3":"status-publish","4":"has-post-thumbnail","6":"product_cat-ess-ratkaisut","7":"product_cat-products","8":"product_shipping_class-heavy-packages","9":"pa_brands-zendure","11":"first","12":"instock","13":"taxable","14":"shipping-taxable","15":"purchasable","16":"product-type-simple"},"_links":{"self":[{"href":"https:\/\/texus.fi\/en\/wp-json\/wp\/v2\/product\/3899","targetHints":{"allow":["GET"]}}],"collection":[{"href":"https:\/\/texus.fi\/en\/wp-json\/wp\/v2\/product"}],"about":[{"href":"https:\/\/texus.fi\/en\/wp-json\/wp\/v2\/types\/product"}],"replies":[{"embeddable":true,"href":"https:\/\/texus.fi\/en\/wp-json\/wp\/v2\/comments?post=3899"}],"wp:featuredmedia":[{"embeddable":true,"href":"https:\/\/texus.fi\/en\/wp-json\/wp\/v2\/media\/3900"}],"wp:attachment":[{"href":"https:\/\/texus.fi\/en\/wp-json\/wp\/v2\/media?parent=3899"}],"wp:term":[{"taxonomy":"product_brand","embeddable":true,"href":"https:\/\/texus.fi\/en\/wp-json\/wp\/v2\/product_brand?post=3899"},{"taxonomy":"product_cat","embeddable":true,"href":"https:\/\/texus.fi\/en\/wp-json\/wp\/v2\/product_cat?post=3899"},{"taxonomy":"product_tag","embeddable":true,"href":"https:\/\/texus.fi\/en\/wp-json\/wp\/v2\/product_tag?post=3899"}],"curies":[{"name":"wp","href":"https:\/\/api.w.org\/{rel}","templated":true}]}}