{"id":3907,"date":"2025-05-21T12:38:05","date_gmt":"2025-05-21T09:38:05","guid":{"rendered":"https:\/\/texus.fi\/?post_type=product&#038;p=3907"},"modified":"2025-05-21T16:01:16","modified_gmt":"2025-05-21T13:01:16","slug":"zendure-solarflow-800-pro","status":"publish","type":"product","link":"https:\/\/texus.fi\/en\/zendure-solarflow-800-pro\/","title":{"rendered":"Zendure SolarFlow 800 Pro"},"content":{"rendered":"<h3 class=\"p1\"><strong>Uusi tuote &#8211; voit ennakkotilata! &#8211; Se tulee varastoon hein\u00e4kuussa!<\/strong><\/h3>\n<p class=\"p2\">Zendure SolarFlow 800 Pro yhdist\u00e4\u00e4 800 W:n kaksisuuntaisen mikroinvertterin ja tehokkaan 1920 Wh:n LiFePO\u2084-akun kompaktissa plug-and-play-j\u00e4rjestelm\u00e4ss\u00e4. J\u00e4rjestelm\u00e4ss\u00e4 on 4 itsen\u00e4ist\u00e4 MPPT:t\u00e4, AI-ohjattu energianhallinta ja 16 V:n alkuj\u00e4nnite, joten se on ihanteellinen tehokkaaseen aurinkoenergian k\u00e4ytt\u00f6\u00f6n parvekkeilla, terasseilla tai katoilla. Se voidaan kytke\u00e4 k\u00e4tev\u00e4sti tavallisen pistorasian kautta, ja se mukautuu dynaamisesti energiantarpeesi mukaan &#8211; alle 3 sekunnissa.<\/p>\n<p class=\"p2\">Kohokohdat yhdell\u00e4 silm\u00e4yksell\u00e4<\/p>\n<p class=\"p2\">800W AC kaksisuuntainen lataus\/purku<\/p>\n<p class=\"p2\">1000W:n verkkovirtal\u00e4hde h\u00e4t\u00e4tilanteita varten<\/p>\n<p class=\"p2\">4 MPPT:t\u00e4, kukin 660W, joiden k\u00e4ynnistysj\u00e4nnite on 16V alkaen<\/p>\n<p class=\"p2\">GaN-tekniikka parantaa hy\u00f6tysuhdetta<\/p>\n<p class=\"p2\">Riippumaton BMS-moduuli akun optimoitua yll\u00e4pitoa varten<\/p>\n<p class=\"p2\">Laajennettavissa jopa 11,52 kWh:iin (enint\u00e4\u00e4n 5 AB2000X:ll\u00e4).<\/p>\n<p class=\"p2\">Teko\u00e4lyn tukema energianhallinta (ZENKI)<\/p>\n<p class=\"p2\">Nopea s\u00e4\u00e4t\u00f6 (&lt;3 sekuntia), 1 W:n tarkkuus 30 W:n kuormasta<\/p>\n<p class=\"p2\">\u00c4lyk\u00e4s ylipurkaussuoja talvik\u00e4ytt\u00f6\u00e4 varten<\/p>\n<p class=\"p2\">Yhteensopiva erilaisten \u00e4lykk\u00e4iden mittareiden kanssa<\/p>\n<p class=\"p2\">IP65 &#8211; sis\u00e4- ja ulkok\u00e4ytt\u00f6 mahdollinen<\/p>\n<p class=\"p2\">Seuranta ja ohjaus Zendure-sovelluksen kautta<\/p>\n<p class=\"p2\">Tehokas energianhallinta ZENKIn avulla<\/p>\n<p class=\"p2\">Integroitu teko\u00e4lyj\u00e4rjestelm\u00e4 ZENKI analysoi s\u00e4hk\u00f6n hintoja, s\u00e4\u00e4tietoja ja kulutustottumuksia, jotta lataus- ja purkuajat voidaan ohjata optimaalisesti. T\u00e4m\u00e4 tarkoittaa, ett\u00e4 akut ladataan, kun s\u00e4hk\u00f6n hinta on alhainen tai negatiivinen, ja puretaan, kun hinta on korkea &#8211; jopa 10 % enemm\u00e4n tehokkuutta vuodessa.<\/p>\n<p class=\"p2\">\u00c4lykk\u00e4\u00e4t toimintatilat maksimaalista riippumattomuutta varten<\/p>\n<p class=\"p2\">Normaali tila: Jatkuva virransy\u00f6tt\u00f6, esim. j\u00e4\u00e4kaappeja varten s\u00e4hk\u00f6katkoksen sattuessa.<\/p>\n<p class=\"p2\">Ekotila: Ihanteellinen jokap\u00e4iv\u00e4iseen k\u00e4ytt\u00f6\u00f6n.<\/p>\n<p class=\"p2\">Verkon ulkopuolinen tila: 1000W varavirtal\u00e4hde t\u00e4rkeille kuluttajille<\/p>\n<p class=\"p2\">Tekniset tiedot<\/p>\n<p class=\"p2\">PV-tulo<\/p>\n<p class=\"p2\">Max. PV-teho: 2640 W (4\u00d7 660 W)<\/p>\n<p class=\"p2\">J\u00e4nnite: 16-55 V DC<\/p>\n<p class=\"p2\">Max. Virta: 18 A (oikosulku 22.5 A)<\/p>\n<p class=\"p2\">AC-parametrit<\/p>\n<p class=\"p2\">Max. Teho (verkossa): 3,5 A (VERKKOVERKOSSA): 800 W \/ 3,5 A<\/p>\n<p class=\"p2\">Max. Teho (ilman verkkoa): 4,35 A<\/p>\n<p class=\"p2\">J\u00e4nnite: 230 V AC \/ 50 Hz<\/p>\n<p class=\"p2\">Akku<\/p>\n<p class=\"p2\">Kemia: LiFePO\u2084.<\/p>\n<p class=\"p2\">Kapasiteetti: 1920 Wh (48 V)<\/p>\n<p class=\"p2\">Lataus-\/purkausvirta: max. 30 A<\/p>\n<p class=\"p2\">Latausl\u00e4mp\u00f6tila: 0-55 C\u00b0<\/p>\n<p class=\"p2\">Purkausl\u00e4mp\u00f6tila: -20-55 C\u00b0<\/p>\n<p class=\"p2\">Yleisi\u00e4 tietoja<\/p>\n<p class=\"p2\">Suojausluokka: IP65<\/p>\n<p class=\"p2\">L\u00e4mp\u00f6tila-alue: -20\u00b0 C ja +55\u00b0 C v\u00e4lill\u00e4.<\/p>\n<p class=\"p2\">Mitat: \u00d7<span class=\"Apple-converted-space\">\u00a0 <\/span>226\u00d7<span class=\"Apple-converted-space\">\u00a0 <\/span>358 mm.<\/p>\n<p class=\"p2\">Paino: 25,9 kg<\/p>","protected":false},"excerpt":{"rendered":"<h3 class=\"p1\"><strong>Uusi tuote &#8211; voit ennakkotilata! &#8211; Se tulee varastoon hein\u00e4kuussa!<\/strong><\/h3>\n<p class=\"p1\">Zendure SolarFlow 800 Pro tarjoaa kompaktin, tehokkaan ja \u00e4lykk\u00e4\u00e4n kokonaisratkaisun aurinkoenergian v\u00e4livarastointiin ja optimointiin &#8211; olipa kyse sitten kotitalouksista, joissa s\u00e4hk\u00f6kustannukset nousevat, tai luotettavasta h\u00e4t\u00e4virtal\u00e4hteest\u00e4. Ihanteellinen sek\u00e4 aloittelijoille ett\u00e4 kokeneille aurinkoenergian k\u00e4ytt\u00e4jille.<\/p>","protected":false},"featured_media":3915,"comment_status":"open","ping_status":"closed","template":"","meta":[],"product_brand":[],"product_cat":[35,15],"product_tag":[],"class_list":{"0":"post-3907","1":"product","2":"type-product","3":"status-publish","4":"has-post-thumbnail","6":"product_cat-ess-ratkaisut","7":"product_cat-products","8":"product_shipping_class-heavy-packages","9":"pa_brands-zendure","11":"first","12":"onbackorder","13":"taxable","14":"shipping-taxable","15":"purchasable","16":"product-type-simple"},"_links":{"self":[{"href":"https:\/\/texus.fi\/en\/wp-json\/wp\/v2\/product\/3907","targetHints":{"allow":["GET"]}}],"collection":[{"href":"https:\/\/texus.fi\/en\/wp-json\/wp\/v2\/product"}],"about":[{"href":"https:\/\/texus.fi\/en\/wp-json\/wp\/v2\/types\/product"}],"replies":[{"embeddable":true,"href":"https:\/\/texus.fi\/en\/wp-json\/wp\/v2\/comments?post=3907"}],"wp:featuredmedia":[{"embeddable":true,"href":"https:\/\/texus.fi\/en\/wp-json\/wp\/v2\/media\/3915"}],"wp:attachment":[{"href":"https:\/\/texus.fi\/en\/wp-json\/wp\/v2\/media?parent=3907"}],"wp:term":[{"taxonomy":"product_brand","embeddable":true,"href":"https:\/\/texus.fi\/en\/wp-json\/wp\/v2\/product_brand?post=3907"},{"taxonomy":"product_cat","embeddable":true,"href":"https:\/\/texus.fi\/en\/wp-json\/wp\/v2\/product_cat?post=3907"},{"taxonomy":"product_tag","embeddable":true,"href":"https:\/\/texus.fi\/en\/wp-json\/wp\/v2\/product_tag?post=3907"}],"curies":[{"name":"wp","href":"https:\/\/api.w.org\/{rel}","templated":true}]}}