{"id":3926,"date":"2025-05-21T13:09:59","date_gmt":"2025-05-21T10:09:59","guid":{"rendered":"https:\/\/texus.fi\/?post_type=product&#038;p=3926"},"modified":"2025-05-23T11:54:16","modified_gmt":"2025-05-23T08:54:16","slug":"ab3000x-expansion-battery-for-solarflow-2400-ac","status":"publish","type":"product","link":"https:\/\/texus.fi\/en\/ab3000x-expansion-battery-for-solarflow-2400-ac\/","title":{"rendered":"Zendure &#8211; AB3000X &#8211; Laajennusakku SolarFlow 2400 AC"},"content":{"rendered":"<div id=\"Feature\">\n<div class=\"col-md-12\">\n<h3 class=\"p1\"><strong>Uusi tuote &#8211; voit ennakkotilata! &#8211; Se tulee varastoon hein\u00e4kuussa!<\/strong><\/h3>\n<p class=\"p1\">AB3000X on Zenduren SolarFlow-sarjan tehokkain laajennusakku, ja se tarjoaa luotettavan energiansaannin ymp\u00e4ri vuorokauden &#8211; my\u00f6s silloin, kun aurinko paistaa v\u00e4h\u00e4n tai y\u00f6ll\u00e4. Uusimpien turvallisuus- ja energianhallintatekniikoiden ansiosta se sopii erinomaisesti vaativiin parvekevoimalaitoksiin ja on yhteensopiva SolarFlow 2400 AC -j\u00e4rjestelm\u00e4n kanssa.<\/p>\n<p class=\"p1\">Etusi yhdell\u00e4 silm\u00e4yksell\u00e4<\/p>\n<p class=\"p1\">2880Wh kapasiteetti akkua kohti, laajennettavissa jopa 17,28kWh:iin (6 akkua).<\/p>\n<p class=\"p1\">Yhteensopiva SolarFlow 2400 AC:n kanssa<\/p>\n<p class=\"p1\">\u00c4lyk\u00e4s BMS, jossa on kattavat suojaustoiminnot<\/p>\n<p class=\"p1\">Integroitu palontorjuntaj\u00e4rjestelm\u00e4 (aerosolisammutus)<\/p>\n<p class=\"p1\">Automaattinen itsel\u00e4mmitystoiminto jopa -20\u00b0 C:een asti<\/p>\n<p class=\"p1\">Unibody-alumiinikotelo (IP65-sertifioitu)<\/p>\n<p class=\"p1\">Sovellusohjaus ja reaaliaikainen valvonta Zendure-sovelluksen kautta<\/p>\n<p class=\"p1\">Miten SolarFlow-j\u00e4rjestelm\u00e4 toimii<\/p>\n<p class=\"p1\">P\u00e4iv\u00e4n aikana aurinkos\u00e4hk\u00f6moduulien tuottama s\u00e4hk\u00f6 muunnetaan vaihtovirraksi aurinkos\u00e4hk\u00f6keskuksen kautta. AB3000X varastoi \u00e4lykk\u00e4\u00e4sti ylim\u00e4\u00e4r\u00e4isen energian my\u00f6hemp\u00e4\u00e4 k\u00e4ytt\u00f6\u00e4 varten. PV-keskitin tuottaa vakiona 600 W invertterille &#8211; tarvittaessa se on s\u00e4\u00e4dett\u00e4viss\u00e4 100-1200 W:iin. N\u00e4in katetaan luotettavasti tehon kysynt\u00e4huiput.<\/p>\n<p class=\"p1\">Y\u00f6ll\u00e4 varastoitu energia sy\u00f6tt\u00e4\u00e4 luotettavasti kotitalouslaitteita j\u00e4\u00e4kaapeista ja ilmastointilaitteista WLAN-reitittimiin ja valaistukseen &#8211; ihanteellista jatkuvaa omavaraisuutta varten.<\/p>\n<p class=\"p1\">Laaja suojaus &#8211; my\u00f6s \u00e4\u00e4rimm\u00e4isiss\u00e4 olosuhteissa<\/p>\n<p class=\"p1\">Itsel\u00e4mmitystoiminto<\/p>\n<p class=\"p1\">Aktiivinen -20\u00b0 C &#8211; varmistaa, ett\u00e4 akku pysyy aina k\u00e4ytt\u00f6valmiina my\u00f6s pakkasessa.<\/p>\n<p class=\"p1\">Integroitu sammutusj\u00e4rjestelm\u00e4<\/p>\n<p class=\"p1\">Aerosolisammutusj\u00e4rjestelm\u00e4 havaitsee palovaaran ja sammuttaa sen luotettavasti tuottamatta haitallisia kaasuja.<\/p>\n<p class=\"p1\">Syklin vakaus:<\/p>\n<p class=\"p1\">3000 sykli\u00e4 @ DOD80 %<\/p>\n<p class=\"p1\">6000 sykli\u00e4 @ DOD70 %<\/p>\n<p class=\"p1\">Suojausluokka: IP65<\/p>\n<p class=\"p1\">Paino: 26,1 kg<\/p>\n<p class=\"p1\">Mitat: 477.5 \u00d7<span class=\"Apple-converted-space\">\u00a0 <\/span>320\u00d7<span class=\"Apple-converted-space\">\u00a0 <\/span>194 mm.<\/p>\n<\/div>\n<\/div>","protected":false},"excerpt":{"rendered":"<h3 class=\"p1\"><strong>Uusi tuote &#8211; voit ennakkotilata! &#8211; Se tulee varastoon hein\u00e4kuussa!<\/strong><\/h3>\n<p>AB3000X on Zenduren SolarFlow-sarjan tehokkain laajennusakku, ja se tarjoaa luotettavan energiansaannin ymp\u00e4ri vuorokauden &#8211; my\u00f6s silloin, kun aurinko paistaa v\u00e4h\u00e4n tai y\u00f6ll\u00e4. Uusimpien turvallisuus- ja energianhallintatekniikoiden ansiosta se sopii erinomaisesti vaativiin parvekevoimalaitoksiin ja on yhteensopiva SolarFlow 2400 AC -j\u00e4rjestelm\u00e4n kanssa.<\/p>","protected":false},"featured_media":3927,"comment_status":"open","ping_status":"closed","template":"","meta":[],"product_brand":[],"product_cat":[35,15],"product_tag":[],"class_list":{"0":"post-3926","1":"product","2":"type-product","3":"status-publish","4":"has-post-thumbnail","6":"product_cat-ess-ratkaisut","7":"product_cat-products","8":"product_shipping_class-heavy-packages","9":"pa_brands-zendure","11":"first","12":"onbackorder","13":"taxable","14":"shipping-taxable","15":"purchasable","16":"product-type-simple"},"_links":{"self":[{"href":"https:\/\/texus.fi\/en\/wp-json\/wp\/v2\/product\/3926","targetHints":{"allow":["GET"]}}],"collection":[{"href":"https:\/\/texus.fi\/en\/wp-json\/wp\/v2\/product"}],"about":[{"href":"https:\/\/texus.fi\/en\/wp-json\/wp\/v2\/types\/product"}],"replies":[{"embeddable":true,"href":"https:\/\/texus.fi\/en\/wp-json\/wp\/v2\/comments?post=3926"}],"wp:featuredmedia":[{"embeddable":true,"href":"https:\/\/texus.fi\/en\/wp-json\/wp\/v2\/media\/3927"}],"wp:attachment":[{"href":"https:\/\/texus.fi\/en\/wp-json\/wp\/v2\/media?parent=3926"}],"wp:term":[{"taxonomy":"product_brand","embeddable":true,"href":"https:\/\/texus.fi\/en\/wp-json\/wp\/v2\/product_brand?post=3926"},{"taxonomy":"product_cat","embeddable":true,"href":"https:\/\/texus.fi\/en\/wp-json\/wp\/v2\/product_cat?post=3926"},{"taxonomy":"product_tag","embeddable":true,"href":"https:\/\/texus.fi\/en\/wp-json\/wp\/v2\/product_tag?post=3926"}],"curies":[{"name":"wp","href":"https:\/\/api.w.org\/{rel}","templated":true}]}}