{"id":3971,"date":"2025-05-31T05:39:01","date_gmt":"2025-05-31T02:39:01","guid":{"rendered":"https:\/\/texus.fi\/?post_type=product&#038;p=3971"},"modified":"2025-12-16T13:06:01","modified_gmt":"2025-12-16T10:06:01","slug":"ecoflow-delta-pro-lisaakku","status":"publish","type":"product","link":"https:\/\/texus.fi\/en\/ecoflow-delta-pro-lisaakku\/","title":{"rendered":"EcoFlow DELTA Pro + Lis\u00e4akku"},"content":{"rendered":"<p data-start=\"0\" data-end=\"374\"><strong>EcoFlow DELTA Pro + Lis\u00e4akku &#8211;<\/strong>\u00a0paketti jossa on virtaa kuin pieness\u00e4 pit\u00e4j\u00e4ss\u00e4. Yhdell\u00e4 lis\u00e4akulla nostat virtakapasiteetin 7200Wh saakka. Jos se ei riit\u00e4, niin j\u00e4rjestelm\u00e4\u00e4n saa kytketty\u00e4 kaksi lis\u00e4akkua joilla kokonaiskapaisiteetti nousee yli 10000 wattituntiin. T\u00e4ll\u00e4 setill\u00e4 p\u00e4rj\u00e4\u00e4t verkkovirran ulkopuolella v\u00e4hint\u00e4\u00e4nkin pitk\u00e4\u00e4n. Erinomainen valinta ammattik\u00e4ytt\u00f6\u00f6n sek\u00e4 pitemmille matkoille retkeily-\/matkailuautoon. Paketti sis\u00e4lt\u00e4\u00e4 kaiken tarvittavan jokap\u00e4iv\u00e4iseen k\u00e4ytt\u00f6\u00f6n.<\/p>\n<p>Valittavissa yhden tai kahden lis\u00e4akun paketti.<\/p>\n<p><strong>EcoFlow Delta Pro lis\u00e4akun ominaisuuksia<\/strong><br \/>\n\u2022 Laajennettava kapasiteetti &#8211; T\u00e4m\u00e4 lis\u00e4akku voidaan yhdist\u00e4\u00e4 DELTA Pro -akkuun, jolloin kokonaiskapasiteetti kaksinkertaistuu 7200Wh:iin. Yhdist\u00e4m\u00e4ll\u00e4 kaksi akkua DELTA Pro -akkuun saat huikeat 10,8 kWh, joita voit k\u00e4ytt\u00e4\u00e4 ilman verkkovirtaa.<br \/>\n\u2022 K\u00e4tev\u00e4 lataus &#8211; Lataaminen aurinkopaneeleista, verkkovirtapistokkeista, EV-latausasemista tai Smart Generator -generaattoristamme on helppoa. Kytke lis\u00e4akku DELTA Pro -akkuun, niin ne latautuvat ja purkautuvat samanaikaisesti.<br \/>\n\u2022 Enemm\u00e4n wattitunteja kotona &#8211; Lis\u00e4akku voidaan integroida kotisi johdotukseen, kun se liitet\u00e4\u00e4n DELTA Pro -j\u00e4rjestelm\u00e4\u00e4n. N\u00e4ist\u00e4 akkuyksik\u00f6ist\u00e4 tulee osa kotisi huippus\u00e4\u00e4st\u00f6- ja varavirtaratkaisuja.<br \/>\n\u2022 Valmiina h\u00e4t\u00e4tilanteisiin &#8211; T\u00e4m\u00e4 lis\u00e4akku voidaan ladata suoraan EcoFlow&#8217;n Smart Generatorista ulkona, mik\u00e4 antaa sinulle toisen vaihtoehdon virransaannille h\u00e4t\u00e4tilanteita varten.<br \/>\n\u2022 LCD-n\u00e4ytt\u00f6 &#8211; Saat kaikki samat tiedot akun prosenttim\u00e4\u00e4r\u00e4st\u00e4, j\u00e4ljell\u00e4 olevasta latausajasta, j\u00e4ljell\u00e4 olevista k\u00e4ytt\u00f6tunneista jne. Voit my\u00f6s tarkistaa akun tilan tarvittaessa mist\u00e4 tahansa et\u00e4n\u00e4 EcoFlow-sovelluksesta.<\/p>\n<p>&nbsp;<\/p>\n<p>EcoFlow Delta Pro virta-asema &#8211;\u00a0Delta sarjan lippulaiva 3600W kapasiteetillaan. Eritt\u00e4in monipuolisilla toiminnoillaan sek\u00e4 laajennusmahdollisuuksillaan t\u00e4m\u00e4 yksil\u00f6 on nykyaikaisten virta-asemien ykk\u00f6nen.<\/p>\n<p>EcoFlow Delta Pro ominaisuuksia<br \/>\n\u2022 Ensimm\u00e4inen kannettava virta-asema, joka on suunniteltu niin kotik\u00e4ytt\u00f6\u00f6n kuin matkailu-\/retkeilyauto k\u00e4ytt\u00f6\u00f6n<br \/>\n\u2022 3,6-25 kWh laajennettavissa oleva kapasiteetti<br \/>\n\u2022 3600W\u20137200W AC-l\u00e4ht\u00f6 99 %:lle laitteista<br \/>\n\u2022 Helppo ja k\u00e4tev\u00e4 liikutella rullien ansiosta<br \/>\n\u2022 Uskomaton 6500W MultiCharge, 2,7 tunnin vaihtovirtalataus<br \/>\n\u2022 Lataa asuntoautosi ja s\u00e4hk\u00f6autosi milloin tahansa ja miss\u00e4 tahansa<br \/>\n\u2022 Latausmahdollisuus tuhansilla s\u00e4hk\u00f6autoasemilla maailmanlaajuisesti<br \/>\n\u2022 Pitk\u00e4kestoinen LFP-akku tukee jopa 10 vuotta<br \/>\n\u2022 Yhdistett\u00e4viss\u00e4 EcoFlow Smart Generaattoriin<br \/>\n\u2022 Ohjattavissa EcoFlow puhelinsovelluksella<\/p>\n<p>EcoFlow Delta Pro teknisi\u00e4 tietoja<br \/>\n\u2022 Paino: 45kg<br \/>\n\u2022 Koko: 63,5 x 28,4 x 42 cm<br \/>\n\u2022 Kapasiteetti: 3600 Wh<br \/>\n\u2022 Optio lis\u00e4akulle: Tukee kahta DELTA Pro Smart Extra -akkua sek\u00e4 yht\u00e4 Smart Generaattoria<br \/>\n\u2022 AC-l\u00e4ht\u00f6: 4 pistorasiaa, 230V\/16A, yhteens\u00e4 3600W (Surge 7200W)<br \/>\n\u2022 X-Boostin tukema laitteiden enimm\u00e4isteho: 4500W<br \/>\n\u2022 USB-A-l\u00e4ht\u00f6: 2 porttia, 5V, 2,4A, 12W Max per portti<br \/>\n\u2022 USB-A-pikalataus: 2 porttia, 5V, 2.4A \/ 9V, 2A \/ 12V, 1.5A, 18W Max porttia kohden<br \/>\n\u2022 USB-C-l\u00e4ht\u00f6: 2 porttia, 5\/9\/12\/15\/20V, 5A, 100W Max porttia kohti<br \/>\n\u2022 Autolataus: 12,6 V, 10 A, 126 W Max<br \/>\n\u2022 DC5521 l\u00e4ht\u00f6: 2 porttia, 12.6V, 3A, 38W Max per portti<br \/>\n\u2022 Anderson Portti: 12,6V, 30A<br \/>\n\u2022 AC-lataustulo: Max 2900W, 230V ~ 12,5A<br \/>\n\u2022 Aurinkoenergian lataustulo: Max 1600W, 11-150V, 15A<br \/>\n\u2022 Auton lataussis\u00e4\u00e4ntulo: Tukee 12V\/24V akkua, 8A<br \/>\n\u2022 Akkutyyppi: LFP<br \/>\n\u2022 Lataussyklit: 3 500 latausta = 80 % kapasiteettiin, 6 500 latausta = 50 % kapasiteettiin<br \/>\n\u2022 Yhteys: Wi-Fi, Bluetooth, langallinen<\/p>","protected":false},"excerpt":{"rendered":"<p data-start=\"0\" data-end=\"374\"><strong>EcoFlow DELTA Pro + Lis\u00e4akku &#8211;<\/strong>\u00a0paketti jossa on virtaa kuin pieness\u00e4 pit\u00e4j\u00e4ss\u00e4. Yhdell\u00e4 lis\u00e4akulla nostat virtakapasiteetin 7200Wh saakka. Jos se ei riit\u00e4, niin j\u00e4rjestelm\u00e4\u00e4n saa kytketty\u00e4 kaksi lis\u00e4akkua joilla kokonaiskapaisiteetti nousee yli 10000 wattituntiin. T\u00e4ll\u00e4 setill\u00e4 p\u00e4rj\u00e4\u00e4t verkkovirran ulkopuolella v\u00e4hint\u00e4\u00e4nkin pitk\u00e4\u00e4n. Erinomainen valinta ammattik\u00e4ytt\u00f6\u00f6n sek\u00e4 pitemmille matkoille retkeily-\/matkailuautoon. Paketti sis\u00e4lt\u00e4\u00e4 kaiken tarvittavan jokap\u00e4iv\u00e4iseen k\u00e4ytt\u00f6\u00f6n.<\/p>\n<p>Valittavissa yhden tai kahden lis\u00e4akun paketti.<\/p>","protected":false},"featured_media":3977,"comment_status":"open","ping_status":"closed","template":"","meta":[],"product_brand":[],"product_cat":[35,121,15,34],"product_tag":[],"class_list":{"0":"post-3971","1":"product","2":"type-product","3":"status-publish","4":"has-post-thumbnail","6":"product_cat-ess-ratkaisut","7":"product_cat-muut-tuotteet","8":"product_cat-products","9":"product_cat-virta-asemat","10":"product_shipping_class-campaign-shipping","11":"pa_brands-ecoflow","13":"first","14":"outofstock","15":"taxable","16":"shipping-taxable","17":"purchasable","18":"product-type-variable"},"_links":{"self":[{"href":"https:\/\/texus.fi\/en\/wp-json\/wp\/v2\/product\/3971","targetHints":{"allow":["GET"]}}],"collection":[{"href":"https:\/\/texus.fi\/en\/wp-json\/wp\/v2\/product"}],"about":[{"href":"https:\/\/texus.fi\/en\/wp-json\/wp\/v2\/types\/product"}],"replies":[{"embeddable":true,"href":"https:\/\/texus.fi\/en\/wp-json\/wp\/v2\/comments?post=3971"}],"wp:featuredmedia":[{"embeddable":true,"href":"https:\/\/texus.fi\/en\/wp-json\/wp\/v2\/media\/3977"}],"wp:attachment":[{"href":"https:\/\/texus.fi\/en\/wp-json\/wp\/v2\/media?parent=3971"}],"wp:term":[{"taxonomy":"product_brand","embeddable":true,"href":"https:\/\/texus.fi\/en\/wp-json\/wp\/v2\/product_brand?post=3971"},{"taxonomy":"product_cat","embeddable":true,"href":"https:\/\/texus.fi\/en\/wp-json\/wp\/v2\/product_cat?post=3971"},{"taxonomy":"product_tag","embeddable":true,"href":"https:\/\/texus.fi\/en\/wp-json\/wp\/v2\/product_tag?post=3971"}],"curies":[{"name":"wp","href":"https:\/\/api.w.org\/{rel}","templated":true}]}}