{"id":3995,"date":"2025-05-31T11:05:01","date_gmt":"2025-05-31T08:05:01","guid":{"rendered":"https:\/\/texus.fi\/?post_type=product&#038;p=3995"},"modified":"2026-03-22T13:49:32","modified_gmt":"2026-03-22T10:49:32","slug":"ecoflow-delta-pro-400w-aurinkopaneeli-lisaakku","status":"publish","type":"product","link":"https:\/\/texus.fi\/en\/ecoflow-delta-pro-400w-aurinkopaneeli-lisaakku\/","title":{"rendered":"EcoFlow DELTA Pro + 400W Aurinkopaneeli + Lis\u00e4akku"},"content":{"rendered":"<p><strong>EcoFlow DELTA Pro\u00a0<\/strong><strong>+ 2kpl 400W Aurinkopaneeli + 1kpl Delta Pro Lis\u00e4akku &#8211;\u00a0<\/strong>valmiiksi r\u00e4\u00e4t\u00e4l\u00f6ity paketti joka sis\u00e4lt\u00e4\u00e4 kaiken tarpeellisen ammattik\u00e4yt\u00f6st\u00e4 pitempiin reissuihin. Lis\u00e4akulla kasvatat EcoFlow Delta Pron virtakapasiteetin 7200Wh saakka. Koko pakettia lataat k\u00e4tev\u00e4sti kahdella 400W aurinkopaneelilla, mik\u00e4li verkkovirtaa ei ole saatavilla tai haluat el\u00e4\u00e4 ekologisesti s\u00e4\u00e4st\u00e4en s\u00e4hk\u00f6laskussa. Paketti sis\u00e4lt\u00e4\u00e4 kaiken tarvittavan jokap\u00e4iv\u00e4iseen k\u00e4ytt\u00f6\u00f6n.<\/p>\n<p><strong>Valittavissa olevat aurinkopaneeli paketit<\/strong><br \/>\n\u2022 +2kpl 400w aurinkopaneeli<br \/>\n\u2022\u00a0+4kpl 400w aurinkopaneeli<br \/>\n<strong><br \/>\nEcoFlow 400W aurinkopaneelin ominaisuuksia<\/strong><br \/>\n\u2022\u00a0Pikalataus &#8211; Korkealla, jopa 23 %:n hy\u00f6tysuhteella 400 W:n paneeli lataa LFP-akut nopeammin kuin vastaavankokoiset aurinkopaneelit.<br \/>\n\u2022\u00a0S\u00e4\u00e4nkest\u00e4v\u00e4 ja kest\u00e4v\u00e4 &#8211; Paneeli tasapainottaa muotoilun ja kest\u00e4vien materiaalien kanssa, mik\u00e4 mahdollistaa paneelin kest\u00e4vyyden kaikissa myrskyiss\u00e4 ja tarjoaa samalla erinomaisen suorituskyvyn ja esteettisen ilmeen vuosia.<br \/>\n\u2022 Off &amp; On-grid -ratkaisu &#8211;\u00a0T\u00e4m\u00e4 suuritehoinen paneeli toimii sek\u00e4 verkkoon, ett\u00e4 verkkoon liitetyiss\u00e4 aurinkos\u00e4hk\u00f6j\u00e4rjestelmiss\u00e4, varastoimalla energiaa katkosten varalta, v\u00e4hent\u00e4m\u00e4ll\u00e4 s\u00e4hk\u00f6laskuja tai sy\u00f6tt\u00e4m\u00e4ll\u00e4 s\u00e4hk\u00f6\u00e4 esimerkiksi retkeily- ja matkailuautojen s\u00e4hk\u00f6j\u00e4rjestelmiin.<br \/>\n\u2022 Universaali yhteensopivuus &#8211;\u00a0400 W aurinkopaneeli sis\u00e4lt\u00e4\u00e4 300 mm:n latauskaapelin, joka antaa sinulle runsaasti tilaa ja maksimoi aurinkosy\u00f6t\u00f6n. Yleismallisilla liittimill\u00e4 varustettu 400 W:n paneeli toimii muiden aurinkoj\u00e4rjestelmien ja voimaloiden kanssa.<\/p>\n<p><strong>EcoFlow 400W aurinkopaneelin teknisi\u00e4 tietoja<\/strong><br \/>\n\u2022\u00a0Koko (cm) 172,2 \u00d7 113,4 \u00d7 3,5<br \/>\n\u2022\u00a0Hy\u00f6tysuhde 23 %<br \/>\n\u2022\u00a0Solutyyppi Yksikiteinen<br \/>\n\u2022\u00a0Nimellisteho 400W<br \/>\n\u2022\u00a0Paino 21,8 kg<\/p>\n<p><strong>EcoFlow Delta Pro lis\u00e4akun ominaisuuksia<\/strong><br \/>\n\u2022 Laajennettava kapasiteetti &#8211; T\u00e4m\u00e4 lis\u00e4akku voidaan yhdist\u00e4\u00e4 DELTA Pro -akkuun, jolloin kokonaiskapasiteetti kaksinkertaistuu 7200Wh:iin. Yhdist\u00e4m\u00e4ll\u00e4 kaksi akkua DELTA Pro -akkuun saat huikeat 10,8 kWh, joita voit k\u00e4ytt\u00e4\u00e4 ilman verkkovirtaa.<br \/>\n\u2022 K\u00e4tev\u00e4 lataus &#8211; Lataaminen aurinkopaneeleista, verkkovirtapistokkeista, EV-latausasemista tai Smart Generator -generaattoristamme on helppoa. Kytke lis\u00e4akku DELTA Pro -akkuun, niin ne latautuvat ja purkautuvat samanaikaisesti.<br \/>\n\u2022 Enemm\u00e4n wattitunteja kotona &#8211; Lis\u00e4akku voidaan integroida kotisi johdotukseen, kun se liitet\u00e4\u00e4n DELTA Pro -j\u00e4rjestelm\u00e4\u00e4n. N\u00e4ist\u00e4 akkuyksik\u00f6ist\u00e4 tulee osa kotisi huippus\u00e4\u00e4st\u00f6- ja varavirtaratkaisuja.<br \/>\n\u2022 Valmiina h\u00e4t\u00e4tilanteisiin &#8211; T\u00e4m\u00e4 lis\u00e4akku voidaan ladata suoraan EcoFlow&#8217;n Smart Generatorista ulkona, mik\u00e4 antaa sinulle toisen vaihtoehdon virransaannille h\u00e4t\u00e4tilanteita varten.<br \/>\n\u2022 LCD-n\u00e4ytt\u00f6 &#8211; Saat kaikki samat tiedot akun prosenttim\u00e4\u00e4r\u00e4st\u00e4, j\u00e4ljell\u00e4 olevasta latausajasta, j\u00e4ljell\u00e4 olevista k\u00e4ytt\u00f6tunneista jne. Voit my\u00f6s tarkistaa akun tilan tarvittaessa mist\u00e4 tahansa et\u00e4n\u00e4 EcoFlow-sovelluksesta.<br \/>\n<strong><br \/>\nEcoFlow Delta Pro virta-asema &#8211;\u00a0<\/strong>Delta sarjan lippulaiva 3600W kapasiteetillaan. Eritt\u00e4in monipuolisilla toiminnoillaan sek\u00e4 laajennusmahdollisuuksillaan t\u00e4m\u00e4 yksil\u00f6 on nykyaikaisten virta-asemien ykk\u00f6nen.<\/p>\n<p>EcoFlow Delta Pro ominaisuuksia<br \/>\n\u2022 Ensimm\u00e4inen kannettava virta-asema, joka on suunniteltu niin kotik\u00e4ytt\u00f6\u00f6n kuin matkailu-\/retkeilyauto k\u00e4ytt\u00f6\u00f6n<br \/>\n\u2022 3,6-25 kWh laajennettavissa oleva kapasiteetti<br \/>\n\u2022 3600W\u20137200W AC-l\u00e4ht\u00f6 99 %:lle laitteista<br \/>\n\u2022 Helppo ja k\u00e4tev\u00e4 liikutella rullien ansiosta<br \/>\n\u2022 Uskomaton 6500W MultiCharge, 2,7 tunnin vaihtovirtalataus<br \/>\n\u2022 Lataa asuntoautosi ja s\u00e4hk\u00f6autosi milloin tahansa ja miss\u00e4 tahansa<br \/>\n\u2022 Latausmahdollisuus tuhansilla s\u00e4hk\u00f6autoasemilla maailmanlaajuisesti<br \/>\n\u2022 Pitk\u00e4kestoinen LFP-akku tukee jopa 10 vuotta<br \/>\n\u2022 Yhdistett\u00e4viss\u00e4 EcoFlow Smart Generaattoriin<br \/>\n\u2022 Ohjattavissa EcoFlow puhelinsovelluksella<\/p>\n<p>EcoFlow Delta Pro teknisi\u00e4 tietoja<br \/>\n\u2022 Paino: 45kg<br \/>\n\u2022 Koko: 63,5 x 28,4 x 42 cm<br \/>\n\u2022 Kapasiteetti: 3600 Wh<br \/>\n\u2022 Optio lis\u00e4akulle: Tukee kahta DELTA Pro Smart Extra -akkua sek\u00e4 yht\u00e4 Smart Generaattoria<br \/>\n\u2022 AC-l\u00e4ht\u00f6: 4 pistorasiaa, 230V\/16A, yhteens\u00e4 3600W (Surge 7200W)<br \/>\n\u2022 X-Boostin tukema laitteiden enimm\u00e4isteho: 4500W<br \/>\n\u2022 USB-A-l\u00e4ht\u00f6: 2 porttia, 5V, 2,4A, 12W Max per portti<br \/>\n\u2022 USB-A-pikalataus: 2 porttia, 5V, 2.4A \/ 9V, 2A \/ 12V, 1.5A, 18W Max porttia kohden<br \/>\n\u2022 USB-C-l\u00e4ht\u00f6: 2 porttia, 5\/9\/12\/15\/20V, 5A, 100W Max porttia kohti<br \/>\n\u2022 Autolataus: 12,6 V, 10 A, 126 W Max<br \/>\n\u2022 DC5521 l\u00e4ht\u00f6: 2 porttia, 12.6V, 3A, 38W Max per portti<br \/>\n\u2022 Anderson Portti: 12,6V, 30A<br \/>\n\u2022 AC-lataustulo: Max 2900W, 230V ~ 12,5A<br \/>\n\u2022 Aurinkoenergian lataustulo: Max 1600W, 11-150V, 15A<br \/>\n\u2022 Auton lataussis\u00e4\u00e4ntulo: Tukee 12V\/24V akkua, 8A<br \/>\n\u2022 Akkutyyppi: LFP<br \/>\n\u2022 Lataussyklit: 3 500 latausta = 80 % kapasiteettiin, 6 500 latausta = 50 % kapasiteettiin<br \/>\n\u2022 Yhteys: Wi-Fi, Bluetooth, langallinen<\/p>","protected":false},"excerpt":{"rendered":"<p data-start=\"0\" data-end=\"374\"><strong>EcoFlow DELTA Pro\u00a0<\/strong><strong>+ 2kpl 400W Aurinkopaneeli + 1kpl Delta Pro Lis\u00e4akku &#8211;\u00a0<\/strong>valmiiksi r\u00e4\u00e4t\u00e4l\u00f6ity paketti joka sis\u00e4lt\u00e4\u00e4 kaiken tarpeellisen ammattik\u00e4yt\u00f6st\u00e4 pitempiin reissuihin. Lis\u00e4akulla kasvatat EcoFlow Delta Pron virtakapasiteetin 7200Wh saakka. Koko pakettia lataat k\u00e4tev\u00e4sti kahdella 400W aurinkopaneelilla, mik\u00e4li verkkovirtaa ei ole saatavilla tai haluat el\u00e4\u00e4 ekologisesti s\u00e4\u00e4st\u00e4en s\u00e4hk\u00f6laskussa. Paketti sis\u00e4lt\u00e4\u00e4 kaiken tarvittavan jokap\u00e4iv\u00e4iseen k\u00e4ytt\u00f6\u00f6n.<\/p>\n<p><strong>Valittavissa olevat aurinkopaneeli paketit<\/strong><br \/>\n\u2022 +2kpl 400w aurinkopaneeli<br \/>\n\u2022\u00a0+4kpl 400w aurinkopaneeli<\/p>","protected":false},"featured_media":4002,"comment_status":"open","ping_status":"closed","template":"","meta":[],"product_brand":[],"product_cat":[35,121,15,34],"product_tag":[],"class_list":{"0":"post-3995","1":"product","2":"type-product","3":"status-publish","4":"has-post-thumbnail","6":"product_cat-ess-ratkaisut","7":"product_cat-muut-tuotteet","8":"product_cat-products","9":"product_cat-virta-asemat","10":"product_shipping_class-campaign-shipping","11":"pa_brands-ecoflow","13":"first","14":"instock","15":"taxable","16":"shipping-taxable","17":"purchasable","18":"product-type-variable"},"_links":{"self":[{"href":"https:\/\/texus.fi\/en\/wp-json\/wp\/v2\/product\/3995","targetHints":{"allow":["GET"]}}],"collection":[{"href":"https:\/\/texus.fi\/en\/wp-json\/wp\/v2\/product"}],"about":[{"href":"https:\/\/texus.fi\/en\/wp-json\/wp\/v2\/types\/product"}],"replies":[{"embeddable":true,"href":"https:\/\/texus.fi\/en\/wp-json\/wp\/v2\/comments?post=3995"}],"wp:featuredmedia":[{"embeddable":true,"href":"https:\/\/texus.fi\/en\/wp-json\/wp\/v2\/media\/4002"}],"wp:attachment":[{"href":"https:\/\/texus.fi\/en\/wp-json\/wp\/v2\/media?parent=3995"}],"wp:term":[{"taxonomy":"product_brand","embeddable":true,"href":"https:\/\/texus.fi\/en\/wp-json\/wp\/v2\/product_brand?post=3995"},{"taxonomy":"product_cat","embeddable":true,"href":"https:\/\/texus.fi\/en\/wp-json\/wp\/v2\/product_cat?post=3995"},{"taxonomy":"product_tag","embeddable":true,"href":"https:\/\/texus.fi\/en\/wp-json\/wp\/v2\/product_tag?post=3995"}],"curies":[{"name":"wp","href":"https:\/\/api.w.org\/{rel}","templated":true}]}}