{"id":4044,"date":"2025-05-31T12:59:54","date_gmt":"2025-05-31T09:59:54","guid":{"rendered":"https:\/\/texus.fi\/?post_type=product&#038;p=4044"},"modified":"2026-03-22T13:48:30","modified_gmt":"2026-03-22T10:48:30","slug":"ecoflow-delta-pro-3-smart-extra-battery","status":"publish","type":"product","link":"https:\/\/texus.fi\/en\/ecoflow-delta-pro-3-smart-extra-battery\/","title":{"rendered":"EcoFlow DELTA Pro 3 Smart Extra Battery"},"content":{"rendered":"<p>EcoFlow DELTA Pro 3 Smart Extra Battery on suunniteltu laajentamaan DELTA Pro 3 -kannettavan voimalaitoksen kapasiteettia, tarjoten lis\u00e4\u00e4 energiaa pidemp\u00e4\u00e4n k\u00e4ytt\u00f6\u00f6n.<\/p>\n<p><strong>Keskeiset ominaisuudet:<\/strong><\/p>\n<ul>\n<li><strong>Laajennettava kapasiteetti:<\/strong>\u00a0Mahdollistaa j\u00e4rjestelm\u00e4n kapasiteetin kasvattamisen jopa 12 kWh:iin, mik\u00e4 tarjoaa enemm\u00e4n energiaa pidempiin k\u00e4ytt\u00f6jaksoihin.<\/li>\n<li><strong>Pitk\u00e4ik\u00e4inen akku:<\/strong>\u00a0LFP-akkuteknologian ansiosta akku kest\u00e4\u00e4 jopa 4000 lataussykli\u00e4 s\u00e4ilytt\u00e4en 80 % alkuper\u00e4isest\u00e4 kapasiteetistaan, mik\u00e4 takaa pitk\u00e4aikaisen ja luotettavan suorituskyvyn.<\/li>\n<li><strong>Helppok\u00e4ytt\u00f6isyys:<\/strong>\u00a0Plug-and-play-muotoilun ansiosta lis\u00e4akun liitt\u00e4minen DELTA Pro 3 -voimalaitokseen on yksinkertaista ja vaivatonta.<\/li>\n<\/ul>\n<p>EcoFlow DELTA Pro 3 Smart Extra Battery on ihanteellinen ratkaisu niille, jotka tarvitsevat lis\u00e4\u00e4 energiaa pidempiin k\u00e4ytt\u00f6jaksoihin, olipa kyseess\u00e4 sitten kotivara, ulkoilma-aktiviteetit tai h\u00e4t\u00e4tilanteet. Sen laajennettavuus ja kest\u00e4vyys tekev\u00e4t siit\u00e4 luotettavan kumppanin kaikkiin energiatarpeisiin.<\/p>\n<h3><strong><br \/>\nTekniset tiedot \u2013 EcoFlow DELTA Pro 3 Smart Extra Battery<\/strong><\/h3>\n<h4><strong>Kapasiteetti<\/strong><\/h4>\n<ul>\n<li>4096 Wh<\/li>\n<\/ul>\n<h4><strong>L\u00e4ht\u00f6liit\u00e4nt\u00e4<\/strong><\/h4>\n<ul>\n<li>40V\u201358.4V, 100A max<\/li>\n<\/ul>\n<h4><strong>Weight<\/strong><\/h4>\n<ul>\n<li>33 kg<\/li>\n<\/ul>\n<h4><strong>Compatibility<\/strong><\/h4>\n<ul>\n<li><strong>EcoFlow DELTA Pro 3<\/strong><\/li>\n<\/ul>\n<h4><strong>Purkul\u00e4mp\u00f6tila<\/strong><\/h4>\n<ul>\n<li>-10\u00b0C ~ 45\u00b0C<\/li>\n<\/ul>\n<h4><strong>Storage temperature<\/strong><\/h4>\n<ul>\n<li>-10\u00b0C ~ 45\u00b0C<\/li>\n<\/ul>\n<h4><strong>Tuloliit\u00e4nt\u00e4<\/strong><\/h4>\n<ul>\n<li>40V\u201358.4V, 80A max<\/li>\n<\/ul>\n<h4><strong>Dimensions<\/strong><\/h4>\n<ul>\n<li>694 mm \u00d7 295 mm \u00d7 215 mm<\/li>\n<\/ul>\n<h4><strong>N\u00e4ytt\u00f6<\/strong><\/h4>\n<ul>\n<li>LED-n\u00e4ytt\u00f6<\/li>\n<\/ul>\n<h3><strong>Pakkauksen sis\u00e4lt\u00f6<\/strong><\/h3>\n<ol>\n<li>EcoFlow DELTA Pro 3 Smart Extra Battery<\/li>\n<li>Pika-aloitusopas<\/li>\n<li>Turvaohjeet<\/li>\n<li>Takuukortti<\/li>\n<li>EcoFlow lis\u00e4akun kaapeli<\/li>\n<\/ol>","protected":false},"excerpt":{"rendered":"<p>EcoFlow DELTA Pro 3 Smart Extra Battery on suunniteltu laajentamaan DELTA Pro 3 -kannettavan voimalaitoksen kapasiteettia, tarjoten lis\u00e4\u00e4 energiaa pidemp\u00e4\u00e4n k\u00e4ytt\u00f6\u00f6n.<\/p>\n<p><strong>Keskeiset ominaisuudet:<\/strong><\/p>\n<ul>\n<li><strong>Laajennettava kapasiteetti:<\/strong>\u00a0Mahdollistaa j\u00e4rjestelm\u00e4n kapasiteetin kasvattamisen jopa 12 kWh:iin, mik\u00e4 tarjoaa enemm\u00e4n energiaa pidempiin k\u00e4ytt\u00f6jaksoihin.<\/li>\n<li><strong>Pitk\u00e4ik\u00e4inen akku:<\/strong>\u00a0LFP-akkuteknologian ansiosta akku kest\u00e4\u00e4 jopa 4000 lataussykli\u00e4 s\u00e4ilytt\u00e4en 80 % alkuper\u00e4isest\u00e4 kapasiteetistaan, mik\u00e4 takaa pitk\u00e4aikaisen ja luotettavan suorituskyvyn.<\/li>\n<li><strong>Helppok\u00e4ytt\u00f6isyys:<\/strong>\u00a0Plug-and-play-muotoilun ansiosta lis\u00e4akun liitt\u00e4minen DELTA Pro 3 -voimalaitokseen on yksinkertaista ja vaivatonta.<\/li>\n<\/ul>","protected":false},"featured_media":4050,"comment_status":"open","ping_status":"closed","template":"","meta":[],"product_brand":[],"product_cat":[35,121,15,34],"product_tag":[],"class_list":{"0":"post-4044","1":"product","2":"type-product","3":"status-publish","4":"has-post-thumbnail","6":"product_cat-ess-ratkaisut","7":"product_cat-muut-tuotteet","8":"product_cat-products","9":"product_cat-virta-asemat","10":"product_shipping_class-campaign-shipping","11":"pa_brands-ecoflow","13":"first","14":"instock","15":"taxable","16":"shipping-taxable","17":"purchasable","18":"product-type-simple"},"_links":{"self":[{"href":"https:\/\/texus.fi\/en\/wp-json\/wp\/v2\/product\/4044","targetHints":{"allow":["GET"]}}],"collection":[{"href":"https:\/\/texus.fi\/en\/wp-json\/wp\/v2\/product"}],"about":[{"href":"https:\/\/texus.fi\/en\/wp-json\/wp\/v2\/types\/product"}],"replies":[{"embeddable":true,"href":"https:\/\/texus.fi\/en\/wp-json\/wp\/v2\/comments?post=4044"}],"wp:featuredmedia":[{"embeddable":true,"href":"https:\/\/texus.fi\/en\/wp-json\/wp\/v2\/media\/4050"}],"wp:attachment":[{"href":"https:\/\/texus.fi\/en\/wp-json\/wp\/v2\/media?parent=4044"}],"wp:term":[{"taxonomy":"product_brand","embeddable":true,"href":"https:\/\/texus.fi\/en\/wp-json\/wp\/v2\/product_brand?post=4044"},{"taxonomy":"product_cat","embeddable":true,"href":"https:\/\/texus.fi\/en\/wp-json\/wp\/v2\/product_cat?post=4044"},{"taxonomy":"product_tag","embeddable":true,"href":"https:\/\/texus.fi\/en\/wp-json\/wp\/v2\/product_tag?post=4044"}],"curies":[{"name":"wp","href":"https:\/\/api.w.org\/{rel}","templated":true}]}}