{"id":4051,"date":"2025-05-31T13:09:22","date_gmt":"2025-05-31T10:09:22","guid":{"rendered":"https:\/\/texus.fi\/?post_type=product&#038;p=4051"},"modified":"2026-03-22T13:48:21","modified_gmt":"2026-03-22T10:48:21","slug":"ecoflow-wave-2-ilmastointilaite","status":"publish","type":"product","link":"https:\/\/texus.fi\/en\/ecoflow-wave-2-ilmastointilaite\/","title":{"rendered":"EcoFlow Wave 2 ilmastointilaite"},"content":{"rendered":"<p>Maailman ensimm\u00e4inen langaton kannettava ilmastointilaite, jossa on l\u00e4mmitin. EcoFlow&#8217;n r\u00e4\u00e4t\u00e4l\u00f6idyn kompressorin ansiosta WAVE 2 tarjoaa 5100 BTU:n j\u00e4\u00e4hdytystehon ja 6100 BTUs l\u00e4mmitys. Valmistaudu \u00e4\u00e4rimm\u00e4iseen mukavuuteen WAVE 2:n kanssa!<\/p>\n<p>T\u00e4ydellinen ilmastointilaite pieneen tilaan! Se on eritt\u00e4in helppok\u00e4ytt\u00f6inen, eik\u00e4 vaadi asennusta tai viem\u00e4r\u00f6inti\u00e4*. Ilmastointikanavaan on sovittimet, jotka sopivat mihin tahansa tilaan. Nauti k\u00e4tev\u00e4st\u00e4 j\u00e4\u00e4hdytyksest\u00e4 ja l\u00e4mmityksest\u00e4 ilman vaivann\u00e4k\u00f6\u00e4.<br \/>\n*J\u00e4\u00e4hdytystilassa ei tarvita tyhjennyst\u00e4, kun ilmankosteus on alle 70%, mutta l\u00e4mmitystilassa sit\u00e4 tarvitaan.<\/p>\n<p>EcoFlow&#8217;n kehittyneen ohjelmistoalgoritmin ansiosta WAVE 2 tarjoaa useita tiloja ja sovelluksen hallinnan. Se toimii hiljaisesti (44 dB) lepotilassa ja jopa 8 tuntia Eco-tilassa. Koe pidempikestoinen mukavuus teltassa, asuntoautossa tai kotona sen tehokkaan ja kannettavan rakenteen ansiosta.<br \/>\nEcoFlow&#8217;ssa ymp\u00e4rist\u00f6yst\u00e4v\u00e4llisyys kohtaa \u00e4\u00e4rimm\u00e4isen mukavuuden. WAVE 2 k\u00e4ytt\u00e4\u00e4 R290:t\u00e4, luonnollista kylm\u00e4ainetta, joka on puhdasta, vihre\u00e4\u00e4 ja t\u00e4ydellist\u00e4 rentouttavaa j\u00e4\u00e4hdytyskokemusta varten. Koska sen ilmaston l\u00e4mpenemispotentiaali on pienempi eik\u00e4 se aiheuta otsonip\u00e4\u00e4st\u00f6j\u00e4, se on ihanteellinen tapa pysy\u00e4 viile\u00e4n\u00e4 ja viihtyis\u00e4n\u00e4 verrattuna perinteisiin kylm\u00e4aineisiin ja samalla pienent\u00e4\u00e4 hiilijalanj\u00e4lke\u00e4si.<\/p>\n<p>WAVE 2 &#8211; \u00e4\u00e4rimm\u00e4inen ilmastointilaite ja l\u00e4mmitin, jossa on vaihdettava akku! Lataa se nopeasti verkkovirralla, aurinkoenergialla, autolla tai s\u00e4hk\u00f6asemilla. Nauti viile\u00e4st\u00e4 tai l\u00e4mpim\u00e4st\u00e4 ilmastamilloin ja miss\u00e4 tahansa, sill\u00e4 useat latausvaihtoehdot ovat joustavia.<\/p>\n<p><iframe title=\"ECOFLOW WAVE 2 ILMAISTOINTILAITE L\u00c4MMITYKSELL\u00c4 - LUMISE\" width=\"800\" height=\"450\" src=\"https:\/\/www.youtube.com\/embed\/AXrnq94TIkw?feature=oembed\" frameborder=\"0\" allow=\"accelerometer; autoplay; clipboard-write; encrypted-media; gyroscope; picture-in-picture; web-share\" referrerpolicy=\"strict-origin-when-cross-origin\" allowfullscreen><\/iframe><\/p>\n<p><iframe title=\"Introducing EcoFlow WAVE 2 Portable Air Conditioner | Right Temp. Right Now.\" width=\"800\" height=\"450\" src=\"https:\/\/www.youtube.com\/embed\/9gih1uHbnRA?feature=oembed\" frameborder=\"0\" allow=\"accelerometer; autoplay; clipboard-write; encrypted-media; gyroscope; picture-in-picture; web-share\" referrerpolicy=\"strict-origin-when-cross-origin\" allowfullscreen><\/iframe><\/p>\n<p><strong>Tekniset tiedot<\/strong><\/p>\n<ul>\n<li>AC-tulo: 100\/240V, 50\/60Hz, 820W Max.<\/li>\n<li>Aurinkolatauksen tulo: 11-60V, 3A, 400W Max<\/li>\n<li>Auton lataustulo: 96W\/192W (12\/24V, 8A Max)<\/li>\n<li>Lis\u00e4akkujen teho: 700W Max<\/li>\n<li>Nettopaino: Noin 14,5 kg<\/li>\n<li>Mitat: 518 \u00d7 297 \u00d7 336 mm<\/li>\n<li>Bluetooth: Kyll\u00e4<\/li>\n<li>Wi-Fi: T\u00e4m\u00e4 tuote tukee vain 2.4G Wi-Fi<\/li>\n<li>Melutaso: 44-56dB<\/li>\n<li>Kylm\u00e4aine\/m\u00e4\u00e4r\u00e4: R290\/130g<\/li>\n<li>No-Drain-toiminto: Tuettu (j\u00e4\u00e4hdytystilassa)<\/li>\n<li>J\u00e4\u00e4hdytysalue: \u2264 10 m\u00b2 \/ 107,6 ft\u00b2.<\/li>\n<li>IP-luokitus: IPX4<\/li>\n<li>J\u00e4\u00e4hdytyksen nimellisteho (AC\/DC): 550W\/495W<\/li>\n<li>Max. J\u00e4\u00e4hdytysteho (AC\/DC): 820W\/700W<\/li>\n<li>J\u00e4\u00e4hdytysteho: 1500W\/5100BTU<\/li>\n<li>L\u00e4mmityksen nimellisteho (AC\/DC): 600W\/540W<\/li>\n<li>Max. L\u00e4mmitysteho (AC\/DC): 820W\/700W<\/li>\n<li>L\u00e4mmitysteho: 1800W \/ 6100BTU<\/li>\n<\/ul>\n<p>HUOM! Pelk\u00e4ss\u00e4 laitteessa ei ole sis\u00e4\u00e4nrakennettua akkua. Vaatii toimiakseen verkkovirran, akun tai esimerkiksi Delta 2 virta-asema.<\/p>","protected":false},"excerpt":{"rendered":"<p>Maailman ensimm\u00e4inen langaton kannettava ilmastointilaite, jossa on l\u00e4mmitin. EcoFlow&#8217;n r\u00e4\u00e4t\u00e4l\u00f6idyn kompressorin ansiosta WAVE 2 tarjoaa 5100 BTU:n j\u00e4\u00e4hdytystehon ja 6100 BTUs l\u00e4mmitys. Valmistaudu \u00e4\u00e4rimm\u00e4iseen mukavuuteen WAVE 2:n kanssa!<\/p>\n<p>T\u00e4ydellinen ilmastointilaite pieneen tilaan! Se on eritt\u00e4in helppok\u00e4ytt\u00f6inen, eik\u00e4 vaadi asennusta tai viem\u00e4r\u00f6inti\u00e4*. Ilmastointikanavaan on sovittimet, jotka sopivat mihin tahansa tilaan. Nauti k\u00e4tev\u00e4st\u00e4 j\u00e4\u00e4hdytyksest\u00e4 ja l\u00e4mmityksest\u00e4 ilman vaivann\u00e4k\u00f6\u00e4.<br \/>\n*J\u00e4\u00e4hdytystilassa ei tarvita tyhjennyst\u00e4, kun ilmankosteus on alle 70%, mutta l\u00e4mmitystilassa sit\u00e4 tarvitaan.<\/p>\n<p>&nbsp;<\/p>","protected":false},"featured_media":4067,"comment_status":"open","ping_status":"closed","template":"","meta":[],"product_brand":[],"product_cat":[35,121,15,34],"product_tag":[],"class_list":{"0":"post-4051","1":"product","2":"type-product","3":"status-publish","4":"has-post-thumbnail","6":"product_cat-ess-ratkaisut","7":"product_cat-muut-tuotteet","8":"product_cat-products","9":"product_cat-virta-asemat","10":"product_shipping_class-campaign-shipping","11":"pa_brands-ecoflow","13":"first","14":"instock","15":"taxable","16":"shipping-taxable","17":"purchasable","18":"product-type-variable"},"_links":{"self":[{"href":"https:\/\/texus.fi\/en\/wp-json\/wp\/v2\/product\/4051","targetHints":{"allow":["GET"]}}],"collection":[{"href":"https:\/\/texus.fi\/en\/wp-json\/wp\/v2\/product"}],"about":[{"href":"https:\/\/texus.fi\/en\/wp-json\/wp\/v2\/types\/product"}],"replies":[{"embeddable":true,"href":"https:\/\/texus.fi\/en\/wp-json\/wp\/v2\/comments?post=4051"}],"wp:featuredmedia":[{"embeddable":true,"href":"https:\/\/texus.fi\/en\/wp-json\/wp\/v2\/media\/4067"}],"wp:attachment":[{"href":"https:\/\/texus.fi\/en\/wp-json\/wp\/v2\/media?parent=4051"}],"wp:term":[{"taxonomy":"product_brand","embeddable":true,"href":"https:\/\/texus.fi\/en\/wp-json\/wp\/v2\/product_brand?post=4051"},{"taxonomy":"product_cat","embeddable":true,"href":"https:\/\/texus.fi\/en\/wp-json\/wp\/v2\/product_cat?post=4051"},{"taxonomy":"product_tag","embeddable":true,"href":"https:\/\/texus.fi\/en\/wp-json\/wp\/v2\/product_tag?post=4051"}],"curies":[{"name":"wp","href":"https:\/\/api.w.org\/{rel}","templated":true}]}}