{"id":4103,"date":"2025-06-01T11:38:35","date_gmt":"2025-06-01T08:38:35","guid":{"rendered":"https:\/\/texus.fi\/?post_type=product&#038;p=4103"},"modified":"2026-03-22T13:47:44","modified_gmt":"2026-03-22T10:47:44","slug":"ecoflow-2kwh-lfp-akku","status":"publish","type":"product","link":"https:\/\/texus.fi\/en\/ecoflow-2kwh-lfp-akku\/","title":{"rendered":"EcoFlow 2kWh LFP Akku"},"content":{"rendered":"<p>EcoFlow 2kWh LFP akku. \u00c4lyk\u00e4st\u00e4 ja helppoa lis\u00e4virtaa. Yhteensopiva EcoFlow Power Kitteihin.<\/p>\n<p><strong>Itsest\u00e4\u00e4n l\u00e4mpenev\u00e4<\/strong><br \/>\nSis\u00e4\u00e4nrakennetun automaattisen l\u00e4mmityksen ansiosta voit k\u00e4ytt\u00e4\u00e4 akkuja turvallisesti jopa -20 \u00b0C:n l\u00e4mp\u00f6tiloissa.<\/p>\n<p><strong>Pinottava ja laajennettavissa<\/strong><br \/>\nSaatavana kahdessa koossa, sek\u00e4 2 ett\u00e4 5 kWh pino jopa kolmella kapasiteetti 15 kWh asti.<\/p>\n<p><strong>Edistynyt BMS-suojaus<\/strong><br \/>\nPower Kits -akunhallintaj\u00e4rjestelm\u00e4 suojaa:<br \/>\n\u2022\u00a0Yksikennoinen ylij\u00e4nnitesuoja<br \/>\n\u2022\u00a0Yksikennoinen alij\u00e4nnitesuoja<br \/>\n\u2022 Purkautumisen ylivirtasuoja<br \/>\n\u2022\u00a0Purkautumisen ylikuumenemissuoja<br \/>\n\u2022\u00a0Purkautumisen matalan l\u00e4mp\u00f6tilan suojaus<br \/>\n\u2022\u00a0Latauksen ylivirtasuoja<br \/>\n\u2022\u00a0Latauksen ylikuumenemissuoja<br \/>\n\u2022\u00a0Latauksen suojaus alhaisen l\u00e4mp\u00f6tilan osalta<\/p>\n<p><em>LFP= lithium ferro-phosphate<\/em><\/p>","protected":false},"excerpt":{"rendered":"<p>EcoFlow 2kWh LFP akku. \u00c4lyk\u00e4st\u00e4 ja helppoa lis\u00e4virtaa. Yhteensopiva EcoFlow Power Kitteihin.<\/p>\n<p><strong>Itsest\u00e4\u00e4n l\u00e4mpenev\u00e4<\/strong><br \/>\nSis\u00e4\u00e4nrakennetun automaattisen l\u00e4mmityksen ansiosta voit k\u00e4ytt\u00e4\u00e4 akkuja turvallisesti jopa -20 \u00b0C:n l\u00e4mp\u00f6tiloissa.<\/p>\n<p><strong>Pinottava ja laajennettavissa<\/strong><br \/>\nSaatavana kahdessa koossa, sek\u00e4 2 ett\u00e4 5 kWh pino jopa kolmella kapasiteetti 15 kWh asti.<\/p>","protected":false},"featured_media":4104,"comment_status":"open","ping_status":"closed","template":"","meta":[],"product_brand":[],"product_cat":[35,121,15,34],"product_tag":[],"class_list":{"0":"post-4103","1":"product","2":"type-product","3":"status-publish","4":"has-post-thumbnail","6":"product_cat-ess-ratkaisut","7":"product_cat-muut-tuotteet","8":"product_cat-products","9":"product_cat-virta-asemat","10":"product_shipping_class-campaign-shipping","11":"pa_brands-ecoflow","13":"first","14":"instock","15":"taxable","16":"shipping-taxable","17":"purchasable","18":"product-type-simple"},"_links":{"self":[{"href":"https:\/\/texus.fi\/en\/wp-json\/wp\/v2\/product\/4103","targetHints":{"allow":["GET"]}}],"collection":[{"href":"https:\/\/texus.fi\/en\/wp-json\/wp\/v2\/product"}],"about":[{"href":"https:\/\/texus.fi\/en\/wp-json\/wp\/v2\/types\/product"}],"replies":[{"embeddable":true,"href":"https:\/\/texus.fi\/en\/wp-json\/wp\/v2\/comments?post=4103"}],"wp:featuredmedia":[{"embeddable":true,"href":"https:\/\/texus.fi\/en\/wp-json\/wp\/v2\/media\/4104"}],"wp:attachment":[{"href":"https:\/\/texus.fi\/en\/wp-json\/wp\/v2\/media?parent=4103"}],"wp:term":[{"taxonomy":"product_brand","embeddable":true,"href":"https:\/\/texus.fi\/en\/wp-json\/wp\/v2\/product_brand?post=4103"},{"taxonomy":"product_cat","embeddable":true,"href":"https:\/\/texus.fi\/en\/wp-json\/wp\/v2\/product_cat?post=4103"},{"taxonomy":"product_tag","embeddable":true,"href":"https:\/\/texus.fi\/en\/wp-json\/wp\/v2\/product_tag?post=4103"}],"curies":[{"name":"wp","href":"https:\/\/api.w.org\/{rel}","templated":true}]}}