{"id":4105,"date":"2025-06-01T12:02:54","date_gmt":"2025-06-01T09:02:54","guid":{"rendered":"https:\/\/texus.fi\/?post_type=product&#038;p=4105"},"modified":"2026-03-22T13:47:27","modified_gmt":"2026-03-22T10:47:27","slug":"ecoflow-smart-home-paneeli","status":"publish","type":"product","link":"https:\/\/texus.fi\/en\/ecoflow-smart-home-paneeli\/","title":{"rendered":"EcoFlow Smart Home Paneeli"},"content":{"rendered":"<p>EcoFlow Smart Home &#8211; paneeli<\/p>\n<p><strong>Ominaisuuksia<br \/>\n\u2022\u00a0\u00c4lyk\u00e4s kodin akkuj\u00e4rjestelm\u00e4 &#8211;<\/strong>\u00a0Erityisesti DELTA Pro -ekosysteemi\u00e4 varten tehty Smart Home Panel yhdist\u00e4\u00e4 kannettavan DELTA Pro -voimalaitoksen suoraan kotisi johdotukseen.<br \/>\n<strong>\u2022\u00a0Varavirta kodinkoneille &#8211;<\/strong><strong>\u00a0<\/strong>Kun s\u00e4hk\u00f6verkko katkeaa, Smart Home Panel kytkeytyy v\u00e4litt\u00f6m\u00e4sti akkuvarmennustilaan k\u00e4ytt\u00e4en kaikkia siihen liitettyj\u00e4 DELTA Pro -yksik\u00f6it\u00e4. Oikein varustettuna kotisi jatkaa toimintaansa jopa 7200 W:n teholla ja 25 kWh:n energiavarastolla.<br \/>\n<strong>\u2022\u00a0EcoFlow-sovelluksen ohjaus &#8211;<\/strong><strong>\u00a0<\/strong>Seuraa, valvo ja hallitse energiaa EcoFlow-sovelluksen avulla. Sovellus antaa reaaliaikaisia mittareita, ja sen avulla voit v\u00e4ltt\u00e4\u00e4 kulutushuippuja.<br \/>\n<strong>\u2022\u00a0Kest\u00e4v\u00e4 ja omavarainen &#8211;<\/strong>\u00a0Kun kiinnit\u00e4t MC4-yhteensopivat aurinkopaneelit DELTA Pro -j\u00e4rjestelm\u00e4\u00e4n, kodistasi tulee hieman ymp\u00e4rist\u00f6tietoisempi. Smart Home Panel yhdist\u00e4\u00e4 ilmaisen, uusiutuvan aurinkoenergian sein\u00e4pistorasioihin, valaistukseen ja muihin s\u00e4hk\u00f6laitteisiin. Kun aurinkoenergiaa on riitt\u00e4v\u00e4sti, voit tehd\u00e4 kodistasi omavaraisen.<\/p>\n<p><strong>Teknisi\u00e4 tietoja<\/strong><br \/>\n\u2022 Yhteys: Wi-Fi, Bluetooth, 4G<br \/>\n\u2022 Max varaenergia: 21,6 kWh (6 x 3,6 kWh)<br \/>\n\u2022 J\u00e4rjestelm\u00e4n taajuus: 50Hz \/ 60Hz<br \/>\n\u2022 Vaatimustenmukaisuus: UL1008, IEC 60974-1<br \/>\n\u2022 Max 30A 4 piirille, 20A max j\u00e4ljell\u00e4 6 piirille<br \/>\n\u2022 Ulostuloj\u00e4nnite: 100V \/ 120V \/ 240V<br \/>\n\u2022 Lataustulo (DELTA Pro): Max 3400W<br \/>\n\u2022 Koko: 500 x 330 x 120 mm<br \/>\n\u2022 Asennus: Pinta-asennus, valtuutetun s\u00e4hk\u00f6asentajan asentaa<br \/>\n\u2022 Kotelotyyppi: NEMA 1<\/p>","protected":false},"excerpt":{"rendered":"<p><strong>Ominaisuuksia<br \/>\n\u2022\u00a0\u00c4lyk\u00e4s kodin akkuj\u00e4rjestelm\u00e4 &#8211;<\/strong>\u00a0Erityisesti DELTA Pro -ekosysteemi\u00e4 varten tehty Smart Home Panel yhdist\u00e4\u00e4 kannettavan DELTA Pro -voimalaitoksen suoraan kotisi johdotukseen.<br \/>\n<strong>\u2022\u00a0Varavirta kodinkoneille &#8211;<\/strong><strong>\u00a0<\/strong>Kun s\u00e4hk\u00f6verkko katkeaa, Smart Home Panel kytkeytyy v\u00e4litt\u00f6m\u00e4sti akkuvarmennustilaan k\u00e4ytt\u00e4en kaikkia siihen liitettyj\u00e4 DELTA Pro -yksik\u00f6it\u00e4. Oikein varustettuna kotisi jatkaa toimintaansa jopa 7200 W:n teholla ja 25 kWh:n energiavarastolla.<br \/>\n<strong>\u2022\u00a0EcoFlow-sovelluksen ohjaus &#8211;<\/strong><strong>\u00a0<\/strong>Seuraa, valvo ja hallitse energiaa EcoFlow-sovelluksen avulla. Sovellus antaa reaaliaikaisia mittareita, ja sen avulla voit v\u00e4ltt\u00e4\u00e4 kulutushuippuja.<\/p>","protected":false},"featured_media":4111,"comment_status":"open","ping_status":"closed","template":"","meta":[],"product_brand":[],"product_cat":[35,121,15],"product_tag":[],"class_list":{"0":"post-4105","1":"product","2":"type-product","3":"status-publish","4":"has-post-thumbnail","6":"product_cat-ess-ratkaisut","7":"product_cat-muut-tuotteet","8":"product_cat-products","9":"product_shipping_class-campaign-shipping","10":"pa_brands-ecoflow","12":"first","13":"instock","14":"taxable","15":"shipping-taxable","16":"purchasable","17":"product-type-simple"},"_links":{"self":[{"href":"https:\/\/texus.fi\/en\/wp-json\/wp\/v2\/product\/4105","targetHints":{"allow":["GET"]}}],"collection":[{"href":"https:\/\/texus.fi\/en\/wp-json\/wp\/v2\/product"}],"about":[{"href":"https:\/\/texus.fi\/en\/wp-json\/wp\/v2\/types\/product"}],"replies":[{"embeddable":true,"href":"https:\/\/texus.fi\/en\/wp-json\/wp\/v2\/comments?post=4105"}],"wp:featuredmedia":[{"embeddable":true,"href":"https:\/\/texus.fi\/en\/wp-json\/wp\/v2\/media\/4111"}],"wp:attachment":[{"href":"https:\/\/texus.fi\/en\/wp-json\/wp\/v2\/media?parent=4105"}],"wp:term":[{"taxonomy":"product_brand","embeddable":true,"href":"https:\/\/texus.fi\/en\/wp-json\/wp\/v2\/product_brand?post=4105"},{"taxonomy":"product_cat","embeddable":true,"href":"https:\/\/texus.fi\/en\/wp-json\/wp\/v2\/product_cat?post=4105"},{"taxonomy":"product_tag","embeddable":true,"href":"https:\/\/texus.fi\/en\/wp-json\/wp\/v2\/product_tag?post=4105"}],"curies":[{"name":"wp","href":"https:\/\/api.w.org\/{rel}","templated":true}]}}