{"id":4114,"date":"2025-06-01T12:11:26","date_gmt":"2025-06-01T09:11:26","guid":{"rendered":"https:\/\/texus.fi\/?post_type=product&#038;p=4114"},"modified":"2026-03-28T14:10:22","modified_gmt":"2026-03-28T11:10:22","slug":"ecoflow-delta-3-1500wh-virta-asema","status":"publish","type":"product","link":"https:\/\/texus.fi\/en\/ecoflow-delta-3-1500wh-virta-asema\/","title":{"rendered":"EcoFlow Delta 2 Max Lis\u00e4akku"},"content":{"rendered":"<p>\u00c4lyk\u00e4s lis\u00e4akku EcoFlow Delta 2, Delta 2 Max sek\u00e4 Delta Max 2000 virta-asemille.<\/p>\n<p><strong>Ominaisuuksia<\/strong><\/p>\n<ul>\n<li><strong>Laajennettava kapasiteetti &#8211;<\/strong>\u00a0Lis\u00e4\u00e4 DELTA 2 Maxin kapasiteettia 2046Wh:lla.<\/li>\n<li><strong>Kolminkertainen teho &#8211;<\/strong>\u00a02-6 kWh laajennettava kapasiteetti energiavarastointitarpeidesi mukaan. Lis\u00e4\u00e4 jopa kaksi DELTA 2 Max Smart Extra -akkua, jolloin kapasiteetti on 6144Wh. Ihanteellinen kodin varmuuskopiointiin, karavaanarik\u00e4ytt\u00f6\u00f6n, ulkoiluun tai jopa jokap\u00e4iv\u00e4iseen k\u00e4ytt\u00f6\u00f6n.<\/li>\n<li><strong>Rakennettu kest\u00e4m\u00e4\u00e4n 6\u00d7 pidemp\u00e4\u00e4n\u00a0&#8211;<\/strong>\u00a0Saat 10 vuotta p\u00e4ivitt\u00e4ist\u00e4 k\u00e4ytt\u00f6\u00e4, kunnes saavutat 80 % alkuper\u00e4isest\u00e4 kapasiteetista. T\u00e4m\u00e4 johtuu sen LFP-akkukemiasta, joka antaa sinulle 3000 sykli\u00e4.<\/li>\n<\/ul>\n<p><strong>Tekniset tiedot<\/strong><\/p>\n<ul>\n<li>Kapasiteetti: 2048Wh<\/li>\n<li>Tuloportti: 51.2V, 2000W Max<\/li>\n<li>L\u00e4ht\u00f6portti: 51.2V, 3200W Max<\/li>\n<li>Akku: LFP-kemia, 3000 sykli\u00e4 &gt;80% kapasiteettiin.<\/li>\n<li>Mitat: 464 \u00d7 235 \u00d7 283 mm<\/li>\n<li>Paino: 19kg<\/li>\n<\/ul>\n<p><strong>Toimitussis\u00e4lt\u00f6<\/strong><\/p>\n<ul>\n<li>EcoFlow DELTA 2 Max Smart -lis\u00e4akku<\/li>\n<li>XT150 kaapeli<\/li>\n<li>K\u00e4ytt\u00f6opas<\/li>\n<li>Takuukortti<\/li>\n<\/ul>\n<p><strong>Yhteensopiva<\/strong><\/p>\n<ul>\n<li>DELTA 2<\/li>\n<li>DELTA Max 2000<\/li>\n<li>DELTA 2 Max<\/li>\n<\/ul>","protected":false},"excerpt":{"rendered":"<ul>\n<li><strong>Laajennettava kapasiteetti &#8211;<\/strong>\u00a0Lis\u00e4\u00e4 DELTA 2 Maxin kapasiteettia 2046Wh:lla.<\/li>\n<li><strong>Kolminkertainen teho &#8211;<\/strong>\u00a02-6 kWh laajennettava kapasiteetti energiavarastointitarpeidesi mukaan. Lis\u00e4\u00e4 jopa kaksi DELTA 2 Max Smart Extra -akkua, jolloin kapasiteetti on 6144Wh. Ihanteellinen kodin varmuuskopiointiin, karavaanarik\u00e4ytt\u00f6\u00f6n, ulkoiluun tai jopa jokap\u00e4iv\u00e4iseen k\u00e4ytt\u00f6\u00f6n.<\/li>\n<li><strong>Rakennettu kest\u00e4m\u00e4\u00e4n 6\u00d7 pidemp\u00e4\u00e4n\u00a0&#8211;<\/strong>\u00a0Saat 10 vuotta p\u00e4ivitt\u00e4ist\u00e4 k\u00e4ytt\u00f6\u00e4, kunnes saavutat 80 % alkuper\u00e4isest\u00e4 kapasiteetista. T\u00e4m\u00e4 johtuu sen LFP-akkukemiasta, joka antaa sinulle 3000 sykli\u00e4.<\/li>\n<\/ul>\n<p data-start=\"0\" data-end=\"374\"><em><strong>Tuotteet l\u00e4hetet\u00e4\u00e4n 1-2\u00a0arkip\u00e4iv\u00e4ss\u00e4<\/strong><\/em><\/p>","protected":false},"featured_media":4140,"comment_status":"open","ping_status":"closed","template":"","meta":[],"product_brand":[],"product_cat":[35,121,15,34],"product_tag":[],"class_list":{"0":"post-4114","1":"product","2":"type-product","3":"status-publish","4":"has-post-thumbnail","6":"product_cat-ess-ratkaisut","7":"product_cat-muut-tuotteet","8":"product_cat-products","9":"product_cat-virta-asemat","10":"product_shipping_class-campaign-shipping","11":"pa_brands-ecoflow","13":"first","14":"instock","15":"taxable","16":"shipping-taxable","17":"purchasable","18":"product-type-simple"},"_links":{"self":[{"href":"https:\/\/texus.fi\/en\/wp-json\/wp\/v2\/product\/4114","targetHints":{"allow":["GET"]}}],"collection":[{"href":"https:\/\/texus.fi\/en\/wp-json\/wp\/v2\/product"}],"about":[{"href":"https:\/\/texus.fi\/en\/wp-json\/wp\/v2\/types\/product"}],"replies":[{"embeddable":true,"href":"https:\/\/texus.fi\/en\/wp-json\/wp\/v2\/comments?post=4114"}],"wp:featuredmedia":[{"embeddable":true,"href":"https:\/\/texus.fi\/en\/wp-json\/wp\/v2\/media\/4140"}],"wp:attachment":[{"href":"https:\/\/texus.fi\/en\/wp-json\/wp\/v2\/media?parent=4114"}],"wp:term":[{"taxonomy":"product_brand","embeddable":true,"href":"https:\/\/texus.fi\/en\/wp-json\/wp\/v2\/product_brand?post=4114"},{"taxonomy":"product_cat","embeddable":true,"href":"https:\/\/texus.fi\/en\/wp-json\/wp\/v2\/product_cat?post=4114"},{"taxonomy":"product_tag","embeddable":true,"href":"https:\/\/texus.fi\/en\/wp-json\/wp\/v2\/product_tag?post=4114"}],"curies":[{"name":"wp","href":"https:\/\/api.w.org\/{rel}","templated":true}]}}