{"id":4122,"date":"2025-06-01T12:27:39","date_gmt":"2025-06-01T09:27:39","guid":{"rendered":"https:\/\/texus.fi\/?post_type=product&#038;p=4122"},"modified":"2025-08-15T10:20:05","modified_gmt":"2025-08-15T07:20:05","slug":"ecoflow-solar-tracker","status":"publish","type":"product","link":"https:\/\/texus.fi\/en\/ecoflow-solar-tracker\/","title":{"rendered":"EcoFlow Solar Tracker"},"content":{"rendered":"<p>EcoFlow Solar Tracker -auringonseurantalaite<\/p>\n<p><strong>Ensimm\u00e4inen kuluttajaluokan aurinkokenno:\u00a0<\/strong>Se py\u00f6rii ja k\u00e4\u00e4ntyy kahdella akselilla ja m\u00e4\u00e4ritt\u00e4\u00e4 jatkuvasti parhaan kulman aurinkoon n\u00e4hden. Se on t\u00e4ydellinen aurinkolaturi kannettavalle virta-asemalle.<\/p>\n<p><strong>Seuraa auringon sijaintia automaattisesti:\u00a0<\/strong>J\u00e4t\u00e4 Solar Tracker ulos y\u00f6ksi ja se alkaa automaattisesti seurata auringon sijaintia p\u00e4iv\u00e4n valjetessa.<\/p>\n<p><strong>Ota viimeinenkin fotoni:\u00a0<\/strong>Solar Trackerin avulla voit saada 30 % enemm\u00e4n aurinkoenergiaa kuin asettamalla paneelit tasaisesti. Kun paneeleihin osuu enemm\u00e4n auringonvaloa p\u00e4iv\u00e4n mittaan, saat enemm\u00e4n vihre\u00e4\u00e4 uusiutuvaa energiaa.<\/p>\n<p><strong>Tukeva, vakaa, kest\u00e4v\u00e4:\u00a0<\/strong>Aurinkoseurantalaitteessa on nelj\u00e4 jalkaa, jotka levittyv\u00e4t ja voidaan kiinnitt\u00e4\u00e4 paikalleen, mik\u00e4 takaa ett\u00e4 paneelien asennus pysyy turvallisena ja tukevana. Yl\u00e4osassa oleva kiinnike laajenee aurinkopaneelin koon mukaan.<\/p>\n<p><strong>Sopii hyvin yhteen aurinkopaneelien kanssa:\u00a0<\/strong>Solar Tracker toimii l\u00e4hes mink\u00e4 tahansa aurinkopaneelin kanssa. Taitettava tai j\u00e4ykk\u00e4, EcoFlow tai kolmannen osapuolen aurinkopaneeli &#8211; sill\u00e4 ei ole v\u00e4li\u00e4. Kunhan ne liitet\u00e4\u00e4n MC4 -liittimell\u00e4 eiv\u00e4tk\u00e4 ole liian suuria tai painavia.<\/p>","protected":false},"excerpt":{"rendered":"<p><strong>Ensimm\u00e4inen kuluttajaluokan aurinkokenno:\u00a0<\/strong>Se py\u00f6rii ja k\u00e4\u00e4ntyy kahdella akselilla ja m\u00e4\u00e4ritt\u00e4\u00e4 jatkuvasti parhaan kulman aurinkoon n\u00e4hden. Se on t\u00e4ydellinen aurinkolaturi kannettavalle virta-asemalle.<\/p>\n<p><strong>Seuraa auringon sijaintia automaattisesti:\u00a0<\/strong>J\u00e4t\u00e4 Solar Tracker ulos y\u00f6ksi ja se alkaa automaattisesti seurata auringon sijaintia p\u00e4iv\u00e4n valjetessa.<\/p>\n<p><strong>Ota viimeinenkin fotoni:\u00a0<\/strong>Solar Trackerin avulla voit saada 30 % enemm\u00e4n aurinkoenergiaa kuin asettamalla paneelit tasaisesti. Kun paneeleihin osuu enemm\u00e4n auringonvaloa p\u00e4iv\u00e4n mittaan, saat enemm\u00e4n vihre\u00e4\u00e4 uusiutuvaa energiaa.<\/p>\n<p data-start=\"0\" data-end=\"374\"><em><strong>Tuotteet l\u00e4hetet\u00e4\u00e4n 5-30\u00a0arkip\u00e4iv\u00e4ss\u00e4<\/strong><\/em><\/p>","protected":false},"featured_media":4133,"comment_status":"open","ping_status":"closed","template":"","meta":[],"product_brand":[],"product_cat":[35,121,15,34],"product_tag":[],"class_list":{"0":"post-4122","1":"product","2":"type-product","3":"status-publish","4":"has-post-thumbnail","6":"product_cat-ess-ratkaisut","7":"product_cat-muut-tuotteet","8":"product_cat-products","9":"product_cat-virta-asemat","10":"product_shipping_class-campaign-shipping","11":"pa_brands-ecoflow","13":"first","14":"onbackorder","15":"taxable","16":"shipping-taxable","17":"purchasable","18":"product-type-simple"},"_links":{"self":[{"href":"https:\/\/texus.fi\/en\/wp-json\/wp\/v2\/product\/4122","targetHints":{"allow":["GET"]}}],"collection":[{"href":"https:\/\/texus.fi\/en\/wp-json\/wp\/v2\/product"}],"about":[{"href":"https:\/\/texus.fi\/en\/wp-json\/wp\/v2\/types\/product"}],"replies":[{"embeddable":true,"href":"https:\/\/texus.fi\/en\/wp-json\/wp\/v2\/comments?post=4122"}],"wp:featuredmedia":[{"embeddable":true,"href":"https:\/\/texus.fi\/en\/wp-json\/wp\/v2\/media\/4133"}],"wp:attachment":[{"href":"https:\/\/texus.fi\/en\/wp-json\/wp\/v2\/media?parent=4122"}],"wp:term":[{"taxonomy":"product_brand","embeddable":true,"href":"https:\/\/texus.fi\/en\/wp-json\/wp\/v2\/product_brand?post=4122"},{"taxonomy":"product_cat","embeddable":true,"href":"https:\/\/texus.fi\/en\/wp-json\/wp\/v2\/product_cat?post=4122"},{"taxonomy":"product_tag","embeddable":true,"href":"https:\/\/texus.fi\/en\/wp-json\/wp\/v2\/product_tag?post=4122"}],"curies":[{"name":"wp","href":"https:\/\/api.w.org\/{rel}","templated":true}]}}