{"id":4156,"date":"2025-06-02T08:38:56","date_gmt":"2025-06-02T05:38:56","guid":{"rendered":"https:\/\/texus.fi\/?post_type=product&#038;p=4156"},"modified":"2026-03-22T13:45:58","modified_gmt":"2026-03-22T10:45:58","slug":"ecoflow-400w-taitettava-aurinkopaneeli","status":"publish","type":"product","link":"https:\/\/texus.fi\/en\/ecoflow-400w-taitettava-aurinkopaneeli\/","title":{"rendered":"EcoFlow 400W Taitettava aurinkopaneeli"},"content":{"rendered":"<p>EcoFlow 400W kannettava aurinkopaneeli. Erinomainen lis\u00e4 EcoFlow virta-asemien lataukseen sek\u00e4 k\u00e4ytt\u00f6\u00f6n, kun verkkovirtaa ei ole saatavilla tai haluat s\u00e4\u00e4st\u00e4\u00e4 s\u00e4hk\u00f6laskussa.<\/p>\n<p><strong>Ominaisuuksia<br \/>\n<\/strong>\u2022 Eritt\u00e4in tehokas &#8211; T\u00e4m\u00e4 yksiosainen, kokoontaitettava 400 W:n aurinkopaneeli sopii t\u00e4ydellisesti kotiin, retkeilyyn ja verkkovapaaseen el\u00e4m\u00e4\u00e4n. Suuren aurinkotehon ja parannetun 23 %:n hy\u00f6tysuhteen ansiosta voit ladata kannettavan virta-asemasi entist\u00e4 nopeammin.<br \/>\n\u2022 Itsekantava &#8211; Suojakotelo taittuu k\u00e4tev\u00e4sti ulos vakaaksi jalustaksi, jota voidaan s\u00e4\u00e4t\u00e4\u00e4 40-80\u00b0:n v\u00e4lill\u00e4, jolloin joustava aurinkopaneeli voidaan s\u00e4\u00e4t\u00e4\u00e4 optimaaliseen asentoon aurinkoon n\u00e4hden.<br \/>\n\u2022 Kest\u00e4v\u00e4 ja kevyt &#8211;\u00a0Valmistettu taipuisan EVA:n ja kest\u00e4v\u00e4n lasikuidun kerroksista, joissa yhdistyv\u00e4t joustavien aurinkopaneelien monipuolisuus ja j\u00e4ykkien aurinkopaneelien lujuus. Vain 16 kg:n paino, kevyt rakenne ja sis\u00e4\u00e4nrakennettu olkahihna tekev\u00e4t siit\u00e4 ihanteellisen ulkoseikkailijoille.<br \/>\n\u2022 S\u00e4\u00e4nkest\u00e4v\u00e4 &#8211;\u00a0Jokainen yksikiteinen piikenno on p\u00e4\u00e4llystetty ETFE-kalvolla, joka suojaa roskilta, lialta ja vedelt\u00e4. IP68-vedenpit\u00e4vyysluokituksen ansiosta t\u00e4m\u00e4 kannettava aurinkopaneeli toimii turvallisesti kaikenlaisissa s\u00e4\u00e4olosuhteissa, ja se sopii erinomaisesti retkeilyyn ja kattok\u00e4ytt\u00f6\u00f6n.<br \/>\n\u2022 Kokoontaitettava ja kannettava &#8211; Kompakti muotoilu, t\u00e4m\u00e4 400W aurinkopaneeli s\u00e4\u00e4st\u00e4\u00e4 tilaa matkoilla ja s\u00e4ilytyksess\u00e4. Helppo asentaa lataamaan kannettavaa s\u00e4hk\u00f6asemaa. Kun olet valmis l\u00e4htem\u00e4\u00e4n, taita paneeli nopeasti kokoon, liu&#8217;uta se suojakoteloon ja pakkaa mukaan vaikka matkailuautoon.<\/p>\n<p>Teknisi\u00e4 tietoja<br \/>\n\u2022 Nimellisteho: 400W (\u00b15W)<br \/>\n\u2022 Mitat avattuna: 236,5 x 105,8 x 2,5 cm<br \/>\n\u2022 Hy\u00f6tysuhde: 22,6 %<br \/>\n\u2022 Takuu: 24 kuukautta<\/p>","protected":false},"excerpt":{"rendered":"<p><strong>EcoFlow 400W<\/strong> kannettava aurinkopaneeli. Erinomainen lis\u00e4 EcoFlow virta-asemien lataukseen sek\u00e4 k\u00e4ytt\u00f6\u00f6n, kun verkkovirtaa ei ole saatavilla tai haluat s\u00e4\u00e4st\u00e4\u00e4 s\u00e4hk\u00f6laskussa.<\/p>","protected":false},"featured_media":4162,"comment_status":"open","ping_status":"closed","template":"","meta":[],"product_brand":[],"product_cat":[27,15],"product_tag":[],"class_list":{"0":"post-4156","1":"product","2":"type-product","3":"status-publish","4":"has-post-thumbnail","6":"product_cat-aurinkopaneelit","7":"product_cat-products","8":"product_shipping_class-campaign-shipping","9":"pa_brands-ecoflow","11":"first","12":"instock","13":"taxable","14":"shipping-taxable","15":"purchasable","16":"product-type-simple"},"_links":{"self":[{"href":"https:\/\/texus.fi\/en\/wp-json\/wp\/v2\/product\/4156","targetHints":{"allow":["GET"]}}],"collection":[{"href":"https:\/\/texus.fi\/en\/wp-json\/wp\/v2\/product"}],"about":[{"href":"https:\/\/texus.fi\/en\/wp-json\/wp\/v2\/types\/product"}],"replies":[{"embeddable":true,"href":"https:\/\/texus.fi\/en\/wp-json\/wp\/v2\/comments?post=4156"}],"wp:featuredmedia":[{"embeddable":true,"href":"https:\/\/texus.fi\/en\/wp-json\/wp\/v2\/media\/4162"}],"wp:attachment":[{"href":"https:\/\/texus.fi\/en\/wp-json\/wp\/v2\/media?parent=4156"}],"wp:term":[{"taxonomy":"product_brand","embeddable":true,"href":"https:\/\/texus.fi\/en\/wp-json\/wp\/v2\/product_brand?post=4156"},{"taxonomy":"product_cat","embeddable":true,"href":"https:\/\/texus.fi\/en\/wp-json\/wp\/v2\/product_cat?post=4156"},{"taxonomy":"product_tag","embeddable":true,"href":"https:\/\/texus.fi\/en\/wp-json\/wp\/v2\/product_tag?post=4156"}],"curies":[{"name":"wp","href":"https:\/\/api.w.org\/{rel}","templated":true}]}}