{"id":4163,"date":"2025-06-02T08:49:17","date_gmt":"2025-06-02T05:49:17","guid":{"rendered":"https:\/\/texus.fi\/?post_type=product&#038;p=4163"},"modified":"2026-03-28T13:51:10","modified_gmt":"2026-03-28T10:51:10","slug":"ecoflow-delta-2-virta-asema","status":"publish","type":"product","link":"https:\/\/texus.fi\/en\/ecoflow-delta-2-virta-asema\/","title":{"rendered":"EcoFlow DELTA 2 Virta-asema"},"content":{"rendered":"<p><strong>EcoFlow Delta 2 Virta-asema<\/strong> &#8211; 1 kWh:n kapasiteetilla sinulla on tarpeeksi energiaa kodin tai retkeily-\/matkailuauton v\u00e4ltt\u00e4m\u00e4tt\u00f6mimmille tavaroillesi tuntikausiksi. Mahdollisuus lis\u00e4t\u00e4 DELTA 2 jolla kasvatat virtakapasiteetin aina 2048Wh saakka tai toinen vaihtoehto on DELTA Max lis\u00e4akku jolla kasvatat virtakapasiteetin 3040Wh saakka. Erinomainen vaihtoehto p\u00e4ivitt\u00e4in k\u00e4yt\u00f6ss\u00e4 oleviin laitteisiin.<\/p>\n<p><strong>Ominaisuuksia<\/strong><br \/>\n\u2022 1-3 kWh Laajennettavissa oleva kapasiteetti<br \/>\n\u2022 Suurteho AC-l\u00e4ht\u00f6<br \/>\n\u2022 7x nopeampi AC-lataus<br \/>\n\u2022 Ohjaus mist\u00e4 tahansa EcoFlow puhelinsovelluksella<\/p>\n<p><strong>Teknisi\u00e4 tietoja<\/strong><br \/>\n\u2022 Kapasiteetti: 1024 Wh<br \/>\n\u2022 Tukee yht\u00e4 DELTA 2 -lis\u00e4akkua tai DELTA Max -lis\u00e4akkua<br \/>\n\u2022 AC-l\u00e4ht\u00f6: 4 pistorasiaa, yhteens\u00e4 1800W (Surge 2700W)<br \/>\n\u2022 Laitteiden enimm\u00e4isteho (X-Boostilla): 2400W<br \/>\n\u2022 USB-A-l\u00e4ht\u00f6: 2 porttia, 5V, 2,4A, 12W Max<br \/>\n\u2022 USB-A-pikalataus: 2 porttia, 5 V, 2,4 A \/ 9 V, 2 A \/ 12 V, 1,5 A, 18 W Max<br \/>\n\u2022 USB-C-l\u00e4ht\u00f6: 2 porttia, 5\/9\/12\/15\/20V, 5A, 100W Max<br \/>\n\u2022 Auton lataus ulostulo: 1 portti, 12,6 V, 10 A, 126 W Max<br \/>\n\u2022 DC5521 l\u00e4ht\u00f6: 2 porttia, 12.6V, 3A, 38W Max<br \/>\n\u2022 AC-lataus: 1200W<br \/>\n\u2022 Lataus aurinkopaneelilla: 11-60V, 15A, 500W max<br \/>\n\u2022 Autolataus: Tukee 12V\/24V akkua, 8A<br \/>\n\u2022 DC-lataus: 1100W<br \/>\n\u2022 Kennot: LFP (LiFePO4-akku)<br \/>\n\u2022 Lataussyklit: 3000 sykli\u00e4 80+% kapasiteettiin<br \/>\n\u2022 Yhteydet: Wi-Fi ja Bluetooth<br \/>\n\u2022 Mitat:\u00a0400 x 211 x 281 mm<br \/>\n\u2022 Paino: 12 kg<br \/>\n\u2022 Takuu 60kk<\/p>","protected":false},"excerpt":{"rendered":"<p><strong>EcoFlow Delta 2 Virta-asema<\/strong> &#8211; 1 kWh:n kapasiteetilla sinulla on tarpeeksi energiaa kodin tai retkeily-\/matkailuauton v\u00e4ltt\u00e4m\u00e4tt\u00f6mimmille tavaroillesi tuntikausiksi. Mahdollisuus lis\u00e4t\u00e4 DELTA 2 jolla kasvatat virtakapasiteetin aina 2048Wh saakka tai toinen vaihtoehto on DELTA Max lis\u00e4akku jolla kasvatat virtakapasiteetin 3040Wh saakka. Erinomainen vaihtoehto p\u00e4ivitt\u00e4in k\u00e4yt\u00f6ss\u00e4 oleviin laitteisiin.<\/p>","protected":false},"featured_media":4173,"comment_status":"open","ping_status":"closed","template":"","meta":[],"product_brand":[],"product_cat":[35,15,34],"product_tag":[],"class_list":{"0":"post-4163","1":"product","2":"type-product","3":"status-publish","4":"has-post-thumbnail","6":"product_cat-ess-ratkaisut","7":"product_cat-products","8":"product_cat-virta-asemat","9":"product_shipping_class-campaign-shipping","10":"pa_brands-ecoflow","12":"first","13":"onbackorder","14":"taxable","15":"shipping-taxable","16":"purchasable","17":"product-type-variable"},"_links":{"self":[{"href":"https:\/\/texus.fi\/en\/wp-json\/wp\/v2\/product\/4163","targetHints":{"allow":["GET"]}}],"collection":[{"href":"https:\/\/texus.fi\/en\/wp-json\/wp\/v2\/product"}],"about":[{"href":"https:\/\/texus.fi\/en\/wp-json\/wp\/v2\/types\/product"}],"replies":[{"embeddable":true,"href":"https:\/\/texus.fi\/en\/wp-json\/wp\/v2\/comments?post=4163"}],"wp:featuredmedia":[{"embeddable":true,"href":"https:\/\/texus.fi\/en\/wp-json\/wp\/v2\/media\/4173"}],"wp:attachment":[{"href":"https:\/\/texus.fi\/en\/wp-json\/wp\/v2\/media?parent=4163"}],"wp:term":[{"taxonomy":"product_brand","embeddable":true,"href":"https:\/\/texus.fi\/en\/wp-json\/wp\/v2\/product_brand?post=4163"},{"taxonomy":"product_cat","embeddable":true,"href":"https:\/\/texus.fi\/en\/wp-json\/wp\/v2\/product_cat?post=4163"},{"taxonomy":"product_tag","embeddable":true,"href":"https:\/\/texus.fi\/en\/wp-json\/wp\/v2\/product_tag?post=4163"}],"curies":[{"name":"wp","href":"https:\/\/api.w.org\/{rel}","templated":true}]}}