{"id":4174,"date":"2025-06-02T08:55:09","date_gmt":"2025-06-02T05:55:09","guid":{"rendered":"https:\/\/texus.fi\/?post_type=product&#038;p=4174"},"modified":"2026-03-22T13:45:38","modified_gmt":"2026-03-22T10:45:38","slug":"ecoflow-wave-2-ilmastointilaitteen-lisaakku","status":"publish","type":"product","link":"https:\/\/texus.fi\/en\/ecoflow-wave-2-ilmastointilaitteen-lisaakku\/","title":{"rendered":"EcoFlow Wave 2 Ilmastointilaitteen lis\u00e4akku"},"content":{"rendered":"<p>Lis\u00e4akku EcoFlow Wave 2 ilmastointilaitteeseen.<\/p>\n<ul>\n<li>1159Wh kapasiteetti<\/li>\n<li>Irrotettava rakenne<\/li>\n<li>Kannettava tai s\u00e4ilytett\u00e4v\u00e4<\/li>\n<\/ul>","protected":false},"excerpt":{"rendered":"<p>Lis\u00e4akku EcoFlow Wave 2 ilmastointilaitteeseen.<\/p>\n<ul>\n<li>1159Wh kapasiteetti<\/li>\n<li>Irrotettava rakenne<\/li>\n<li>Kannettava tai s\u00e4ilytett\u00e4v\u00e4<\/li>\n<\/ul>","protected":false},"featured_media":4176,"comment_status":"open","ping_status":"closed","template":"","meta":[],"product_brand":[],"product_cat":[35,121,15,34],"product_tag":[],"class_list":{"0":"post-4174","1":"product","2":"type-product","3":"status-publish","4":"has-post-thumbnail","6":"product_cat-ess-ratkaisut","7":"product_cat-muut-tuotteet","8":"product_cat-products","9":"product_cat-virta-asemat","10":"product_shipping_class-campaign-shipping","11":"pa_brands-ecoflow","13":"first","14":"instock","15":"taxable","16":"shipping-taxable","17":"purchasable","18":"product-type-simple"},"_links":{"self":[{"href":"https:\/\/texus.fi\/en\/wp-json\/wp\/v2\/product\/4174","targetHints":{"allow":["GET"]}}],"collection":[{"href":"https:\/\/texus.fi\/en\/wp-json\/wp\/v2\/product"}],"about":[{"href":"https:\/\/texus.fi\/en\/wp-json\/wp\/v2\/types\/product"}],"replies":[{"embeddable":true,"href":"https:\/\/texus.fi\/en\/wp-json\/wp\/v2\/comments?post=4174"}],"wp:featuredmedia":[{"embeddable":true,"href":"https:\/\/texus.fi\/en\/wp-json\/wp\/v2\/media\/4176"}],"wp:attachment":[{"href":"https:\/\/texus.fi\/en\/wp-json\/wp\/v2\/media?parent=4174"}],"wp:term":[{"taxonomy":"product_brand","embeddable":true,"href":"https:\/\/texus.fi\/en\/wp-json\/wp\/v2\/product_brand?post=4174"},{"taxonomy":"product_cat","embeddable":true,"href":"https:\/\/texus.fi\/en\/wp-json\/wp\/v2\/product_cat?post=4174"},{"taxonomy":"product_tag","embeddable":true,"href":"https:\/\/texus.fi\/en\/wp-json\/wp\/v2\/product_tag?post=4174"}],"curies":[{"name":"wp","href":"https:\/\/api.w.org\/{rel}","templated":true}]}}