{"id":4186,"date":"2025-06-02T09:04:38","date_gmt":"2025-06-02T06:04:38","guid":{"rendered":"https:\/\/texus.fi\/?post_type=product&#038;p=4186"},"modified":"2026-03-22T13:45:17","modified_gmt":"2026-03-22T10:45:17","slug":"ecoflow-delta-2-lisaakku-2","status":"publish","type":"product","link":"https:\/\/texus.fi\/en\/ecoflow-delta-2-lisaakku-2\/","title":{"rendered":"EcoFlow DELTA 2 Lis\u00e4akku"},"content":{"rendered":"<p>EcoFlow DELTA 2 Lis\u00e4akku. Laajentaa Delta 2 virta-aseman kapasiteettia 2048Wh saakka. Ladattavissa my\u00f6s EcoFlow Smart Generatorilla.<\/p>\n<p><strong>Ominaisuuksia<\/strong><br \/>\n\u2022 Kapasiteetti 1024Wh<br \/>\n\u2022 Nopea lataus<br \/>\n\u2022 Paino 9,5kg<br \/>\n\u2022 Mitat 400 x 211 x 281mm<br \/>\n\u2022 Kennotyyppi: LFP<\/p>\n<p><strong>Paketin sis\u00e4lt\u00f6<\/strong><br \/>\n1x EcoFlow DELTA 2 Lis\u00e4akku<br \/>\n1x EcoFlow akkukaapeli<br \/>\n1x K\u00e4ytt\u00f6ohje<br \/>\n1x Takuukortti<\/p>","protected":false},"excerpt":{"rendered":"<p>EcoFlow DELTA 2 Lis\u00e4akku. Laajentaa Delta 2 virta-aseman kapasiteettia 2048Wh saakka. Ladattavissa my\u00f6s EcoFlow Smart Generatorilla.<\/p>\n<p><strong>Ominaisuuksia<\/strong><br \/>\n\u2022 Kapasiteetti 1024Wh<br \/>\n\u2022 Nopea lataus<br \/>\n\u2022 Paino 9,5kg<br \/>\n\u2022 Mitat 400 x 211 x 281mm<br \/>\n\u2022 Kennotyyppi: LFP<\/p>","protected":false},"featured_media":4187,"comment_status":"open","ping_status":"closed","template":"","meta":[],"product_brand":[],"product_cat":[35,15,34],"product_tag":[],"class_list":{"0":"post-4186","1":"product","2":"type-product","3":"status-publish","4":"has-post-thumbnail","6":"product_cat-ess-ratkaisut","7":"product_cat-products","8":"product_cat-virta-asemat","9":"product_shipping_class-campaign-shipping","10":"pa_brands-ecoflow","12":"first","13":"instock","14":"taxable","15":"shipping-taxable","16":"purchasable","17":"product-type-simple"},"_links":{"self":[{"href":"https:\/\/texus.fi\/en\/wp-json\/wp\/v2\/product\/4186","targetHints":{"allow":["GET"]}}],"collection":[{"href":"https:\/\/texus.fi\/en\/wp-json\/wp\/v2\/product"}],"about":[{"href":"https:\/\/texus.fi\/en\/wp-json\/wp\/v2\/types\/product"}],"replies":[{"embeddable":true,"href":"https:\/\/texus.fi\/en\/wp-json\/wp\/v2\/comments?post=4186"}],"wp:featuredmedia":[{"embeddable":true,"href":"https:\/\/texus.fi\/en\/wp-json\/wp\/v2\/media\/4187"}],"wp:attachment":[{"href":"https:\/\/texus.fi\/en\/wp-json\/wp\/v2\/media?parent=4186"}],"wp:term":[{"taxonomy":"product_brand","embeddable":true,"href":"https:\/\/texus.fi\/en\/wp-json\/wp\/v2\/product_brand?post=4186"},{"taxonomy":"product_cat","embeddable":true,"href":"https:\/\/texus.fi\/en\/wp-json\/wp\/v2\/product_cat?post=4186"},{"taxonomy":"product_tag","embeddable":true,"href":"https:\/\/texus.fi\/en\/wp-json\/wp\/v2\/product_tag?post=4186"}],"curies":[{"name":"wp","href":"https:\/\/api.w.org\/{rel}","templated":true}]}}