{"id":4204,"date":"2025-06-02T09:49:35","date_gmt":"2025-06-02T06:49:35","guid":{"rendered":"https:\/\/texus.fi\/?post_type=product&#038;p=4204"},"modified":"2026-03-22T13:43:14","modified_gmt":"2026-03-22T10:43:14","slug":"ecoflow-220w-taitettava-aurinkopaneeli","status":"publish","type":"product","link":"https:\/\/texus.fi\/en\/ecoflow-220w-taitettava-aurinkopaneeli\/","title":{"rendered":"EcoFlow 160W Aurinkopaneeli"},"content":{"rendered":"<p><strong>EcoFlow 160W<\/strong> kannettava aurinkopaneeli pystyy ker\u00e4\u00e4m\u00e4\u00e4n energiaa my\u00f6s sateen aikana. Suojaavan ETFE-kalvon ja korkean IP68 luokituksen ansiosta aurinkokennot kest\u00e4v\u00e4t ymp\u00e4rist\u00f6j\u00e4 kosteasta ja m\u00e4r\u00e4st\u00e4 kuivaan ja p\u00f6lyiseen.<\/p>\n<p><strong>Ominaisuuksia:<\/strong><br \/>\n\u2022 Kannettava<br \/>\n\u2022 Kest\u00e4v\u00e4, IP68-vesitiiviysluokitus<br \/>\n\u2022 Yksiosainen taitettava muotoilu<br \/>\n\u2022 Nimellisteho: 160W (\u00b15W)<br \/>\n\u2022 Koko kasaan taitettuna: 42 x 68 x 2,4 cm<br \/>\n\u2022 Koko avattuna: 157 x 68 x 2,4 cm<br \/>\n\u2022 Paino: 5,6 kg<br \/>\n\u2022 K\u00e4ytt\u00f6- ja s\u00e4ilytysl\u00e4mp\u00f6tila: -20\u00b0C &#8211; 85\u00b0C<br \/>\n\u2022 Takuu: 24 kuukautta<\/p>\n<p><strong>Pakkauksen sis\u00e4lt\u00f6:<\/strong><br \/>\n1x 160W Aurinkopaneeli<br \/>\n1x S\u00e4ilytyslaukku<br \/>\n1x Solar to XT60 kaapeli<br \/>\n1x K\u00e4ytt\u00f6opas<\/p>","protected":false},"excerpt":{"rendered":"<p><strong>EcoFlow 160W<\/strong> kannettava aurinkopaneeli pystyy ker\u00e4\u00e4m\u00e4\u00e4n energiaa my\u00f6s sateen aikana. Suojaavan ETFE-kalvon ja korkean IP68 luokituksen ansiosta aurinkokennot kest\u00e4v\u00e4t ymp\u00e4rist\u00f6j\u00e4 kosteasta ja m\u00e4r\u00e4st\u00e4 kuivaan ja p\u00f6lyiseen.<\/p>","protected":false},"featured_media":4231,"comment_status":"open","ping_status":"closed","template":"","meta":[],"product_brand":[],"product_cat":[27,15],"product_tag":[],"class_list":{"0":"post-4204","1":"product","2":"type-product","3":"status-publish","4":"has-post-thumbnail","6":"product_cat-aurinkopaneelit","7":"product_cat-products","8":"product_shipping_class-campaign-shipping","9":"pa_brands-ecoflow","11":"first","12":"instock","13":"taxable","14":"shipping-taxable","15":"purchasable","16":"product-type-simple"},"_links":{"self":[{"href":"https:\/\/texus.fi\/en\/wp-json\/wp\/v2\/product\/4204","targetHints":{"allow":["GET"]}}],"collection":[{"href":"https:\/\/texus.fi\/en\/wp-json\/wp\/v2\/product"}],"about":[{"href":"https:\/\/texus.fi\/en\/wp-json\/wp\/v2\/types\/product"}],"replies":[{"embeddable":true,"href":"https:\/\/texus.fi\/en\/wp-json\/wp\/v2\/comments?post=4204"}],"wp:featuredmedia":[{"embeddable":true,"href":"https:\/\/texus.fi\/en\/wp-json\/wp\/v2\/media\/4231"}],"wp:attachment":[{"href":"https:\/\/texus.fi\/en\/wp-json\/wp\/v2\/media?parent=4204"}],"wp:term":[{"taxonomy":"product_brand","embeddable":true,"href":"https:\/\/texus.fi\/en\/wp-json\/wp\/v2\/product_brand?post=4204"},{"taxonomy":"product_cat","embeddable":true,"href":"https:\/\/texus.fi\/en\/wp-json\/wp\/v2\/product_cat?post=4204"},{"taxonomy":"product_tag","embeddable":true,"href":"https:\/\/texus.fi\/en\/wp-json\/wp\/v2\/product_tag?post=4204"}],"curies":[{"name":"wp","href":"https:\/\/api.w.org\/{rel}","templated":true}]}}