{"id":4212,"date":"2025-06-02T10:04:41","date_gmt":"2025-06-02T07:04:41","guid":{"rendered":"https:\/\/texus.fi\/?post_type=product&#038;p=4212"},"modified":"2026-03-22T13:43:08","modified_gmt":"2026-03-22T10:43:08","slug":"ecoflow-river-2-max-virta-asema","status":"publish","type":"product","link":"https:\/\/texus.fi\/en\/ecoflow-river-2-max-virta-asema\/","title":{"rendered":"EcoFlow RIVER 2 Max Virta-asema"},"content":{"rendered":"<p><strong>EcoFlow River 2 Max Virta-asema<\/strong> p\u00e4ihitt\u00e4\u00e4 alan latausnopeusstandardin ja latautuu t\u00e4yteen vain 60 minuutissa. Se on 5 kertaa nopeampi kuin muut markkinoiden kannettavat voimalaitokset ja 38 % nopeampi kuin aikaisemmat sukupolvet. Lataa RIVER 2 Max t\u00e4yteen samalla kun pakkaat matkalaukkusi, joten olet aina valmis reissuun.\u00a0P\u00e4ivitetyn pitk\u00e4ik\u00e4isen LFP-akun ansiosta yli 3000 lataus- ja k\u00e4ytt\u00f6kertaa. 10 vuotta jokap\u00e4iv\u00e4ist\u00e4 k\u00e4ytt\u00f6\u00e4 6 kertaa pidempi kuin alan keskiarvo. LFP-kennoilla RIVER 2 -sarja on turvallinen, kest\u00e4v\u00e4 ja eritt\u00e4in tehokas. Kompaktin rakenteen ansiosta helppo kantaa sek\u00e4 siirrell\u00e4. Kevyt RIVER 2 Max on 22 % kevyempi kuin edellinen sukupolvi, joten se on valmis tarjoamaan virtaa esimerkiksi ulkoaktiviteetteihin.<\/p>\n<p><strong>Ensimm\u00e4inen virta-asema, joka on T\u00dcV Rheinland -turvallisuussertifioitu.<\/strong><br \/>\nRIVER 2 -sarja on muiden yl\u00e4puolella, sill\u00e4 se on ensimm\u00e4inen kannettava virta-asema maailmassa, joka on ansainnut T\u00dcV Rheinlandin turvallisuussertifikaatin. Korkean turvallisuustason ansiosta T\u00dcV Rheinland -sertifikaatti tarkoittaa, ett\u00e4 RIVER 2:n turvallisuus ja luotettavuus on taattu.<\/p>\n<p><strong>Ominaisuuksia<\/strong><br \/>\n\u2022 Lataa 0-100 % vain 60 minuutissa<br \/>\n\u2022 Turvallinen ja luotettava 10 vuoden k\u00e4ytt\u00f6\u00f6n<br \/>\n\u2022 K\u00e4yt\u00e4 jopa 80 % t\u00e4rkeimmist\u00e4 laitteista<br \/>\n\u2022 Nelj\u00e4 eri latausmahdollisuutta: verkkovirta, autolataus, aurinkopaneeli &amp; USB-C<br \/>\n\u2022 Helppo siirrell\u00e4 ja kantaa<br \/>\n\u2022 Virtaa sormiesi ulottuvilla<br \/>\n\u2022 Paino vain 6kg<br \/>\n\u2022 Tukee EcoFlow puhelinsovellusta<\/p>\n<p><strong>Teknisi\u00e4 tietoja<\/strong><br \/>\n\u2022 Kapasiteetti: 512Wh<br \/>\n\u2022 Paino: 6kg<br \/>\n\u2022 Mitat: 270 x 260 x 196 mm<br \/>\n\u2022 AC-tulo: 220-240V ~ 50Hz\/60Hz, 660W Max<br \/>\n\u2022 Aurinkopaneelin tulo: 11-50V 13A, 220W Max<br \/>\n\u2022 Auton sy\u00f6tt\u00f6: 12V\/24V, 8A, 100W Max<br \/>\n\u2022 USB-C-tulo\/l\u00e4ht\u00f6: 5\/9\/12\/15\/20V, 5A, 100W Max<br \/>\n\u2022 DC-l\u00e4ht\u00f6: 12.6V, 10A\/3A\/3A, 126W Max<br \/>\n\u2022\u00a0USB-A-l\u00e4ht\u00f6: 5V, 2,4A, 12W Max<br \/>\n\u2022 AC-l\u00e4ht\u00f6: Puhdas siniaalto, yhteens\u00e4 500 W (ylij\u00e4nnite 1000 W), 230 V ~ 50 Hz\/60 Hz<br \/>\n\u2022 Kennot: LFP<br \/>\n\u2022 Lataussyklit: 80%+ kapasiteetti 3000 jakson j\u00e4lkeen<br \/>\n\u2022 Purkausl\u00e4mp\u00f6tila: -10 \u00b0C &#8211; 45 \u00b0C<br \/>\n\u2022 Latausl\u00e4mp\u00f6tila: 0 \u00b0C &#8211; 45 \u00b0C<br \/>\n\u2022 Optimaalinen k\u00e4ytt\u00f6l\u00e4mp\u00f6tila: 20\u00b0C &#8211; 30\u00b0C<br \/>\n\u2022 S\u00e4ilytysl\u00e4mp\u00f6tila -10 \u00b0C &#8211; 45 \u00b0C (20 \u00b0C &#8211; 30 \u00b0C on paras)<br \/>\n\u2022 DC5521 l\u00e4ht\u00f6: 12,6 V, 3 A, 36 W Max<br \/>\n\u2022 Sovelluksen hallinta: Wi-Fi, Bluetooth<\/p>","protected":false},"excerpt":{"rendered":"<p><strong>EcoFlow River 2 Max Virta-asema<\/strong> p\u00e4ihitt\u00e4\u00e4 alan latausnopeusstandardin ja latautuu t\u00e4yteen vain 60 minuutissa. Se on 5 kertaa nopeampi kuin muut markkinoiden kannettavat voimalaitokset ja 38 % nopeampi kuin aikaisemmat sukupolvet. Lataa RIVER 2 Max t\u00e4yteen samalla kun pakkaat matkalaukkusi, joten olet aina valmis reissuun.\u00a0P\u00e4ivitetyn pitk\u00e4ik\u00e4isen LFP-akun ansiosta yli 3000 lataus- ja k\u00e4ytt\u00f6kertaa. 10 vuotta jokap\u00e4iv\u00e4ist\u00e4 k\u00e4ytt\u00f6\u00e4 6 kertaa pidempi kuin alan keskiarvo. LFP-kennoilla RIVER 2 -sarja on turvallinen, kest\u00e4v\u00e4 ja eritt\u00e4in tehokas. Kompaktin rakenteen ansiosta helppo kantaa sek\u00e4 siirrell\u00e4. Kevyt RIVER 2 Max on 22 % kevyempi kuin edellinen sukupolvi, joten se on valmis tarjoamaan virtaa esimerkiksi ulkoaktiviteetteihin.<\/p>","protected":false},"featured_media":4219,"comment_status":"open","ping_status":"closed","template":"","meta":[],"product_brand":[],"product_cat":[35,15,34],"product_tag":[],"class_list":{"0":"post-4212","1":"product","2":"type-product","3":"status-publish","4":"has-post-thumbnail","6":"product_cat-ess-ratkaisut","7":"product_cat-products","8":"product_cat-virta-asemat","9":"product_shipping_class-campaign-shipping","10":"pa_brands-ecoflow","12":"first","13":"instock","14":"taxable","15":"shipping-taxable","16":"purchasable","17":"product-type-variable"},"_links":{"self":[{"href":"https:\/\/texus.fi\/en\/wp-json\/wp\/v2\/product\/4212","targetHints":{"allow":["GET"]}}],"collection":[{"href":"https:\/\/texus.fi\/en\/wp-json\/wp\/v2\/product"}],"about":[{"href":"https:\/\/texus.fi\/en\/wp-json\/wp\/v2\/types\/product"}],"replies":[{"embeddable":true,"href":"https:\/\/texus.fi\/en\/wp-json\/wp\/v2\/comments?post=4212"}],"wp:featuredmedia":[{"embeddable":true,"href":"https:\/\/texus.fi\/en\/wp-json\/wp\/v2\/media\/4219"}],"wp:attachment":[{"href":"https:\/\/texus.fi\/en\/wp-json\/wp\/v2\/media?parent=4212"}],"wp:term":[{"taxonomy":"product_brand","embeddable":true,"href":"https:\/\/texus.fi\/en\/wp-json\/wp\/v2\/product_brand?post=4212"},{"taxonomy":"product_cat","embeddable":true,"href":"https:\/\/texus.fi\/en\/wp-json\/wp\/v2\/product_cat?post=4212"},{"taxonomy":"product_tag","embeddable":true,"href":"https:\/\/texus.fi\/en\/wp-json\/wp\/v2\/product_tag?post=4212"}],"curies":[{"name":"wp","href":"https:\/\/api.w.org\/{rel}","templated":true}]}}