{"id":4220,"date":"2025-06-02T10:11:08","date_gmt":"2025-06-02T07:11:08","guid":{"rendered":"https:\/\/texus.fi\/?post_type=product&#038;p=4220"},"modified":"2026-03-22T13:42:54","modified_gmt":"2026-03-22T10:42:54","slug":"ecoflow-river-3-plus-smart-extra-battery-eb600-572wh","status":"publish","type":"product","link":"https:\/\/texus.fi\/en\/ecoflow-river-3-plus-smart-extra-battery-eb600-572wh\/","title":{"rendered":"EcoFlow River 3 Plus Smart Extra Battery EB600 (572Wh)"},"content":{"rendered":"<p data-start=\"0\" data-end=\"201\">EcoFlow RIVER 3 Plus Smart Extra Battery EB600 on suunniteltu laajentamaan RIVER 3 Plus -virtal\u00e4hteen kapasiteettia, tarjoten joustavuutta ja pidemp\u00e4\u00e4 k\u00e4ytt\u00f6aikaa.<\/p>\n<p data-start=\"203\" data-end=\"223\"><strong data-start=\"203\" data-end=\"223\">P\u00e4\u00e4ominaisuudet:<\/strong><\/p>\n<ul data-start=\"225\" data-end=\"947\">\n<li data-start=\"225\" data-end=\"431\">\n<p data-start=\"227\" data-end=\"431\"><strong data-start=\"227\" data-end=\"258\">Laajennettava kapasiteetti:<\/strong>\u00a0EB600-akun avulla voit kasvattaa RIVER 3 Plus -laitteen kapasiteettia 572 Wh:lla, jolloin kokonaiskapasiteetti nousee jopa 858 Wh:iin.<\/p>\n<\/li>\n<li data-start=\"433\" data-end=\"632\">\n<p data-start=\"435\" data-end=\"632\"><strong data-start=\"435\" data-end=\"473\">Monipuoliset latausmahdollisuudet:<\/strong>\u00a0EB600 tarjoaa lis\u00e4yksen 140 W USB-C-tulo- ja l\u00e4ht\u00f6tehoon, mahdollistaen useampien laitteiden lataamisen samanaikaisesti.<\/p>\n<\/li>\n<li data-start=\"634\" data-end=\"791\">\n<p data-start=\"636\" data-end=\"791\"><strong data-start=\"636\" data-end=\"660\">Helppo liitett\u00e4vyys:<\/strong>\u00a0Langaton Pogo Pin -yhteys mahdollistaa vaivattoman liitt\u00e4misen ilman kaapeleita tai ruuveja.<\/p>\n<\/li>\n<li data-start=\"793\" data-end=\"947\">\n<p data-start=\"795\" data-end=\"947\"><strong data-start=\"795\" data-end=\"817\">Itsen\u00e4inen k\u00e4ytt\u00f6:<\/strong>\u00a0EB600-akkua voidaan k\u00e4ytt\u00e4\u00e4 my\u00f6s itsen\u00e4isesti, mik\u00e4 lis\u00e4\u00e4 joustavuutta energiantarpeisiisi.<\/p>\n<\/li>\n<\/ul>\n<p data-start=\"949\" data-end=\"1179\">EcoFlow RIVER 3 Plus Smart Extra Battery EB600 on ihanteellinen ratkaisu niille, jotka tarvitsevat lis\u00e4\u00e4 energiaa matkalla tai kotona, varmistaen, ett\u00e4 laitteesi pysyv\u00e4t toiminnassa pidemp\u00e4\u00e4n.<\/p>\n<p data-start=\"1181\" data-end=\"1249\"><strong data-start=\"1181\" data-end=\"1249\">Tekniset tiedot \u2013 EcoFlow RIVER 3 Plus Smart Extra Battery EB600<\/strong><\/p>\n<ul data-start=\"1251\" data-end=\"1587\">\n<li data-start=\"1251\" data-end=\"1315\">\n<p data-start=\"1253\" data-end=\"1315\"><strong data-start=\"1253\" data-end=\"1270\">Kapasiteetti:<\/strong>\u00a0572 Wh<\/p>\n<\/li>\n<li data-start=\"1317\" data-end=\"1411\">\n<p data-start=\"1319\" data-end=\"1411\"><strong data-start=\"1319\" data-end=\"1329\">Mitat:<\/strong>\u00a0234 \u00d7 223 \u00d7 110 mm (9,2 \u00d7 8,8 \u00d7 4,3 tuumaa)<\/p>\n<\/li>\n<li data-start=\"1413\" data-end=\"1479\">\n<p data-start=\"1415\" data-end=\"1479\"><strong data-start=\"1415\" data-end=\"1425\">Paino:<\/strong>\u00a03,5 kg (7,7 lb)<\/p>\n<\/li>\n<li data-start=\"1481\" data-end=\"1587\">\n<p data-start=\"1483\" data-end=\"1587\"><strong data-start=\"1483\" data-end=\"1502\">Akkuteknologia:<\/strong>\u00a0LiFePO4, 3000 lataussykli\u00e4 80 % kapasiteettiin<\/p>\n<\/li>\n<\/ul>\n<p data-start=\"1589\" data-end=\"1603\"><strong data-start=\"1589\" data-end=\"1603\">Liit\u00e4nn\u00e4t:<\/strong><\/p>\n<ul data-start=\"1605\" data-end=\"1843\">\n<li data-start=\"1605\" data-end=\"1729\">\n<p data-start=\"1607\" data-end=\"1729\"><strong data-start=\"1607\" data-end=\"1626\">USB-C-ulostulo:<\/strong>\u00a01 portti, 5V\/9V\/12V\/15V?3A maks., 20V\/28V?5A maks., 140W maks.<\/p>\n<\/li>\n<li data-start=\"1731\" data-end=\"1843\">\n<p data-start=\"1733\" data-end=\"1843\"><strong data-start=\"1733\" data-end=\"1750\">USB-C-sy\u00f6tt\u00f6:<\/strong>\u00a05V\/9V\/12V\/15V?3A maks., 20V\/28V?5A maks., 140W maks.<\/p>\n<\/li>\n<\/ul>","protected":false},"excerpt":{"rendered":"<p data-start=\"0\" data-end=\"201\">EcoFlow RIVER 3 Plus Smart Extra Battery EB600 on suunniteltu laajentamaan RIVER 3 Plus -virtal\u00e4hteen kapasiteettia, tarjoten joustavuutta ja pidemp\u00e4\u00e4 k\u00e4ytt\u00f6aikaa.<\/p>\n<p data-start=\"203\" data-end=\"223\"><strong data-start=\"203\" data-end=\"223\">P\u00e4\u00e4ominaisuudet:<\/strong><\/p>\n<ul data-start=\"225\" data-end=\"947\">\n<li data-start=\"225\" data-end=\"431\">\n<p data-start=\"227\" data-end=\"431\"><strong data-start=\"227\" data-end=\"258\">Laajennettava kapasiteetti:<\/strong>\u00a0EB600-akun avulla voit kasvattaa RIVER 3 Plus -laitteen kapasiteettia 572 Wh:lla, jolloin kokonaiskapasiteetti nousee jopa 858 Wh:iin.<\/p>\n<\/li>\n<li data-start=\"433\" data-end=\"632\">\n<p data-start=\"435\" data-end=\"632\"><strong data-start=\"435\" data-end=\"473\">Monipuoliset latausmahdollisuudet:<\/strong>\u00a0EB600 tarjoaa lis\u00e4yksen 140 W USB-C-tulo- ja l\u00e4ht\u00f6tehoon, mahdollistaen useampien laitteiden lataamisen samanaikaisesti.<\/p>\n<\/li>\n<li data-start=\"634\" data-end=\"791\">\n<p data-start=\"636\" data-end=\"791\"><strong data-start=\"636\" data-end=\"660\">Helppo liitett\u00e4vyys:<\/strong>\u00a0Langaton Pogo Pin -yhteys mahdollistaa vaivattoman liitt\u00e4misen ilman kaapeleita tai ruuveja.<\/p>\n<\/li>\n<li data-start=\"793\" data-end=\"947\">\n<p data-start=\"795\" data-end=\"947\"><strong data-start=\"795\" data-end=\"817\">Itsen\u00e4inen k\u00e4ytt\u00f6:<\/strong>\u00a0EB600-akkua voidaan k\u00e4ytt\u00e4\u00e4 my\u00f6s itsen\u00e4isesti, mik\u00e4 lis\u00e4\u00e4 joustavuutta energiantarpeisiisi.<\/p>\n<\/li>\n<\/ul>","protected":false},"featured_media":4225,"comment_status":"open","ping_status":"closed","template":"","meta":[],"product_brand":[],"product_cat":[35,15,34],"product_tag":[],"class_list":{"0":"post-4220","1":"product","2":"type-product","3":"status-publish","4":"has-post-thumbnail","6":"product_cat-ess-ratkaisut","7":"product_cat-products","8":"product_cat-virta-asemat","9":"product_shipping_class-campaign-shipping","10":"pa_brands-ecoflow","12":"first","13":"instock","14":"taxable","15":"shipping-taxable","16":"purchasable","17":"product-type-simple"},"_links":{"self":[{"href":"https:\/\/texus.fi\/en\/wp-json\/wp\/v2\/product\/4220","targetHints":{"allow":["GET"]}}],"collection":[{"href":"https:\/\/texus.fi\/en\/wp-json\/wp\/v2\/product"}],"about":[{"href":"https:\/\/texus.fi\/en\/wp-json\/wp\/v2\/types\/product"}],"replies":[{"embeddable":true,"href":"https:\/\/texus.fi\/en\/wp-json\/wp\/v2\/comments?post=4220"}],"wp:featuredmedia":[{"embeddable":true,"href":"https:\/\/texus.fi\/en\/wp-json\/wp\/v2\/media\/4225"}],"wp:attachment":[{"href":"https:\/\/texus.fi\/en\/wp-json\/wp\/v2\/media?parent=4220"}],"wp:term":[{"taxonomy":"product_brand","embeddable":true,"href":"https:\/\/texus.fi\/en\/wp-json\/wp\/v2\/product_brand?post=4220"},{"taxonomy":"product_cat","embeddable":true,"href":"https:\/\/texus.fi\/en\/wp-json\/wp\/v2\/product_cat?post=4220"},{"taxonomy":"product_tag","embeddable":true,"href":"https:\/\/texus.fi\/en\/wp-json\/wp\/v2\/product_tag?post=4220"}],"curies":[{"name":"wp","href":"https:\/\/api.w.org\/{rel}","templated":true}]}}