{"id":4255,"date":"2025-06-01T10:35:44","date_gmt":"2025-06-01T07:35:44","guid":{"rendered":"https:\/\/texus.fi\/?post_type=product&#038;p=4255"},"modified":"2026-03-22T13:48:13","modified_gmt":"2026-03-22T10:48:13","slug":"ecoflow-mc4-to-xt60i-solar-kaapeli-3-5m","status":"publish","type":"product","link":"https:\/\/texus.fi\/en\/ecoflow-mc4-to-xt60i-solar-kaapeli-3-5m\/","title":{"rendered":"EcoFlow MC4 to XT60i Solar kaapeli 3.5m"},"content":{"rendered":"<p>EcoFlow Solar ja XT60i latauskaapeli (3,5m)<\/p>\n<p>Liit\u00e4 aurinkopaneeli EcoFlow virta-asemaan niin saat puhdasta, tehokasta ja luotettavaa s\u00e4hk\u00f6\u00e4 minne ikin\u00e4 menetkin.<\/p>\n<p>EcoFlow Solar to XT60i latauskaapelin (3,5m) avulla voit liitt\u00e4\u00e4 kannettavan EcoFlow-virtal\u00e4hteen aurinkopaneeliin.<\/p>\n<p><strong><br \/>\nTechnical Information:<br \/>\n<\/strong><\/p>\n<p><strong>Kaapelityyppi\u00a0<\/strong>&#8211; Solar-XT60i-latauskaapeli<\/p>\n<p><strong>Pituus\u00a0<\/strong>&#8211; 3.5m<\/p>\n<p><strong>Pakkaus sis\u00e4lt\u00e4\u00e4\u00a0<\/strong>&#8211; 3,5m EcoFlow Solar &#8211; XT60i latauskaapeli<\/p>","protected":false},"excerpt":{"rendered":"<p>EcoFlow Solar ja XT60i latauskaapeli (3,5m)<\/p>\n<p>Liit\u00e4 aurinkopaneeli EcoFlow virta-asemaan niin saat puhdasta, tehokasta ja luotettavaa s\u00e4hk\u00f6\u00e4 minne ikin\u00e4 menetkin.<\/p>\n<p>EcoFlow Solar to XT60i latauskaapelin (3,5m) avulla voit liitt\u00e4\u00e4 kannettavan EcoFlow-virtal\u00e4hteen aurinkopaneeliin.<\/p>\n<p><strong><br \/>\nTechnical Information:<br \/>\n<\/strong><\/p>\n<p><strong>Kaapelityyppi\u00a0<\/strong>&#8211; Solar-XT60i-latauskaapeli<\/p>\n<p><strong>Pituus\u00a0<\/strong>&#8211; 3.5m<\/p>\n<p><strong>Pakkaus sis\u00e4lt\u00e4\u00e4\u00a0<\/strong>&#8211; 3,5m EcoFlow Solar &#8211; XT60i latauskaapeli<\/p>","protected":false},"featured_media":4257,"comment_status":"open","ping_status":"closed","template":"","meta":[],"product_brand":[],"product_cat":[27,15],"product_tag":[],"class_list":{"0":"post-4255","1":"product","2":"type-product","3":"status-publish","4":"has-post-thumbnail","6":"product_cat-aurinkopaneelit","7":"product_cat-products","8":"product_shipping_class-campaign-shipping","9":"pa_brands-ecoflow","11":"first","12":"instock","13":"taxable","14":"shipping-taxable","15":"purchasable","16":"product-type-simple"},"_links":{"self":[{"href":"https:\/\/texus.fi\/en\/wp-json\/wp\/v2\/product\/4255","targetHints":{"allow":["GET"]}}],"collection":[{"href":"https:\/\/texus.fi\/en\/wp-json\/wp\/v2\/product"}],"about":[{"href":"https:\/\/texus.fi\/en\/wp-json\/wp\/v2\/types\/product"}],"replies":[{"embeddable":true,"href":"https:\/\/texus.fi\/en\/wp-json\/wp\/v2\/comments?post=4255"}],"wp:featuredmedia":[{"embeddable":true,"href":"https:\/\/texus.fi\/en\/wp-json\/wp\/v2\/media\/4257"}],"wp:attachment":[{"href":"https:\/\/texus.fi\/en\/wp-json\/wp\/v2\/media?parent=4255"}],"wp:term":[{"taxonomy":"product_brand","embeddable":true,"href":"https:\/\/texus.fi\/en\/wp-json\/wp\/v2\/product_brand?post=4255"},{"taxonomy":"product_cat","embeddable":true,"href":"https:\/\/texus.fi\/en\/wp-json\/wp\/v2\/product_cat?post=4255"},{"taxonomy":"product_tag","embeddable":true,"href":"https:\/\/texus.fi\/en\/wp-json\/wp\/v2\/product_tag?post=4255"}],"curies":[{"name":"wp","href":"https:\/\/api.w.org\/{rel}","templated":true}]}}