{"id":4267,"date":"2025-06-02T10:52:30","date_gmt":"2025-06-02T07:52:30","guid":{"rendered":"https:\/\/texus.fi\/?post_type=product&#038;p=4267"},"modified":"2026-03-22T13:42:03","modified_gmt":"2026-03-22T10:42:03","slug":"ecoflow-river-3-plus-smart-extra-battery-eb300-286wh","status":"publish","type":"product","link":"https:\/\/texus.fi\/en\/ecoflow-river-3-plus-smart-extra-battery-eb300-286wh\/","title":{"rendered":"EcoFlow River 3 Plus Smart Extra Battery EB300 (286Wh)"},"content":{"rendered":"<p data-start=\"0\" data-end=\"201\"><strong>EcoFlow RIVER 3 Plus Smart Extra Battery EB300<\/strong> on suunniteltu laajentamaan RIVER 3 Plus -virtal\u00e4hteen kapasiteettia, tarjoten joustavuutta ja pidemp\u00e4\u00e4 k\u00e4ytt\u00f6aikaa.<\/p>\n<p data-start=\"203\" data-end=\"223\"><strong data-start=\"203\" data-end=\"223\">P\u00e4\u00e4ominaisuudet:<\/strong><\/p>\n<ul data-start=\"225\" data-end=\"894\">\n<li data-start=\"225\" data-end=\"378\">\n<p data-start=\"227\" data-end=\"378\"><strong data-start=\"227\" data-end=\"258\">Laajennettava kapasiteetti:<\/strong>\u00a0EB300-akun avulla voit kasvattaa RIVER 3 Plus -laitteen kapasiteettia 286 Wh:lla.<\/p>\n<\/li>\n<li data-start=\"380\" data-end=\"579\">\n<p data-start=\"382\" data-end=\"579\"><strong data-start=\"382\" data-end=\"420\">Monipuoliset latausmahdollisuudet:<\/strong>\u00a0EB300 tarjoaa lis\u00e4yksen 140 W USB-C-tulo- ja l\u00e4ht\u00f6tehoon, mahdollistaen useampien laitteiden lataamisen samanaikaisesti.<\/p>\n<\/li>\n<li data-start=\"581\" data-end=\"738\">\n<p data-start=\"583\" data-end=\"738\"><strong data-start=\"583\" data-end=\"607\">Helppo liitett\u00e4vyys:<\/strong>\u00a0Langaton Pogo Pin -yhteys mahdollistaa vaivattoman liitt\u00e4misen ilman kaapeleita tai ruuveja.<\/p>\n<\/li>\n<li data-start=\"740\" data-end=\"894\">\n<p data-start=\"742\" data-end=\"894\"><strong data-start=\"742\" data-end=\"764\">Itsen\u00e4inen k\u00e4ytt\u00f6:<\/strong>\u00a0EB300-akkua voidaan k\u00e4ytt\u00e4\u00e4 my\u00f6s itsen\u00e4isesti, mik\u00e4 lis\u00e4\u00e4 joustavuutta energiantarpeisiisi.<\/p>\n<\/li>\n<\/ul>\n<p data-start=\"896\" data-end=\"1088\">EcoFlow RIVER 3 Plus Smart Extra Battery EB300 on ihanteellinen ratkaisu niille, jotka tarvitsevat lis\u00e4\u00e4 energiaa matkalla tai kotona, varmistaen, ett\u00e4 laitteesi pysyv\u00e4t toiminnassa pidemp\u00e4\u00e4n.<\/p>\n<p data-start=\"0\" data-end=\"70\"><strong data-start=\"0\" data-end=\"68\">Tekniset tiedot \u2013 EcoFlow RIVER 3 Plus Smart Extra Battery EB300<\/strong><\/p>\n<ul data-start=\"72\" data-end=\"261\">\n<li data-start=\"72\" data-end=\"100\">Kapasiteetti: 286 Wh<\/li>\n<li data-start=\"101\" data-end=\"159\">Mitat: 234 \u00d7 223 \u00d7 110 mm (9,2 \u00d7 8,8 \u00d7 4,3 tuumaa)<\/li>\n<li data-start=\"160\" data-end=\"190\">Paino: 3,5 kg (7,7 lb)<\/li>\n<li data-start=\"191\" data-end=\"261\">Akkuteknologia: LiFePO4, 3000 lataussykli\u00e4 80 % kapasiteettiin<\/li>\n<\/ul>\n<p data-start=\"263\" data-end=\"278\"><strong data-start=\"263\" data-end=\"276\">Interfaces<\/strong><\/p>\n<ul data-start=\"279\" data-end=\"438\" data-is-last-node=\"\" data-is-only-node=\"\">\n<li data-start=\"279\" data-end=\"365\">USB-C-ulostulo: 1 portti, 5V\/9V\/12V\/15V?3A maks., 20V\/28V?5A maks., 140W maks.<\/li>\n<li data-start=\"366\" data-end=\"438\" data-is-last-node=\"\">USB-C-sy\u00f6tt\u00f6: 5V\/9V\/12V\/15V?3A maks., 20V\/28V?5A maks., 140W maks.<\/li>\n<\/ul>","protected":false},"excerpt":{"rendered":"<p data-start=\"0\" data-end=\"201\"><strong>EcoFlow RIVER 3 Plus Smart Extra Battery EB300<\/strong> on suunniteltu laajentamaan RIVER 3 Plus -virtal\u00e4hteen kapasiteettia, tarjoten joustavuutta ja pidemp\u00e4\u00e4 k\u00e4ytt\u00f6aikaa.<\/p>\n<p data-start=\"203\" data-end=\"223\"><strong data-start=\"203\" data-end=\"223\">P\u00e4\u00e4ominaisuudet:<\/strong><\/p>\n<ul data-start=\"225\" data-end=\"894\">\n<li data-start=\"225\" data-end=\"378\">\n<p data-start=\"227\" data-end=\"378\"><strong data-start=\"227\" data-end=\"258\">Laajennettava kapasiteetti:<\/strong>\u00a0EB300-akun avulla voit kasvattaa RIVER 3 Plus -laitteen kapasiteettia 286 Wh:lla.<\/p>\n<\/li>\n<li data-start=\"380\" data-end=\"579\">\n<p data-start=\"382\" data-end=\"579\"><strong data-start=\"382\" data-end=\"420\">Monipuoliset latausmahdollisuudet:<\/strong>\u00a0EB300 tarjoaa lis\u00e4yksen 140 W USB-C-tulo- ja l\u00e4ht\u00f6tehoon, mahdollistaen useampien laitteiden lataamisen samanaikaisesti.<\/p>\n<\/li>\n<li data-start=\"581\" data-end=\"738\">\n<p data-start=\"583\" data-end=\"738\"><strong data-start=\"583\" data-end=\"607\">Helppo liitett\u00e4vyys:<\/strong>\u00a0Langaton Pogo Pin -yhteys mahdollistaa vaivattoman liitt\u00e4misen ilman kaapeleita tai ruuveja.<\/p>\n<\/li>\n<li data-start=\"740\" data-end=\"894\">\n<p data-start=\"742\" data-end=\"894\"><strong data-start=\"742\" data-end=\"764\">Itsen\u00e4inen k\u00e4ytt\u00f6:<\/strong>\u00a0EB300-akkua voidaan k\u00e4ytt\u00e4\u00e4 my\u00f6s itsen\u00e4isesti, mik\u00e4 lis\u00e4\u00e4 joustavuutta energiantarpeisiisi.<\/p>\n<\/li>\n<\/ul>","protected":false},"featured_media":4272,"comment_status":"open","ping_status":"closed","template":"","meta":[],"product_brand":[],"product_cat":[35,15,34],"product_tag":[],"class_list":{"0":"post-4267","1":"product","2":"type-product","3":"status-publish","4":"has-post-thumbnail","6":"product_cat-ess-ratkaisut","7":"product_cat-products","8":"product_cat-virta-asemat","9":"product_shipping_class-campaign-shipping","10":"pa_brands-ecoflow","12":"first","13":"instock","14":"taxable","15":"shipping-taxable","16":"purchasable","17":"product-type-simple"},"_links":{"self":[{"href":"https:\/\/texus.fi\/en\/wp-json\/wp\/v2\/product\/4267","targetHints":{"allow":["GET"]}}],"collection":[{"href":"https:\/\/texus.fi\/en\/wp-json\/wp\/v2\/product"}],"about":[{"href":"https:\/\/texus.fi\/en\/wp-json\/wp\/v2\/types\/product"}],"replies":[{"embeddable":true,"href":"https:\/\/texus.fi\/en\/wp-json\/wp\/v2\/comments?post=4267"}],"wp:featuredmedia":[{"embeddable":true,"href":"https:\/\/texus.fi\/en\/wp-json\/wp\/v2\/media\/4272"}],"wp:attachment":[{"href":"https:\/\/texus.fi\/en\/wp-json\/wp\/v2\/media?parent=4267"}],"wp:term":[{"taxonomy":"product_brand","embeddable":true,"href":"https:\/\/texus.fi\/en\/wp-json\/wp\/v2\/product_brand?post=4267"},{"taxonomy":"product_cat","embeddable":true,"href":"https:\/\/texus.fi\/en\/wp-json\/wp\/v2\/product_cat?post=4267"},{"taxonomy":"product_tag","embeddable":true,"href":"https:\/\/texus.fi\/en\/wp-json\/wp\/v2\/product_tag?post=4267"}],"curies":[{"name":"wp","href":"https:\/\/api.w.org\/{rel}","templated":true}]}}