{"id":4287,"date":"2025-06-02T11:06:26","date_gmt":"2025-06-02T08:06:26","guid":{"rendered":"https:\/\/texus.fi\/?post_type=product&#038;p=4287"},"modified":"2026-03-22T13:41:48","modified_gmt":"2026-03-22T10:41:48","slug":"ecoflow-110w-taitettava-aurinkopaneeli-2","status":"publish","type":"product","link":"https:\/\/texus.fi\/en\/ecoflow-110w-taitettava-aurinkopaneeli-2\/","title":{"rendered":"EcoFlow 110W taitettava aurinkopaneeli"},"content":{"rendered":"<p>Kasaan taitettava <strong>EcoFlow 110W aurinkopaneeli.<\/strong> Alan johtavalla 23 prosentin hy\u00f6tysuhteella. Paneeli on huomattavasti kevyempi sek\u00e4 noin 10 % pienempi, kuin vastaavat kannettavat aurinkopaneelit markkinoilla. T\u00e4m\u00e4 tarkoittaa nopeampaa ja helpompaa latausta miss\u00e4 tahansa.<\/p>\n<p><strong>HUOM! Aurinkopaneeli ei sis\u00e4ll\u00e4 kaapelia aurinkopaneelista virta-asemaan. Yhteensopiva 3,5m kaapeli (MC4 to XT60i) l\u00f6yd\u00e4t<\/strong>\u00a0<a href=\"https:\/\/texus.fi\/en\/ecoflow-mc4-to-xt60i-solar-kaapeli-3-5m\/\">T\u00c4ST\u00c4 LINKIST\u00c4<\/a><\/p>\n<p><strong>Ominaisuuksia<\/strong><br \/>\n\u2022 Kannettava ja kevyt<br \/>\n\u2022 Jopa 23 % muuntoprosentti<br \/>\n\u2022 IP68<br \/>\n\u2022 Yksiosainen taitettava muotoilu<\/p>\n<p><strong>Teknisi\u00e4 tietoja<\/strong><br \/>\n\u2022 Mitat avattuna 178,5 \u00d7 42,0 \u00d7 2,5 cm<br \/>\n\u2022 Mitat kasaan taitettuna 42,0 \u00d7 48,0 \u00d7 2,5 cm<br \/>\n\u2022 Paino 4 kg<br \/>\n\u2022 Takuu 24 kuukautta<br \/>\n\u2022 Nimellisteho 110\u00a0W (\u00b15\u00a0W)<br \/>\n\u2022 Tehokkuus 22 % &#8211; 23 %<br \/>\n\u2022 Open Circuit Voltage 21,8 V (Vmp 18,4 V)<br \/>\n\u2022 Oikosulkuvirta 6,5 A (Imp 6,0 A)<br \/>\n\u2022 K\u00e4ytt\u00f6- ja s\u00e4ilytysl\u00e4mp\u00f6tila -20\u00b0C &#8211; 85\u00b0C<\/p>","protected":false},"excerpt":{"rendered":"<p>Kasaan taitettava <strong>EcoFlow 110W aurinkopaneeli.<\/strong> Alan johtavalla 23 prosentin hy\u00f6tysuhteella. Paneeli on huomattavasti kevyempi sek\u00e4 noin 10 % pienempi, kuin vastaavat kannettavat aurinkopaneelit markkinoilla. T\u00e4m\u00e4 tarkoittaa nopeampaa ja helpompaa latausta miss\u00e4 tahansa.<\/p>\n<p><strong>HUOM! Aurinkopaneeli ei sis\u00e4ll\u00e4 kaapelia aurinkopaneelista virta-asemaan. Yhteensopiva 3,5m kaapeli (MC4 to XT60i) l\u00f6yd\u00e4t<\/strong>\u00a0<a href=\"https:\/\/texus.fi\/en\/ecoflow-mc4-to-xt60i-solar-kaapeli-3-5m\/\">T\u00c4ST\u00c4 LINKIST\u00c4<\/a><\/p>","protected":false},"featured_media":4253,"comment_status":"open","ping_status":"closed","template":"","meta":[],"product_brand":[],"product_cat":[27,15],"product_tag":[],"class_list":{"0":"post-4287","1":"product","2":"type-product","3":"status-publish","4":"has-post-thumbnail","6":"product_cat-aurinkopaneelit","7":"product_cat-products","8":"product_shipping_class-campaign-shipping","9":"pa_brands-ecoflow","11":"first","12":"instock","13":"taxable","14":"shipping-taxable","15":"purchasable","16":"product-type-simple"},"_links":{"self":[{"href":"https:\/\/texus.fi\/en\/wp-json\/wp\/v2\/product\/4287","targetHints":{"allow":["GET"]}}],"collection":[{"href":"https:\/\/texus.fi\/en\/wp-json\/wp\/v2\/product"}],"about":[{"href":"https:\/\/texus.fi\/en\/wp-json\/wp\/v2\/types\/product"}],"replies":[{"embeddable":true,"href":"https:\/\/texus.fi\/en\/wp-json\/wp\/v2\/comments?post=4287"}],"wp:featuredmedia":[{"embeddable":true,"href":"https:\/\/texus.fi\/en\/wp-json\/wp\/v2\/media\/4253"}],"wp:attachment":[{"href":"https:\/\/texus.fi\/en\/wp-json\/wp\/v2\/media?parent=4287"}],"wp:term":[{"taxonomy":"product_brand","embeddable":true,"href":"https:\/\/texus.fi\/en\/wp-json\/wp\/v2\/product_brand?post=4287"},{"taxonomy":"product_cat","embeddable":true,"href":"https:\/\/texus.fi\/en\/wp-json\/wp\/v2\/product_cat?post=4287"},{"taxonomy":"product_tag","embeddable":true,"href":"https:\/\/texus.fi\/en\/wp-json\/wp\/v2\/product_tag?post=4287"}],"curies":[{"name":"wp","href":"https:\/\/api.w.org\/{rel}","templated":true}]}}