{"id":4305,"date":"2025-06-02T13:12:14","date_gmt":"2025-06-02T10:12:14","guid":{"rendered":"https:\/\/texus.fi\/?post_type=product&#038;p=4305"},"modified":"2026-03-22T13:40:50","modified_gmt":"2026-03-22T10:40:50","slug":"ecoflow-glacier-siirtosarja","status":"publish","type":"product","link":"https:\/\/texus.fi\/en\/ecoflow-glacier-siirtosarja\/","title":{"rendered":"EcoFlow Glacier Siirtosarja"},"content":{"rendered":"<p data-start=\"0\" data-end=\"374\">Siirtosarja EcoFlow Glacier Kylm\u00e4laukulle\/J\u00e4\u00e4kaapille. Yksi vipu ja yksi py\u00f6r\u00e4sarja, kaikki irrotettavissa. Py\u00f6r\u00e4yt\u00e4 j\u00e4\u00e4kaappipakastin sinne, minne seikkailusi viev\u00e4tkin. Irrota n\u00e4m\u00e4 lis\u00e4varusteet ja sovita Glacier suoraan matkailuautosi ty\u00f6tasolle, matkustajan istuimelle ja muihin pieniin tiloihin.<\/p>\n<p>Sis\u00e4lt\u00e4\u00e4 renkaat sek\u00e4 kahvan.<\/p>","protected":false},"excerpt":{"rendered":"<p>Siirtosarja EcoFlow Glacier Kylm\u00e4laukulle\/J\u00e4\u00e4kaapille. Yksi vipu ja yksi py\u00f6r\u00e4sarja, kaikki irrotettavissa. Py\u00f6r\u00e4yt\u00e4 j\u00e4\u00e4kaappipakastin sinne, minne seikkailusi viev\u00e4tkin. Irrota n\u00e4m\u00e4 lis\u00e4varusteet ja sovita Glacier suoraan matkailuautosi ty\u00f6tasolle, matkustajan istuimelle ja muihin pieniin tiloihin.<\/p>\n<p>Sis\u00e4lt\u00e4\u00e4 renkaat sek\u00e4 kahvan.<\/p>","protected":false},"featured_media":4308,"comment_status":"open","ping_status":"closed","template":"","meta":[],"product_brand":[],"product_cat":[35,15,34],"product_tag":[],"class_list":{"0":"post-4305","1":"product","2":"type-product","3":"status-publish","4":"has-post-thumbnail","6":"product_cat-ess-ratkaisut","7":"product_cat-products","8":"product_cat-virta-asemat","9":"product_shipping_class-campaign-shipping","10":"pa_brands-ecoflow","12":"first","13":"instock","14":"taxable","15":"shipping-taxable","16":"purchasable","17":"product-type-simple"},"_links":{"self":[{"href":"https:\/\/texus.fi\/en\/wp-json\/wp\/v2\/product\/4305","targetHints":{"allow":["GET"]}}],"collection":[{"href":"https:\/\/texus.fi\/en\/wp-json\/wp\/v2\/product"}],"about":[{"href":"https:\/\/texus.fi\/en\/wp-json\/wp\/v2\/types\/product"}],"replies":[{"embeddable":true,"href":"https:\/\/texus.fi\/en\/wp-json\/wp\/v2\/comments?post=4305"}],"wp:featuredmedia":[{"embeddable":true,"href":"https:\/\/texus.fi\/en\/wp-json\/wp\/v2\/media\/4308"}],"wp:attachment":[{"href":"https:\/\/texus.fi\/en\/wp-json\/wp\/v2\/media?parent=4305"}],"wp:term":[{"taxonomy":"product_brand","embeddable":true,"href":"https:\/\/texus.fi\/en\/wp-json\/wp\/v2\/product_brand?post=4305"},{"taxonomy":"product_cat","embeddable":true,"href":"https:\/\/texus.fi\/en\/wp-json\/wp\/v2\/product_cat?post=4305"},{"taxonomy":"product_tag","embeddable":true,"href":"https:\/\/texus.fi\/en\/wp-json\/wp\/v2\/product_tag?post=4305"}],"curies":[{"name":"wp","href":"https:\/\/api.w.org\/{rel}","templated":true}]}}