{"id":4322,"date":"2025-06-02T13:22:44","date_gmt":"2025-06-02T10:22:44","guid":{"rendered":"https:\/\/texus.fi\/?post_type=product&#038;p=4322"},"modified":"2026-03-22T13:40:10","modified_gmt":"2026-03-22T10:40:10","slug":"ecoflow-60w-taitettava-aurinkopaneeli","status":"publish","type":"product","link":"https:\/\/texus.fi\/en\/ecoflow-60w-taitettava-aurinkopaneeli\/","title":{"rendered":"EcoFlow 60W taitettava aurinkopaneeli (Type-C)"},"content":{"rendered":"<div class=\"col-12 col-lg-8 col-xl-9\">\n<div class=\"ProductPageContent__description\">\n<div class=\"WysiwygContent\">\n<p><strong>EcoFlow 60W taitettava aurinkopaneeli (Type-C)<\/strong><\/p>\n<p>Kevyt. Kest\u00e4v\u00e4. Tehokas. Uusiutuvaa energiaa \u2013 miss\u00e4 tahansa.<\/p>\n<p><strong>Tehoa auringosta, vapaus liikkua<\/strong><\/p>\n<p>EcoFlow 60W taitettava aurinkopaneeli on t\u00e4ydellinen valinta retkeilij\u00e4lle, m\u00f6kkeilij\u00e4lle tai seikkailijalle, joka haluaa tuottaa omaa uusiutuvaa energiaa luonnossa liikkuessaan. T\u00e4m\u00e4 ultrakevyt ja helposti mukana kulkeva paneeli toimii erinomaisesti EcoFlow-virta-asemien ja muiden Type-C-yhteensopivien laitteiden kanssa.<\/p>\n<p><strong>Uusiutuvaa energiaa vastuullisesti<\/strong><\/p>\n<p>Unohda polttomoottorit ja ylim\u00e4\u00e4r\u00e4inen paino \u2013 EcoFlow-aurinkopaneelilla lataat laitteesi hiljaisesti, p\u00e4\u00e4st\u00f6tt\u00f6m\u00e4sti ja luontoa kunnioittaen.<\/p>\n<p><strong>Technical Information:<\/strong><\/p>\n<p>Nimellisteho: 60w<\/p>\n<p>Avoimen piirin j\u00e4nnite (VoC): 25,6V<\/p>\n<p>Maksimi k\u00e4ytt\u00f6virta (Imp): 2,9A<\/p>\n<p>Liit\u00e4nt\u00e4: DC5521 to XT60i kaapeli ja Type-C<\/p>\n<p>Paino: 2kg<\/p>\n<p>Mitat taitettuna: 317 x 309 x 45mm<\/p>\n<p>Mitat avattuna: 1356 x 309 x 25mm<\/p>\n<p>IP68 -luokitus<\/p>\n<\/div>\n<\/div>\n<\/div>","protected":false},"excerpt":{"rendered":"<div class=\"col-12 col-lg-8 col-xl-9\">\n<div class=\"ProductPageContent__description\">\n<div class=\"WysiwygContent\">\n<p><strong>EcoFlow 60W taitettava aurinkopaneeli (Type-C)<\/strong><\/p>\n<p>Kevyt. Kest\u00e4v\u00e4. Tehokas. Uusiutuvaa energiaa \u2013 miss\u00e4 tahansa.<\/p>\n<\/div>\n<\/div>\n<\/div>","protected":false},"featured_media":5737,"comment_status":"open","ping_status":"closed","template":"","meta":[],"product_brand":[],"product_cat":[35,15,34],"product_tag":[],"class_list":{"0":"post-4322","1":"product","2":"type-product","3":"status-publish","4":"has-post-thumbnail","6":"product_cat-ess-ratkaisut","7":"product_cat-products","8":"product_cat-virta-asemat","9":"product_shipping_class-campaign-shipping","10":"pa_brands-ecoflow","12":"first","13":"instock","14":"taxable","15":"shipping-taxable","16":"purchasable","17":"product-type-simple"},"_links":{"self":[{"href":"https:\/\/texus.fi\/en\/wp-json\/wp\/v2\/product\/4322","targetHints":{"allow":["GET"]}}],"collection":[{"href":"https:\/\/texus.fi\/en\/wp-json\/wp\/v2\/product"}],"about":[{"href":"https:\/\/texus.fi\/en\/wp-json\/wp\/v2\/types\/product"}],"replies":[{"embeddable":true,"href":"https:\/\/texus.fi\/en\/wp-json\/wp\/v2\/comments?post=4322"}],"wp:featuredmedia":[{"embeddable":true,"href":"https:\/\/texus.fi\/en\/wp-json\/wp\/v2\/media\/5737"}],"wp:attachment":[{"href":"https:\/\/texus.fi\/en\/wp-json\/wp\/v2\/media?parent=4322"}],"wp:term":[{"taxonomy":"product_brand","embeddable":true,"href":"https:\/\/texus.fi\/en\/wp-json\/wp\/v2\/product_brand?post=4322"},{"taxonomy":"product_cat","embeddable":true,"href":"https:\/\/texus.fi\/en\/wp-json\/wp\/v2\/product_cat?post=4322"},{"taxonomy":"product_tag","embeddable":true,"href":"https:\/\/texus.fi\/en\/wp-json\/wp\/v2\/product_tag?post=4322"}],"curies":[{"name":"wp","href":"https:\/\/api.w.org\/{rel}","templated":true}]}}