{"id":4328,"date":"2025-06-02T13:25:51","date_gmt":"2025-06-02T10:25:51","guid":{"rendered":"https:\/\/texus.fi\/?post_type=product&#038;p=4328"},"modified":"2026-03-22T13:40:01","modified_gmt":"2026-03-22T10:40:01","slug":"ecoflow-delta-pro-kaapeli-lisaakulle-0-75m-copy","status":"publish","type":"product","link":"https:\/\/texus.fi\/en\/ecoflow-delta-pro-kaapeli-lisaakulle-0-75m-copy\/","title":{"rendered":"EcoFlow EV X-Stream Adapteri (Delta Pro)"},"content":{"rendered":"<div class=\"col-12 col-lg-8 col-xl-9\">\n<div class=\"ProductPageContent__description\">\n<div class=\"WysiwygContent\">\n<p><strong>EcoFlow EV X-Stream<\/strong>\u00a0&#8211; adapterin avulla voit ladata EcoFlow DELTA Pro -laitteesi kaikilla Type-2 liit\u00e4nn\u00e4ll\u00e4 varustetuilla EV-latausasemilla maailmanlaajuisesti.\u00a03400W tehon ansiosta lataa DELTA Pro t\u00e4yteen 1,7 tunnissa.<\/p>\n<p><strong>Technical Information:<\/strong><\/p>\n<ul>\n<li>Liitintyyppi: Type-2<\/li>\n<li>Tuloj\u00e4nnite: 100-240 V, 50\/60 Hz<\/li>\n<li>Maksimi tulo-\/l\u00e4ht\u00f6teho: 3400 W<\/li>\n<\/ul>\n<\/div>\n<\/div>\n<\/div>","protected":false},"excerpt":{"rendered":"<div class=\"col-12 col-lg-8 col-xl-9\">\n<div class=\"ProductPageContent__description\">\n<div class=\"WysiwygContent\">\n<p><strong>EcoFlow EV X-Stream<\/strong>\u00a0&#8211; adapterin avulla voit ladata EcoFlow DELTA Pro -laitteesi kaikilla Type-2 liit\u00e4nn\u00e4ll\u00e4 varustetuilla EV-latausasemilla maailmanlaajuisesti.\u00a03400W tehon ansiosta lataa DELTA Pro t\u00e4yteen 1,7 tunnissa.<\/p>\n<p><strong>Technical Information:<\/strong><\/p>\n<ul>\n<li>Liitintyyppi: Type-2<\/li>\n<li>Tuloj\u00e4nnite: 100-240 V, 50\/60 Hz<\/li>\n<li>Maksimi tulo-\/l\u00e4ht\u00f6teho: 3400 W<\/li>\n<\/ul>\n<\/div>\n<\/div>\n<\/div>","protected":false},"featured_media":4334,"comment_status":"open","ping_status":"closed","template":"","meta":[],"product_brand":[],"product_cat":[35,15,34],"product_tag":[],"class_list":{"0":"post-4328","1":"product","2":"type-product","3":"status-publish","4":"has-post-thumbnail","6":"product_cat-ess-ratkaisut","7":"product_cat-products","8":"product_cat-virta-asemat","9":"product_shipping_class-campaign-shipping","10":"pa_brands-ecoflow","12":"first","13":"instock","14":"taxable","15":"shipping-taxable","16":"purchasable","17":"product-type-simple"},"_links":{"self":[{"href":"https:\/\/texus.fi\/en\/wp-json\/wp\/v2\/product\/4328","targetHints":{"allow":["GET"]}}],"collection":[{"href":"https:\/\/texus.fi\/en\/wp-json\/wp\/v2\/product"}],"about":[{"href":"https:\/\/texus.fi\/en\/wp-json\/wp\/v2\/types\/product"}],"replies":[{"embeddable":true,"href":"https:\/\/texus.fi\/en\/wp-json\/wp\/v2\/comments?post=4328"}],"wp:featuredmedia":[{"embeddable":true,"href":"https:\/\/texus.fi\/en\/wp-json\/wp\/v2\/media\/4334"}],"wp:attachment":[{"href":"https:\/\/texus.fi\/en\/wp-json\/wp\/v2\/media?parent=4328"}],"wp:term":[{"taxonomy":"product_brand","embeddable":true,"href":"https:\/\/texus.fi\/en\/wp-json\/wp\/v2\/product_brand?post=4328"},{"taxonomy":"product_cat","embeddable":true,"href":"https:\/\/texus.fi\/en\/wp-json\/wp\/v2\/product_cat?post=4328"},{"taxonomy":"product_tag","embeddable":true,"href":"https:\/\/texus.fi\/en\/wp-json\/wp\/v2\/product_tag?post=4328"}],"curies":[{"name":"wp","href":"https:\/\/api.w.org\/{rel}","templated":true}]}}