{"id":4336,"date":"2025-06-02T13:31:35","date_gmt":"2025-06-02T10:31:35","guid":{"rendered":"https:\/\/texus.fi\/?post_type=product&#038;p=4336"},"modified":"2026-03-22T13:39:52","modified_gmt":"2026-03-22T10:39:52","slug":"ecoflow-portable-power-station-grounding-adapteri","status":"publish","type":"product","link":"https:\/\/texus.fi\/en\/ecoflow-portable-power-station-grounding-adapteri\/","title":{"rendered":"EcoFlow Portable Power Station Grounding Adapteri"},"content":{"rendered":"<div class=\"col-12 col-lg-8 col-xl-9\">\n<div class=\"ProductPageContent__description\">\n<div class=\"WysiwygContent\">\n<p>EcoFlow Portable Power station -maadoitussovitin<\/p>\n<p><strong>S\u00e4hk\u00f6ajoneuvojen lataus:<\/strong><\/p>\n<p>K\u00e4yt\u00e4 DELTA Pro- tai DELTA Max -laitteita s\u00e4hk\u00f6autosi varavoimanl\u00e4hteen\u00e4, jolloin saat ylim\u00e4\u00e4r\u00e4ist\u00e4 tehoa.<\/p>\n<p>K\u00e4yt\u00e4 vain USB-C-kaapelia, joka on mukana kannettavan virtal\u00e4hteen maadoitussovittimen kanssa. Kaapelissa ei ole lataustoimintoa, eik\u00e4 sen sijaan saa k\u00e4ytt\u00e4\u00e4 muita USB-C-kaapeleita.<\/p>\n<\/div>\n<\/div>\n<\/div>","protected":false},"excerpt":{"rendered":"<div class=\"col-12 col-lg-8 col-xl-9\">\n<div class=\"ProductPageContent__description\">\n<div class=\"WysiwygContent\">\n<p>EcoFlow Portable Power station -maadoitussovitin<\/p>\n<p><strong>S\u00e4hk\u00f6ajoneuvojen lataus:<\/strong><\/p>\n<p>K\u00e4yt\u00e4 DELTA Pro- tai DELTA Max -laitteita s\u00e4hk\u00f6autosi varavoimanl\u00e4hteen\u00e4, jolloin saat ylim\u00e4\u00e4r\u00e4ist\u00e4 tehoa.<\/p>\n<p>K\u00e4yt\u00e4 vain USB-C-kaapelia, joka on mukana kannettavan virtal\u00e4hteen maadoitussovittimen kanssa. Kaapelissa ei ole lataustoimintoa, eik\u00e4 sen sijaan saa k\u00e4ytt\u00e4\u00e4 muita USB-C-kaapeleita.<\/p>\n<\/div>\n<\/div>\n<\/div>","protected":false},"featured_media":4337,"comment_status":"open","ping_status":"closed","template":"","meta":[],"product_brand":[],"product_cat":[35,15,34],"product_tag":[],"class_list":{"0":"post-4336","1":"product","2":"type-product","3":"status-publish","4":"has-post-thumbnail","6":"product_cat-ess-ratkaisut","7":"product_cat-products","8":"product_cat-virta-asemat","9":"product_shipping_class-campaign-shipping","10":"pa_brands-ecoflow","12":"first","13":"instock","14":"taxable","15":"shipping-taxable","16":"purchasable","17":"product-type-simple"},"_links":{"self":[{"href":"https:\/\/texus.fi\/en\/wp-json\/wp\/v2\/product\/4336","targetHints":{"allow":["GET"]}}],"collection":[{"href":"https:\/\/texus.fi\/en\/wp-json\/wp\/v2\/product"}],"about":[{"href":"https:\/\/texus.fi\/en\/wp-json\/wp\/v2\/types\/product"}],"replies":[{"embeddable":true,"href":"https:\/\/texus.fi\/en\/wp-json\/wp\/v2\/comments?post=4336"}],"wp:featuredmedia":[{"embeddable":true,"href":"https:\/\/texus.fi\/en\/wp-json\/wp\/v2\/media\/4337"}],"wp:attachment":[{"href":"https:\/\/texus.fi\/en\/wp-json\/wp\/v2\/media?parent=4336"}],"wp:term":[{"taxonomy":"product_brand","embeddable":true,"href":"https:\/\/texus.fi\/en\/wp-json\/wp\/v2\/product_brand?post=4336"},{"taxonomy":"product_cat","embeddable":true,"href":"https:\/\/texus.fi\/en\/wp-json\/wp\/v2\/product_cat?post=4336"},{"taxonomy":"product_tag","embeddable":true,"href":"https:\/\/texus.fi\/en\/wp-json\/wp\/v2\/product_tag?post=4336"}],"curies":[{"name":"wp","href":"https:\/\/api.w.org\/{rel}","templated":true}]}}