{"id":4347,"date":"2025-06-02T13:40:19","date_gmt":"2025-06-02T10:40:19","guid":{"rendered":"https:\/\/texus.fi\/?post_type=product&#038;p=4347"},"modified":"2025-12-16T13:00:00","modified_gmt":"2025-12-16T10:00:00","slug":"ecoflow-delta-pro-to-smart-generator-adapteri","status":"publish","type":"product","link":"https:\/\/texus.fi\/en\/ecoflow-delta-pro-to-smart-generator-adapteri\/","title":{"rendered":"EcoFlow DELTA Pro to Smart Generator Adapteri"},"content":{"rendered":"<div class=\"col-12 col-lg-8 col-xl-9\">\n<div class=\"ProductPageContent__description\">\n<div class=\"WysiwygContent\">\n<p>EcoFlow DELTA Pro Smart Generator -sovitin<\/p>\n<p>Smart Generator -sovitin kytket\u00e4\u00e4n DELTA Pron tai DELTA Pro Extra -akun lis\u00e4akkuliit\u00e4nt\u00e4\u00e4n, jolloin saat lis\u00e4\u00e4 latausvaihtoehtoja.<\/p>\n<p>Lis\u00e4adapterit ovat hy\u00f6dyllisi\u00e4 DELTA Pro Extra -akkuyksik\u00f6iden lataamiseen.<\/p>\n<p>T\u00e4t\u00e4 sovitinta tarvitaan, kun DELTA Pro on liitetty Smart Generatoriin.<\/p>\n<\/div>\n<\/div>\n<\/div>","protected":false},"excerpt":{"rendered":"<div class=\"col-12 col-lg-8 col-xl-9\">\n<div class=\"ProductPageContent__description\">\n<div class=\"WysiwygContent\">\n<p>EcoFlow DELTA Pro Smart Generator -sovitin<\/p>\n<p>Smart Generator -sovitin kytket\u00e4\u00e4n DELTA Pron tai DELTA Pro Extra -akun lis\u00e4akkuliit\u00e4nt\u00e4\u00e4n, jolloin saat lis\u00e4\u00e4 latausvaihtoehtoja.<\/p>\n<p>Lis\u00e4adapterit ovat hy\u00f6dyllisi\u00e4 DELTA Pro Extra -akkuyksik\u00f6iden lataamiseen.<\/p>\n<p>T\u00e4t\u00e4 sovitinta tarvitaan, kun DELTA Pro on liitetty Smart Generatoriin.<\/p>\n<\/div>\n<\/div>\n<\/div>\n<p data-start=\"0\" data-end=\"374\">","protected":false},"featured_media":4349,"comment_status":"open","ping_status":"closed","template":"","meta":[],"product_brand":[],"product_cat":[35,15,34],"product_tag":[],"class_list":{"0":"post-4347","1":"product","2":"type-product","3":"status-publish","4":"has-post-thumbnail","6":"product_cat-ess-ratkaisut","7":"product_cat-products","8":"product_cat-virta-asemat","9":"product_shipping_class-campaign-shipping","10":"pa_brands-ecoflow","12":"first","13":"outofstock","14":"taxable","15":"shipping-taxable","16":"purchasable","17":"product-type-simple"},"_links":{"self":[{"href":"https:\/\/texus.fi\/en\/wp-json\/wp\/v2\/product\/4347","targetHints":{"allow":["GET"]}}],"collection":[{"href":"https:\/\/texus.fi\/en\/wp-json\/wp\/v2\/product"}],"about":[{"href":"https:\/\/texus.fi\/en\/wp-json\/wp\/v2\/types\/product"}],"replies":[{"embeddable":true,"href":"https:\/\/texus.fi\/en\/wp-json\/wp\/v2\/comments?post=4347"}],"wp:featuredmedia":[{"embeddable":true,"href":"https:\/\/texus.fi\/en\/wp-json\/wp\/v2\/media\/4349"}],"wp:attachment":[{"href":"https:\/\/texus.fi\/en\/wp-json\/wp\/v2\/media?parent=4347"}],"wp:term":[{"taxonomy":"product_brand","embeddable":true,"href":"https:\/\/texus.fi\/en\/wp-json\/wp\/v2\/product_brand?post=4347"},{"taxonomy":"product_cat","embeddable":true,"href":"https:\/\/texus.fi\/en\/wp-json\/wp\/v2\/product_cat?post=4347"},{"taxonomy":"product_tag","embeddable":true,"href":"https:\/\/texus.fi\/en\/wp-json\/wp\/v2\/product_tag?post=4347"}],"curies":[{"name":"wp","href":"https:\/\/api.w.org\/{rel}","templated":true}]}}