{"id":4352,"date":"2025-06-02T13:42:52","date_gmt":"2025-06-02T10:42:52","guid":{"rendered":"https:\/\/texus.fi\/?post_type=product&#038;p=4352"},"modified":"2026-03-28T14:08:09","modified_gmt":"2026-03-28T11:08:09","slug":"ecoflow-delta-3-laukku","status":"publish","type":"product","link":"https:\/\/texus.fi\/en\/ecoflow-delta-3-laukku\/","title":{"rendered":"EcoFlow Delta 3 laukku"},"content":{"rendered":"<div class=\"col-12 col-lg-8 col-xl-9\">\n<div class=\"ProductPageContent__description\">\n<div class=\"WysiwygContent\">\n<p>EcoFlow DELTA 3 vedenpit\u00e4v\u00e4 Laukku suojaa laitetta vedelt\u00e4, lialta ja vaurioilta liikkeell\u00e4 ollessa. Yksinkertaisen ja tyylikk\u00e4\u00e4n muotoilunsa ansiosta laukku on t\u00e4ydellinen jokap\u00e4iv\u00e4iseen ulkok\u00e4ytt\u00f6\u00f6n.<\/p>\n<ul>\n<li>S\u00e4\u00e4nkest\u00e4v\u00e4: Valmistettu kevyest\u00e4, vedenpit\u00e4v\u00e4st\u00e4 ja kulutusta kest\u00e4v\u00e4st\u00e4 materiaalista, joka suojaa DELTA 3 -sarjaa s\u00e4\u00e4n rasitukselta sek\u00e4 kolhuilta ja naarmuilta liikkeell\u00e4 ollessa.<\/li>\n<li>Uudistettu muotoilu: Minimalistinen ja helppok\u00e4ytt\u00f6inen design, jota voi kantaa k\u00e4dess\u00e4 tai olkalaukkuna.<\/li>\n<li>Lis\u00e4tilaa: Taskut latauskaapeleille tai muille tarvikkeille.<\/li>\n<li>Mitat: 420 \u00d7 200 \u00d7 290 mm<\/li>\n<li>Paino: 1,00 kg<\/li>\n<\/ul>\n<\/div>\n<\/div>\n<\/div>","protected":false},"excerpt":{"rendered":"<div class=\"col-12 col-lg-8 col-xl-9\">\n<div class=\"ProductPageContent__description\">\n<div class=\"WysiwygContent\">\n<p>EcoFlow DELTA 3 vedenpit\u00e4v\u00e4 Laukku suojaa laitetta vedelt\u00e4, lialta ja vaurioilta liikkeell\u00e4 ollessa. Yksinkertaisen ja tyylikk\u00e4\u00e4n muotoilunsa ansiosta laukku on t\u00e4ydellinen jokap\u00e4iv\u00e4iseen ulkok\u00e4ytt\u00f6\u00f6n.<\/p>\n<\/div>\n<\/div>\n<\/div>","protected":false},"featured_media":4356,"comment_status":"open","ping_status":"closed","template":"","meta":[],"product_brand":[],"product_cat":[35,15,34],"product_tag":[],"class_list":{"0":"post-4352","1":"product","2":"type-product","3":"status-publish","4":"has-post-thumbnail","6":"product_cat-ess-ratkaisut","7":"product_cat-products","8":"product_cat-virta-asemat","9":"product_shipping_class-campaign-shipping","10":"pa_brands-ecoflow","12":"first","13":"instock","14":"taxable","15":"shipping-taxable","16":"purchasable","17":"product-type-simple"},"_links":{"self":[{"href":"https:\/\/texus.fi\/en\/wp-json\/wp\/v2\/product\/4352","targetHints":{"allow":["GET"]}}],"collection":[{"href":"https:\/\/texus.fi\/en\/wp-json\/wp\/v2\/product"}],"about":[{"href":"https:\/\/texus.fi\/en\/wp-json\/wp\/v2\/types\/product"}],"replies":[{"embeddable":true,"href":"https:\/\/texus.fi\/en\/wp-json\/wp\/v2\/comments?post=4352"}],"wp:featuredmedia":[{"embeddable":true,"href":"https:\/\/texus.fi\/en\/wp-json\/wp\/v2\/media\/4356"}],"wp:attachment":[{"href":"https:\/\/texus.fi\/en\/wp-json\/wp\/v2\/media?parent=4352"}],"wp:term":[{"taxonomy":"product_brand","embeddable":true,"href":"https:\/\/texus.fi\/en\/wp-json\/wp\/v2\/product_brand?post=4352"},{"taxonomy":"product_cat","embeddable":true,"href":"https:\/\/texus.fi\/en\/wp-json\/wp\/v2\/product_cat?post=4352"},{"taxonomy":"product_tag","embeddable":true,"href":"https:\/\/texus.fi\/en\/wp-json\/wp\/v2\/product_tag?post=4352"}],"curies":[{"name":"wp","href":"https:\/\/api.w.org\/{rel}","templated":true}]}}