{"id":4376,"date":"2025-06-02T14:16:51","date_gmt":"2025-06-02T11:16:51","guid":{"rendered":"https:\/\/texus.fi\/?post_type=product&#038;p=4376"},"modified":"2026-03-22T13:37:26","modified_gmt":"2026-03-22T10:37:26","slug":"ecoflow-mc4-solar-jatkokaapeli-3m","status":"publish","type":"product","link":"https:\/\/texus.fi\/en\/ecoflow-mc4-solar-jatkokaapeli-3m\/","title":{"rendered":"EcoFlow MC4 Solar Jatkokaapeli 3m"},"content":{"rendered":"<div class=\"col-12 col-lg-8 col-xl-9\">\n<div class=\"ProductPageContent__description\">\n<div class=\"WysiwygContent\">\n<div class=\"col-12 col-lg-8 col-xl-9\">\n<div class=\"ProductPageContent__description\">\n<div class=\"WysiwygContent\">\n<p><strong>Tuotteen kuvaus<\/strong><\/p>\n<p>EcoFlow Solar jatkokaapeli (3m) pident\u00e4\u00e4 Solar to XT60 Solar -kaapelia (3,5m) viel\u00e4 3 metrill\u00e4.<\/p>\n<p><strong>Highlights<\/strong><\/p>\n<p>Tarjoaa kaapelille lis\u00e4\u00e4 pituutta, jonka ansiosta voit pit\u00e4\u00e4 EcoFlow virta-asemaa varjossa, kun aurinkopaneelit saavat suoraa auringonvaloa.<\/p>\n<p><strong>Laatikossa<\/strong><\/p>\n<p>EcoFlow Solar jatkokaapeli \u00d72<\/p>\n<p><strong>Tekniset tiedot<\/strong><strong><br \/>\n<\/strong><\/p>\n<p>Kaapelityyppi: Jatkokaapeli<\/p>\n<p>Pituus: 3m<\/p>\n<\/div>\n<\/div>\n<\/div>\n<\/div>\n<\/div>\n<\/div>","protected":false},"excerpt":{"rendered":"<div class=\"col-12 col-lg-8 col-xl-9\">\n<div class=\"ProductPageContent__description\">\n<div class=\"WysiwygContent\">\n<div class=\"col-12 col-lg-8 col-xl-9\">\n<div class=\"ProductPageContent__description\">\n<div class=\"WysiwygContent\">\n<p><strong>Tuotteen kuvaus<\/strong><\/p>\n<p>EcoFlow Solar jatkokaapeli (3m) pident\u00e4\u00e4 Solar to XT60 Solar -kaapelia (3,5m) viel\u00e4 3 metrill\u00e4.<\/p>\n<p><strong>Highlights<\/strong><\/p>\n<p>Tarjoaa kaapelille lis\u00e4\u00e4 pituutta, jonka ansiosta voit pit\u00e4\u00e4 EcoFlow virta-asemaa varjossa, kun aurinkopaneelit saavat suoraa auringonvaloa.<\/p>\n<p><strong>Laatikossa<\/strong><\/p>\n<p>EcoFlow Solar jatkokaapeli \u00d72<\/p>\n<p><strong>Tekniset tiedot<\/strong><strong><br \/>\n<\/strong><\/p>\n<p>Kaapelityyppi: Jatkokaapeli<\/p>\n<p>Pituus: 3m<\/p>\n<\/div>\n<\/div>\n<\/div>\n<\/div>\n<\/div>\n<\/div>","protected":false},"featured_media":4377,"comment_status":"open","ping_status":"closed","template":"","meta":[],"product_brand":[],"product_cat":[35,15,34],"product_tag":[],"class_list":{"0":"post-4376","1":"product","2":"type-product","3":"status-publish","4":"has-post-thumbnail","6":"product_cat-ess-ratkaisut","7":"product_cat-products","8":"product_cat-virta-asemat","9":"product_shipping_class-campaign-shipping","10":"pa_brands-ecoflow","12":"first","13":"instock","14":"taxable","15":"shipping-taxable","16":"purchasable","17":"product-type-simple"},"_links":{"self":[{"href":"https:\/\/texus.fi\/en\/wp-json\/wp\/v2\/product\/4376","targetHints":{"allow":["GET"]}}],"collection":[{"href":"https:\/\/texus.fi\/en\/wp-json\/wp\/v2\/product"}],"about":[{"href":"https:\/\/texus.fi\/en\/wp-json\/wp\/v2\/types\/product"}],"replies":[{"embeddable":true,"href":"https:\/\/texus.fi\/en\/wp-json\/wp\/v2\/comments?post=4376"}],"wp:featuredmedia":[{"embeddable":true,"href":"https:\/\/texus.fi\/en\/wp-json\/wp\/v2\/media\/4377"}],"wp:attachment":[{"href":"https:\/\/texus.fi\/en\/wp-json\/wp\/v2\/media?parent=4376"}],"wp:term":[{"taxonomy":"product_brand","embeddable":true,"href":"https:\/\/texus.fi\/en\/wp-json\/wp\/v2\/product_brand?post=4376"},{"taxonomy":"product_cat","embeddable":true,"href":"https:\/\/texus.fi\/en\/wp-json\/wp\/v2\/product_cat?post=4376"},{"taxonomy":"product_tag","embeddable":true,"href":"https:\/\/texus.fi\/en\/wp-json\/wp\/v2\/product_tag?post=4376"}],"curies":[{"name":"wp","href":"https:\/\/api.w.org\/{rel}","templated":true}]}}