{"id":4380,"date":"2025-06-02T14:21:40","date_gmt":"2025-06-02T11:21:40","guid":{"rendered":"https:\/\/texus.fi\/?post_type=product&#038;p=4380"},"modified":"2026-03-22T13:36:24","modified_gmt":"2026-03-22T10:36:24","slug":"ecoflow-mc4-to-xt60i-solar-kaapeli-5m","status":"publish","type":"product","link":"https:\/\/texus.fi\/en\/ecoflow-mc4-to-xt60i-solar-kaapeli-5m\/","title":{"rendered":"EcoFlow MC4 to XT60i Solar kaapeli 5m"},"content":{"rendered":"<div class=\"col-12 col-lg-8 col-xl-9\">\n<div class=\"ProductPageContent__description\">\n<div class=\"WysiwygContent\">\n<div class=\"col-12 col-lg-8 col-xl-9\">\n<div class=\"ProductPageContent__description\">\n<div class=\"WysiwygContent\">\n<p>EcoFlow Solar ja XT60i latauskaapeli (5m)<\/p>\n<p>Liit\u00e4 aurinkopaneeli EcoFlow virta-asemaan niin saat puhdasta, tehokasta ja luotettavaa s\u00e4hk\u00f6\u00e4 minne ikin\u00e4 menetkin.<\/p>\n<p>EcoFlow Solar to XT60i latauskaapelin (5m) avulla voit liitt\u00e4\u00e4 kannettavan EcoFlow-virtal\u00e4hteen aurinkopaneeliin.<\/p>\n<p><strong><br \/>\nTechnical Information:<br \/>\n<\/strong><\/p>\n<p><strong>Kaapelityyppi\u00a0<\/strong>&#8211; Solar-XT60i-latauskaapeli<\/p>\n<p><strong>Pituus\u00a0<\/strong>&#8211; 5m<\/p>\n<p><strong>Pakkaus sis\u00e4lt\u00e4\u00e4\u00a0<\/strong>&#8211; 5m EcoFlow Solar &#8211; XT60i latauskaapeli<\/p>\n<\/div>\n<\/div>\n<\/div>\n<\/div>\n<\/div>\n<\/div>","protected":false},"excerpt":{"rendered":"<div class=\"col-12 col-lg-8 col-xl-9\">\n<div class=\"ProductPageContent__description\">\n<div class=\"WysiwygContent\">\n<div class=\"col-12 col-lg-8 col-xl-9\">\n<div class=\"ProductPageContent__description\">\n<div class=\"WysiwygContent\">\n<p>EcoFlow Solar ja XT60i latauskaapeli (5m)<\/p>\n<p>Liit\u00e4 aurinkopaneeli EcoFlow virta-asemaan niin saat puhdasta, tehokasta ja luotettavaa s\u00e4hk\u00f6\u00e4 minne ikin\u00e4 menetkin.<\/p>\n<p>EcoFlow Solar to XT60i latauskaapelin (5m) avulla voit liitt\u00e4\u00e4 kannettavan EcoFlow-virtal\u00e4hteen aurinkopaneeliin.<\/p>\n<p><strong><br \/>\nTechnical Information:<br \/>\n<\/strong><\/p>\n<p><strong>Kaapelityyppi\u00a0<\/strong>&#8211; Solar-XT60i-latauskaapeli<\/p>\n<p><strong>Pituus\u00a0<\/strong>&#8211; 5m<\/p>\n<p><strong>Pakkaus sis\u00e4lt\u00e4\u00e4\u00a0<\/strong>&#8211; 5m EcoFlow Solar &#8211; XT60i latauskaapeli<\/p>\n<\/div>\n<\/div>\n<\/div>\n<p>&nbsp;<\/p>\n<\/div>\n<\/div>\n<\/div>","protected":false},"featured_media":4382,"comment_status":"open","ping_status":"closed","template":"","meta":[],"product_brand":[],"product_cat":[35,15,34],"product_tag":[],"class_list":{"0":"post-4380","1":"product","2":"type-product","3":"status-publish","4":"has-post-thumbnail","6":"product_cat-ess-ratkaisut","7":"product_cat-products","8":"product_cat-virta-asemat","9":"product_shipping_class-campaign-shipping","10":"pa_brands-ecoflow","12":"first","13":"instock","14":"taxable","15":"shipping-taxable","16":"purchasable","17":"product-type-simple"},"_links":{"self":[{"href":"https:\/\/texus.fi\/en\/wp-json\/wp\/v2\/product\/4380","targetHints":{"allow":["GET"]}}],"collection":[{"href":"https:\/\/texus.fi\/en\/wp-json\/wp\/v2\/product"}],"about":[{"href":"https:\/\/texus.fi\/en\/wp-json\/wp\/v2\/types\/product"}],"replies":[{"embeddable":true,"href":"https:\/\/texus.fi\/en\/wp-json\/wp\/v2\/comments?post=4380"}],"wp:featuredmedia":[{"embeddable":true,"href":"https:\/\/texus.fi\/en\/wp-json\/wp\/v2\/media\/4382"}],"wp:attachment":[{"href":"https:\/\/texus.fi\/en\/wp-json\/wp\/v2\/media?parent=4380"}],"wp:term":[{"taxonomy":"product_brand","embeddable":true,"href":"https:\/\/texus.fi\/en\/wp-json\/wp\/v2\/product_brand?post=4380"},{"taxonomy":"product_cat","embeddable":true,"href":"https:\/\/texus.fi\/en\/wp-json\/wp\/v2\/product_cat?post=4380"},{"taxonomy":"product_tag","embeddable":true,"href":"https:\/\/texus.fi\/en\/wp-json\/wp\/v2\/product_tag?post=4380"}],"curies":[{"name":"wp","href":"https:\/\/api.w.org\/{rel}","templated":true}]}}