{"id":4383,"date":"2025-06-02T14:24:35","date_gmt":"2025-06-02T11:24:35","guid":{"rendered":"https:\/\/texus.fi\/?post_type=product&#038;p=4383"},"modified":"2025-10-03T12:24:47","modified_gmt":"2025-10-03T09:24:47","slug":"ecoflow-rele-moduuli","status":"publish","type":"product","link":"https:\/\/texus.fi\/en\/ecoflow-rele-moduuli\/","title":{"rendered":"EcoFlow Rele moduuli"},"content":{"rendered":"<div class=\"col-12 col-lg-8 col-xl-9\">\n<div class=\"ProductPageContent__description\">\n<div class=\"WysiwygContent\">\n<div class=\"col-12 col-lg-8 col-xl-9\">\n<div class=\"ProductPageContent__description\">\n<div class=\"WysiwygContent\">\n<p><strong>Monipuolisuus on avainasemassa.\u00a0<\/strong>Smart Home Panel yhdist\u00e4\u00e4 jopa 10 kotipiiri\u00e4 kodin varavoimak\u00e4ytt\u00f6\u00e4 varten, joissa on eri virrankest\u00e4vyydet eri kytketyille kuormille.<\/p>\n<p><strong>Yksinkertainen asennus.\u00a0<\/strong>Kun olet kuullut s\u00e4hk\u00f6asentajaa ja m\u00e4\u00e4ritt\u00e4nyt varakuormat, relemoduulien asentaminen ja vaihtaminen onnistuu helposti.<\/p>\n<p><strong>Vaihda se vaikuttamatta muihin virtapiireihin.\u00a0<\/strong>Kussakin moduulissa on kaksi moduulia ja ylivirtasuojasulake kutakin piiri\u00e4 varten. T\u00e4m\u00e4 tarkoittaa, ett\u00e4 voit vaihtaa yhden pois vaikuttamatta muihin piireihin. Jos joudut vaihtamaan relemoduulin, EcoFlow-sovellus ja yksik\u00f6ss\u00e4 oleva LED ilmoittavat sinulle mahdollisista virheist\u00e4.<\/p>\n<\/div>\n<\/div>\n<\/div>\n<\/div>\n<\/div>\n<\/div>","protected":false},"excerpt":{"rendered":"<div class=\"col-12 col-lg-8 col-xl-9\">\n<div class=\"ProductPageContent__description\">\n<div class=\"WysiwygContent\">\n<div class=\"col-12 col-lg-8 col-xl-9\">\n<div class=\"ProductPageContent__description\">\n<div class=\"WysiwygContent\">\n<p><strong>Monipuolisuus on avainasemassa.\u00a0<\/strong>Smart Home Panel yhdist\u00e4\u00e4 jopa 10 kotipiiri\u00e4 kodin varavoimak\u00e4ytt\u00f6\u00e4 varten, joissa on eri virrankest\u00e4vyydet eri kytketyille kuormille.<\/p>\n<p><strong>Yksinkertainen asennus.\u00a0<\/strong>Kun olet kuullut s\u00e4hk\u00f6asentajaa ja m\u00e4\u00e4ritt\u00e4nyt varakuormat, relemoduulien asentaminen ja vaihtaminen onnistuu helposti.<\/p>\n<p><strong>Vaihda se vaikuttamatta muihin virtapiireihin.\u00a0<\/strong>Kussakin moduulissa on kaksi moduulia ja ylivirtasuojasulake kutakin piiri\u00e4 varten. T\u00e4m\u00e4 tarkoittaa, ett\u00e4 voit vaihtaa yhden pois vaikuttamatta muihin piireihin. Jos joudut vaihtamaan relemoduulin, EcoFlow-sovellus ja yksik\u00f6ss\u00e4 oleva LED ilmoittavat sinulle mahdollisista virheist\u00e4.<\/p>\n<\/div>\n<\/div>\n<\/div>\n<\/div>\n<\/div>\n<\/div>","protected":false},"featured_media":4389,"comment_status":"open","ping_status":"closed","template":"","meta":[],"product_brand":[],"product_cat":[35,15,34],"product_tag":[],"class_list":{"0":"post-4383","1":"product","2":"type-product","3":"status-publish","4":"has-post-thumbnail","6":"product_cat-ess-ratkaisut","7":"product_cat-products","8":"product_cat-virta-asemat","9":"product_shipping_class-campaign-shipping","10":"pa_brands-ecoflow","12":"first","13":"instock","14":"taxable","15":"shipping-taxable","16":"purchasable","17":"product-type-variable"},"_links":{"self":[{"href":"https:\/\/texus.fi\/en\/wp-json\/wp\/v2\/product\/4383","targetHints":{"allow":["GET"]}}],"collection":[{"href":"https:\/\/texus.fi\/en\/wp-json\/wp\/v2\/product"}],"about":[{"href":"https:\/\/texus.fi\/en\/wp-json\/wp\/v2\/types\/product"}],"replies":[{"embeddable":true,"href":"https:\/\/texus.fi\/en\/wp-json\/wp\/v2\/comments?post=4383"}],"wp:featuredmedia":[{"embeddable":true,"href":"https:\/\/texus.fi\/en\/wp-json\/wp\/v2\/media\/4389"}],"wp:attachment":[{"href":"https:\/\/texus.fi\/en\/wp-json\/wp\/v2\/media?parent=4383"}],"wp:term":[{"taxonomy":"product_brand","embeddable":true,"href":"https:\/\/texus.fi\/en\/wp-json\/wp\/v2\/product_brand?post=4383"},{"taxonomy":"product_cat","embeddable":true,"href":"https:\/\/texus.fi\/en\/wp-json\/wp\/v2\/product_cat?post=4383"},{"taxonomy":"product_tag","embeddable":true,"href":"https:\/\/texus.fi\/en\/wp-json\/wp\/v2\/product_tag?post=4383"}],"curies":[{"name":"wp","href":"https:\/\/api.w.org\/{rel}","templated":true}]}}