{"id":4416,"date":"2025-01-02T15:00:27","date_gmt":"2025-01-02T12:00:27","guid":{"rendered":"https:\/\/texus.fi\/?post_type=product&#038;p=4416"},"modified":"2025-12-16T13:10:32","modified_gmt":"2025-12-16T10:10:32","slug":"ecoflow-ac-kaapeli","status":"publish","type":"product","link":"https:\/\/texus.fi\/en\/ecoflow-ac-kaapeli\/","title":{"rendered":"EcoFlow AC Kaapeli"},"content":{"rendered":"<div class=\"col-12 col-lg-8 col-xl-9\">\n<div class=\"ProductPageContent__description\">\n<div class=\"WysiwygContent\">\n<div class=\"col-12 col-lg-8 col-xl-9\">\n<div class=\"ProductPageContent__description\">\n<div class=\"WysiwygContent\">\n<p><strong>Tuotteen kuvaus<\/strong><\/p>\n<p>AC-latauskaapeli EcoFlow RIVER -sarjan ja EcoFlow DELTA virta-asemille (EU-versio).<\/p>\n<p><strong>Highlights<\/strong><\/p>\n<p>T\u00e4m\u00e4n kaapelin avulla voit liitt\u00e4\u00e4 EcoFlow RIVER -sarjan tai EcoFlow DELTA -laitteen vaihtovirtal\u00e4hteeseen tehokasta latausta varten.<\/p>\n<p><strong>Laatikossa<\/strong><\/p>\n<p>AC-latauskaapeli x1<\/p>\n<p><strong>Tekniset tiedot<\/strong><\/p>\n<p>Kaapelityyppi: EcoFlow RIVER -sarjan ja EcoFlow DELTA -virta-aseman AC-latauskaapeli (EU-versio).<\/p>\n<p>Pituus: 1.5m<\/p>\n<\/div>\n<\/div>\n<\/div>\n<\/div>\n<\/div>\n<\/div>","protected":false},"excerpt":{"rendered":"<div class=\"col-12 col-lg-8 col-xl-9\">\n<div class=\"ProductPageContent__description\">\n<div class=\"WysiwygContent\">\n<div class=\"col-12 col-lg-8 col-xl-9\">\n<div class=\"ProductPageContent__description\">\n<div class=\"WysiwygContent\">\n<p><strong>Tuotteen kuvaus<\/strong><\/p>\n<p>AC-latauskaapeli EcoFlow RIVER -sarjan ja EcoFlow DELTA virta-asemille (EU-versio).<\/p>\n<p><strong>Highlights<\/strong><\/p>\n<p>T\u00e4m\u00e4n kaapelin avulla voit liitt\u00e4\u00e4 EcoFlow RIVER -sarjan tai EcoFlow DELTA -laitteen vaihtovirtal\u00e4hteeseen tehokasta latausta varten.<\/p>\n<p><strong>Laatikossa<\/strong><\/p>\n<p>AC-latauskaapeli x1<\/p>\n<p><strong>Tekniset tiedot<\/strong><\/p>\n<p>Kaapelityyppi: EcoFlow RIVER -sarjan ja EcoFlow DELTA -virta-aseman AC-latauskaapeli (EU-versio).<\/p>\n<p>Pituus: 1.5m<\/p>\n<\/div>\n<\/div>\n<\/div>\n<\/div>\n<\/div>\n<\/div>","protected":false},"featured_media":4417,"comment_status":"open","ping_status":"closed","template":"","meta":[],"product_brand":[],"product_cat":[35,15,34],"product_tag":[],"class_list":{"0":"post-4416","1":"product","2":"type-product","3":"status-publish","4":"has-post-thumbnail","6":"product_cat-ess-ratkaisut","7":"product_cat-products","8":"product_cat-virta-asemat","9":"product_shipping_class-campaign-shipping","10":"pa_brands-ecoflow","12":"first","13":"outofstock","14":"taxable","15":"shipping-taxable","16":"purchasable","17":"product-type-simple"},"_links":{"self":[{"href":"https:\/\/texus.fi\/en\/wp-json\/wp\/v2\/product\/4416","targetHints":{"allow":["GET"]}}],"collection":[{"href":"https:\/\/texus.fi\/en\/wp-json\/wp\/v2\/product"}],"about":[{"href":"https:\/\/texus.fi\/en\/wp-json\/wp\/v2\/types\/product"}],"replies":[{"embeddable":true,"href":"https:\/\/texus.fi\/en\/wp-json\/wp\/v2\/comments?post=4416"}],"wp:featuredmedia":[{"embeddable":true,"href":"https:\/\/texus.fi\/en\/wp-json\/wp\/v2\/media\/4417"}],"wp:attachment":[{"href":"https:\/\/texus.fi\/en\/wp-json\/wp\/v2\/media?parent=4416"}],"wp:term":[{"taxonomy":"product_brand","embeddable":true,"href":"https:\/\/texus.fi\/en\/wp-json\/wp\/v2\/product_brand?post=4416"},{"taxonomy":"product_cat","embeddable":true,"href":"https:\/\/texus.fi\/en\/wp-json\/wp\/v2\/product_cat?post=4416"},{"taxonomy":"product_tag","embeddable":true,"href":"https:\/\/texus.fi\/en\/wp-json\/wp\/v2\/product_tag?post=4416"}],"curies":[{"name":"wp","href":"https:\/\/api.w.org\/{rel}","templated":true}]}}