{"id":4423,"date":"2025-01-02T15:07:07","date_gmt":"2025-01-02T12:07:07","guid":{"rendered":"https:\/\/texus.fi\/?post_type=product&#038;p=4423"},"modified":"2026-03-22T13:53:41","modified_gmt":"2026-03-22T10:53:41","slug":"ecoflow-aurinkopaneelin-kiinnitysjalkasarja","status":"publish","type":"product","link":"https:\/\/texus.fi\/en\/ecoflow-aurinkopaneelin-kiinnitysjalkasarja\/","title":{"rendered":"EcoFlow Aurinkopaneelin kiinnitysjalkasarja"},"content":{"rendered":"<p>Tukevat aurinkopaneelin kiinnitysjalat.<\/p>\n<ul class=\"list-bullet1\">\n<li class=\"ace-line ace-line old-record-id-NSisd4GUOoI0q0xeSPFcewcinad\" data-list=\"bullet\">\n<div>Yhteensopiva EcoFlow 100W ja 400W j\u00e4ykkien aurinkopaneelien kanssa.<\/div>\n<\/li>\n<li class=\"ace-line ace-line old-record-id-P4e4d2CgqoySmQxfcJNcwdwynmX\" data-list=\"bullet\">\n<div><strong>T\u00e4ysin musta muotoilu<\/strong>\u00a0tarjoaa hillityn asennuksen, joka sulautuu hyvin esim. kattoon.<\/div>\n<\/li>\n<li class=\"ace-line ace-line old-record-id-Vcsqd6eweoomewxknFocpQlfnbb\" data-list=\"bullet\">\n<div><strong>Kevyt ja kest\u00e4v\u00e4,\u00a0<\/strong>valmistettu ruostumattomasta alumiiniseoksesta, joka soveltuu pitk\u00e4aikaiseen asennukseen ja k\u00e4ytt\u00f6\u00f6n.<\/div>\n<\/li>\n<li class=\"ace-line ace-line old-record-id-BaI4di2eKoIgyUxY3FccUdoonLh\" data-list=\"bullet\">\n<div><strong>Pakkaus sis\u00e4lt\u00e4\u00e4<\/strong>\u00a04 \u00d7 M6 kuusioruuvia, 4 \u00d7 M6 jousialuslevy\u00e4, 4 \u00d7 M6 litte\u00e4\u00e4 aluslevy\u00e4, 4 \u00d7 M6 isoa litte\u00e4\u00e4 aluslevy\u00e4, 4 \u00d7 M6 laippamutteria.<\/div>\n<\/li>\n<\/ul>\n<div class=\"ace-line ace-line old-record-id-UCs8dYGsWowIImxG7HtcX3xfnob\">*Aurinkopaneelij\u00e4rjestelm\u00e4n asennuksen, s\u00e4\u00e4d\u00f6n ja korjauksen tulee suorittaa ammattitaitoinen p\u00e4tev\u00e4 s\u00e4hk\u00f6alan asiantuntija, joka tuntee aurinkopaneeliasennusten asennusrakenteen ja toiminnan.<\/div>","protected":false},"excerpt":{"rendered":"<p>Tukevat aurinkopaneelin kiinnitysjalat.<\/p>\n<ul class=\"list-bullet1\">\n<li class=\"ace-line ace-line old-record-id-NSisd4GUOoI0q0xeSPFcewcinad\" data-list=\"bullet\">\n<div>Yhteensopiva EcoFlow 100W ja 400W j\u00e4ykkien aurinkopaneelien kanssa.<\/div>\n<\/li>\n<li class=\"ace-line ace-line old-record-id-P4e4d2CgqoySmQxfcJNcwdwynmX\" data-list=\"bullet\">\n<div><strong>T\u00e4ysin musta muotoilu<\/strong>\u00a0tarjoaa hillityn asennuksen, joka sulautuu hyvin esim. kattoon.<\/div>\n<\/li>\n<li class=\"ace-line ace-line old-record-id-Vcsqd6eweoomewxknFocpQlfnbb\" data-list=\"bullet\">\n<div><strong>Kevyt ja kest\u00e4v\u00e4,\u00a0<\/strong>valmistettu ruostumattomasta alumiiniseoksesta, joka soveltuu pitk\u00e4aikaiseen asennukseen ja k\u00e4ytt\u00f6\u00f6n.<\/div>\n<\/li>\n<li class=\"ace-line ace-line old-record-id-BaI4di2eKoIgyUxY3FccUdoonLh\" data-list=\"bullet\">\n<div><strong>Pakkaus sis\u00e4lt\u00e4\u00e4<\/strong>\u00a04 \u00d7 M6 kuusioruuvia, 4 \u00d7 M6 jousialuslevy\u00e4, 4 \u00d7 M6 litte\u00e4\u00e4 aluslevy\u00e4, 4 \u00d7 M6 isoa litte\u00e4\u00e4 aluslevy\u00e4, 4 \u00d7 M6 laippamutteria.<\/div>\n<\/li>\n<\/ul>\n<div class=\"ace-line ace-line old-record-id-UCs8dYGsWowIImxG7HtcX3xfnob\">*Aurinkopaneelij\u00e4rjestelm\u00e4n asennuksen, s\u00e4\u00e4d\u00f6n ja korjauksen tulee suorittaa ammattitaitoinen p\u00e4tev\u00e4 s\u00e4hk\u00f6alan asiantuntija, joka tuntee aurinkopaneeliasennusten asennusrakenteen ja toiminnan.<\/div>","protected":false},"featured_media":4424,"comment_status":"open","ping_status":"closed","template":"","meta":[],"product_brand":[],"product_cat":[27,15],"product_tag":[],"class_list":{"0":"post-4423","1":"product","2":"type-product","3":"status-publish","4":"has-post-thumbnail","6":"product_cat-aurinkopaneelit","7":"product_cat-products","8":"product_shipping_class-campaign-shipping","9":"pa_brands-ecoflow","11":"first","12":"instock","13":"taxable","14":"shipping-taxable","15":"purchasable","16":"product-type-simple"},"_links":{"self":[{"href":"https:\/\/texus.fi\/en\/wp-json\/wp\/v2\/product\/4423","targetHints":{"allow":["GET"]}}],"collection":[{"href":"https:\/\/texus.fi\/en\/wp-json\/wp\/v2\/product"}],"about":[{"href":"https:\/\/texus.fi\/en\/wp-json\/wp\/v2\/types\/product"}],"replies":[{"embeddable":true,"href":"https:\/\/texus.fi\/en\/wp-json\/wp\/v2\/comments?post=4423"}],"wp:featuredmedia":[{"embeddable":true,"href":"https:\/\/texus.fi\/en\/wp-json\/wp\/v2\/media\/4424"}],"wp:attachment":[{"href":"https:\/\/texus.fi\/en\/wp-json\/wp\/v2\/media?parent=4423"}],"wp:term":[{"taxonomy":"product_brand","embeddable":true,"href":"https:\/\/texus.fi\/en\/wp-json\/wp\/v2\/product_brand?post=4423"},{"taxonomy":"product_cat","embeddable":true,"href":"https:\/\/texus.fi\/en\/wp-json\/wp\/v2\/product_cat?post=4423"},{"taxonomy":"product_tag","embeddable":true,"href":"https:\/\/texus.fi\/en\/wp-json\/wp\/v2\/product_tag?post=4423"}],"curies":[{"name":"wp","href":"https:\/\/api.w.org\/{rel}","templated":true}]}}