{"id":4454,"date":"2025-01-02T15:51:25","date_gmt":"2025-01-02T12:51:25","guid":{"rendered":"https:\/\/texus.fi\/?post_type=product&#038;p=4454"},"modified":"2025-10-03T12:37:56","modified_gmt":"2025-10-03T09:37:56","slug":"ecoflow-power-kit-5kwh","status":"publish","type":"product","link":"https:\/\/texus.fi\/en\/ecoflow-power-kit-5kwh\/","title":{"rendered":"EcoFlow Power Kit 5kWh"},"content":{"rendered":"<p><strong>EcoFlow Power Kitit<\/strong> ovat maailman ensimm\u00e4iset integroidut, plug and play -virtaratkaisut, jotka on suunniteltu erityisesti pieniin koteihin ja retkeily-\/matkailuautoihin. T\u00e4m\u00e4 kyseinen Power Kit sis\u00e4lt\u00e4\u00e4 yhden 5kWh akun.<br \/>\nPakettissa kaikki tarvittava jokap\u00e4iv\u00e4iseen k\u00e4ytt\u00f6\u00f6n.<\/p>\n<p>Valittavissa kolme eri vaihtoehtoa:<br \/>\n\u2022\u00a0Get Set Kit<br \/>\n\u2022\u00a0Prepared Kit<br \/>\n\u2022\u00a0Indendence Kit<\/p>\n<p>Ominaisuuksia<br \/>\n\u2022 4 lataustapaa sis\u00e4lt\u00e4v\u00e4t jopa 4800 watin aurinkoenergian, 1000 watin laturin, 3000 watin maas\u00e4hk\u00f6n ja 1800 watin Smart Generator tulon.<br \/>\n\u2022 Plug and play helppo asennus<br \/>\n\u2022 Kompakti, integroitu muotoilu, all-in-one-invertteril\u00e4ht\u00f6<br \/>\n\u2022 48 V j\u00e4rjestelm\u00e4, turvallisempi, pienempi tehoratkaisu<br \/>\n\u2022 \u00c4lykk\u00e4\u00e4t reaaliaikaiset ja kauko-ohjaimet<\/p>\n<p>Saatavilla my\u00f6s 2kWh, 4kWh, 10kWh tai 15kWh akustoilla tai ilman akkuja.<\/p>\n<p><strong>Sis\u00e4lt\u00e4\u00e4:<\/strong><br \/>\n\u2022 Get Set Kit = Keskusyksikk\u00f6 + 5kWh akku + Kaapelipaketti<br \/>\n\u2022 Prepared Kit = Keskusyksikk\u00f6 + Sulakeyksikk\u00f6 + 5kWh akku + Akun kiinnityspanta + Kaapelipaketti<br \/>\n\u2022 Indendence Kit = Keskusyksikk\u00f6 + Sulakeyksikk\u00f6 + 5kWh akku + Akun kiinnityspanta + N\u00e4ytt\u00f6 + Kaapelipaketti<\/p>","protected":false},"excerpt":{"rendered":"<p><strong>EcoFlow Power Kitit<\/strong> ovat maailman ensimm\u00e4iset integroidut, plug and play -virtaratkaisut, jotka on suunniteltu erityisesti pieniin koteihin ja retkeily-\/matkailuautoihin. T\u00e4m\u00e4 kyseinen Power Kit sis\u00e4lt\u00e4\u00e4 yhden 5kWh akun.<br \/>\nPakettissa kaikki tarvittava jokap\u00e4iv\u00e4iseen k\u00e4ytt\u00f6\u00f6n.<\/p>\n<p><strong>Sis\u00e4lt\u00e4\u00e4:<\/strong><br \/>\n\u2022 Get Set Kit = Keskusyksikk\u00f6 + 5kWh akku + Kaapelipaketti<br \/>\n\u2022 Prepared Kit = Keskusyksikk\u00f6 + Sulakeyksikk\u00f6 + 5kWh akku + Akun kiinnityspanta + Kaapelipaketti<br \/>\n\u2022 Indendence Kit = Keskusyksikk\u00f6 + Sulakeyksikk\u00f6 + 5kWh akku + Akun kiinnityspanta + N\u00e4ytt\u00f6 + Kaapelipaketti<\/p>","protected":false},"featured_media":4458,"comment_status":"open","ping_status":"closed","template":"","meta":[],"product_brand":[],"product_cat":[35,121,15,34],"product_tag":[],"class_list":{"0":"post-4454","1":"product","2":"type-product","3":"status-publish","4":"has-post-thumbnail","6":"product_cat-ess-ratkaisut","7":"product_cat-muut-tuotteet","8":"product_cat-products","9":"product_cat-virta-asemat","10":"product_shipping_class-campaign-shipping","11":"pa_brands-ecoflow","13":"first","14":"onbackorder","15":"taxable","16":"shipping-taxable","17":"purchasable","18":"product-type-variable"},"_links":{"self":[{"href":"https:\/\/texus.fi\/en\/wp-json\/wp\/v2\/product\/4454","targetHints":{"allow":["GET"]}}],"collection":[{"href":"https:\/\/texus.fi\/en\/wp-json\/wp\/v2\/product"}],"about":[{"href":"https:\/\/texus.fi\/en\/wp-json\/wp\/v2\/types\/product"}],"replies":[{"embeddable":true,"href":"https:\/\/texus.fi\/en\/wp-json\/wp\/v2\/comments?post=4454"}],"wp:featuredmedia":[{"embeddable":true,"href":"https:\/\/texus.fi\/en\/wp-json\/wp\/v2\/media\/4458"}],"wp:attachment":[{"href":"https:\/\/texus.fi\/en\/wp-json\/wp\/v2\/media?parent=4454"}],"wp:term":[{"taxonomy":"product_brand","embeddable":true,"href":"https:\/\/texus.fi\/en\/wp-json\/wp\/v2\/product_brand?post=4454"},{"taxonomy":"product_cat","embeddable":true,"href":"https:\/\/texus.fi\/en\/wp-json\/wp\/v2\/product_cat?post=4454"},{"taxonomy":"product_tag","embeddable":true,"href":"https:\/\/texus.fi\/en\/wp-json\/wp\/v2\/product_tag?post=4454"}],"curies":[{"name":"wp","href":"https:\/\/api.w.org\/{rel}","templated":true}]}}