{"id":4550,"date":"2024-06-24T10:21:58","date_gmt":"2024-06-24T07:21:58","guid":{"rendered":"https:\/\/texus.fi\/?post_type=product&#038;p=4550"},"modified":"2025-06-24T10:24:17","modified_gmt":"2025-06-24T07:24:17","slug":"sulakeliitin-sfr4-4-mm%c2%b2","status":"publish","type":"product","link":"https:\/\/texus.fi\/en\/sulakeliitin-sfr4-4-mm%c2%b2\/","title":{"rendered":"Sulakeliitin, SFR4, 4 mm\u00b2"},"content":{"rendered":"<div class=\"tabs-panel panel-smart\">\n<div class=\"tab-content clearfix\">\n<div id=\"tab-description\" class=\"tab-pane active\">\n<div class=\"tabs-panel panel-smart\">\n<div class=\"tab-content clearfix\">\n<div id=\"tab-description\" class=\"tab-pane active\">\n<div class=\"tabs-panel panel-smart\">\n<div class=\"tab-content clearfix\">\n<div id=\"tab-description\" class=\"tab-pane active\">\n<div>Uusi riviliitinsarja, jossa laaja valikoima. Valmistettu polyamidista. Sopivat EN 50022 ja EN 50035 mukaisiin normikiskoihin. L\u00e4mm\u00f6nkest\u00e4vyys: +110\u00b0C Itsesammuvia (VO UL 94 mukaan). SEMKO:n hyv\u00e4ksymi\u00e4.<\/div>\n<\/div>\n<\/div>\n<\/div>\n<div class=\"product-info-box\"><\/div>\n<\/div>\n<\/div>\n<\/div>\n<div class=\"product-info-box\"><\/div>\n<\/div>\n<\/div>\n<\/div>\n<div class=\"product-info-box\"><\/div>","protected":false},"excerpt":{"rendered":"<div class=\"tabs-panel panel-smart\">\n<div class=\"tab-content clearfix\">\n<div id=\"tab-description\" class=\"tab-pane active\">\n<div class=\"tabs-panel panel-smart\">\n<div class=\"tab-content clearfix\">\n<div id=\"tab-description\" class=\"tab-pane active\">\n<div>Uusi riviliitinsarja, jossa laaja valikoima. Valmistettu polyamidista. Sopivat EN 50022 ja EN 50035 mukaisiin normikiskoihin. L\u00e4mm\u00f6nkest\u00e4vyys: +110\u00b0C Itsesammuvia (VO UL 94 mukaan). SEMKO:n hyv\u00e4ksymi\u00e4.<\/div>\n<\/div>\n<\/div>\n<\/div>\n<div class=\"product-info-box\"><\/div>\n<\/div>\n<\/div>\n<\/div>","protected":false},"featured_media":4552,"comment_status":"open","ping_status":"closed","template":"","meta":[],"product_brand":[],"product_cat":[131,139,132],"product_tag":[],"class_list":{"0":"post-4550","1":"product","2":"type-product","3":"status-publish","4":"has-post-thumbnail","6":"product_cat-automaatio","7":"product_cat-kytkentaalustat","8":"product_cat-kytkentaalustat-kaapelikan","9":"product_shipping_class-standard-delivery","10":"pa_brands-malmbergs","12":"first","13":"instock","14":"taxable","15":"shipping-taxable","16":"purchasable","17":"product-type-simple"},"_links":{"self":[{"href":"https:\/\/texus.fi\/en\/wp-json\/wp\/v2\/product\/4550","targetHints":{"allow":["GET"]}}],"collection":[{"href":"https:\/\/texus.fi\/en\/wp-json\/wp\/v2\/product"}],"about":[{"href":"https:\/\/texus.fi\/en\/wp-json\/wp\/v2\/types\/product"}],"replies":[{"embeddable":true,"href":"https:\/\/texus.fi\/en\/wp-json\/wp\/v2\/comments?post=4550"}],"wp:featuredmedia":[{"embeddable":true,"href":"https:\/\/texus.fi\/en\/wp-json\/wp\/v2\/media\/4552"}],"wp:attachment":[{"href":"https:\/\/texus.fi\/en\/wp-json\/wp\/v2\/media?parent=4550"}],"wp:term":[{"taxonomy":"product_brand","embeddable":true,"href":"https:\/\/texus.fi\/en\/wp-json\/wp\/v2\/product_brand?post=4550"},{"taxonomy":"product_cat","embeddable":true,"href":"https:\/\/texus.fi\/en\/wp-json\/wp\/v2\/product_cat?post=4550"},{"taxonomy":"product_tag","embeddable":true,"href":"https:\/\/texus.fi\/en\/wp-json\/wp\/v2\/product_tag?post=4550"}],"curies":[{"name":"wp","href":"https:\/\/api.w.org\/{rel}","templated":true}]}}