{"id":5035,"date":"2025-01-15T13:12:23","date_gmt":"2025-01-15T10:12:23","guid":{"rendered":"https:\/\/texus.fi\/?post_type=product&#038;p=5035"},"modified":"2025-07-20T11:26:12","modified_gmt":"2025-07-20T08:26:12","slug":"studer-vt40","status":"publish","type":"product","link":"https:\/\/texus.fi\/en\/studer-vt40\/","title":{"rendered":"Studer &#8211; vt40"},"content":{"rendered":"<p class=\"p1\">Variotrack MPPT -aurinkolatauss\u00e4\u00e4din maksimoi tuotetun energian lataamalla akut optimaalisesti. MPPT-algoritmin (Maximum Power Point Tracking) tarkkuus, korkea huippuhy\u00f6tysuhde ja alhainen sis\u00e4inen kulutus takaavat aurinkos\u00e4hk\u00f6moduulien tuottaman energian optimaalisen hy\u00f6dynt\u00e4misen kaikentyyppisiss\u00e4 akkutekniikoissa.<\/p>\n<p class=\"p2\"><b>N\u00e4ytt\u00f6, jossa on 7 LEDi\u00e4, jotka n\u00e4ytt\u00e4v\u00e4t tilan ja virran<\/b><\/p>\n<p class=\"p2\"><b>Helppo ja turvallinen k\u00e4ytt\u00f6\u00f6notto, t\u00e4ydellinen suojaus v\u00e4\u00e4r\u00e4\u00e4 kytkent\u00e4\u00e4 vastaan.<\/b><\/p>\n<p class=\"p2\"><b>Alhainen omavaraisuus: &lt;1W y\u00f6tilassa.<\/b><\/p>\n<p class=\"p2\"><b>Download Documents:<\/b><\/p>\n<ul>\n<li><a href=\"https:\/\/texus.fi\/en\/?attachment_id=5042\" rel=\"attachment wp-att-5042\">Studer_variotrack_vt40-145_vt65-175_vt80-175_A4-WEB<\/a><\/li>\n<li><a href=\"https:\/\/texus.fi\/en\/?attachment_id=5041\" rel=\"attachment wp-att-5041\">quickguide-variotrack-vt40-145-vt60-80-175-v1.2<\/a><\/li>\n<li><a href=\"https:\/\/texus.fi\/en\/?attachment_id=5040\" rel=\"attachment wp-att-5040\">Manuel-variotrack-V4.5_EN-vt40-145-vt65-175-vt80-175<\/a><\/li>\n<\/ul>","protected":false},"excerpt":{"rendered":"<p>Variotrack MPPT -aurinkolatauss\u00e4\u00e4din maksimoi tuotetun energian lataamalla akut optimaalisesti. MPPT-algoritmin (Maximum Power Point Tracking) tarkkuus, korkea huippuhy\u00f6tysuhde ja alhainen sis\u00e4inen kulutus takaavat aurinkos\u00e4hk\u00f6moduulien tuottaman energian optimaalisen hy\u00f6dynt\u00e4misen kaikentyyppisiss\u00e4 akkutekniikoissa.<\/p>","protected":false},"featured_media":5046,"comment_status":"open","ping_status":"closed","template":"","meta":[],"product_brand":[],"product_cat":[36,15],"product_tag":[],"class_list":{"0":"post-5035","1":"product","2":"type-product","3":"status-publish","4":"has-post-thumbnail","6":"product_cat-invertterit","7":"product_cat-products","8":"product_shipping_class-heavy-packages","9":"pa_brands-studer","11":"first","12":"instock","13":"taxable","14":"shipping-taxable","15":"purchasable","16":"product-type-simple"},"_links":{"self":[{"href":"https:\/\/texus.fi\/en\/wp-json\/wp\/v2\/product\/5035","targetHints":{"allow":["GET"]}}],"collection":[{"href":"https:\/\/texus.fi\/en\/wp-json\/wp\/v2\/product"}],"about":[{"href":"https:\/\/texus.fi\/en\/wp-json\/wp\/v2\/types\/product"}],"replies":[{"embeddable":true,"href":"https:\/\/texus.fi\/en\/wp-json\/wp\/v2\/comments?post=5035"}],"wp:featuredmedia":[{"embeddable":true,"href":"https:\/\/texus.fi\/en\/wp-json\/wp\/v2\/media\/5046"}],"wp:attachment":[{"href":"https:\/\/texus.fi\/en\/wp-json\/wp\/v2\/media?parent=5035"}],"wp:term":[{"taxonomy":"product_brand","embeddable":true,"href":"https:\/\/texus.fi\/en\/wp-json\/wp\/v2\/product_brand?post=5035"},{"taxonomy":"product_cat","embeddable":true,"href":"https:\/\/texus.fi\/en\/wp-json\/wp\/v2\/product_cat?post=5035"},{"taxonomy":"product_tag","embeddable":true,"href":"https:\/\/texus.fi\/en\/wp-json\/wp\/v2\/product_tag?post=5035"}],"curies":[{"name":"wp","href":"https:\/\/api.w.org\/{rel}","templated":true}]}}