{"id":5057,"date":"2025-01-17T10:36:24","date_gmt":"2025-01-17T07:36:24","guid":{"rendered":"https:\/\/texus.fi\/?post_type=product&#038;p=5057"},"modified":"2025-07-20T11:23:37","modified_gmt":"2025-07-20T08:23:37","slug":"studer-vs70","status":"publish","type":"product","link":"https:\/\/texus.fi\/en\/studer-vs70\/","title":{"rendered":"Studer &#8211; vs70"},"content":{"rendered":"<p class=\"p1\">Variostringin korkeaj\u00e4nnitteinen MPPT-aurinkolatauss\u00e4\u00e4din varmistaa akun optimaalisen latauksen maksimoiden aurinkotuotannon. Ensimm\u00e4isen\u00e4 lajissaan variostring saavuttaa maailman korkeimman muuntotehokkuuden korkeaj\u00e4nnitteisest\u00e4 aurinkoenergiasta (900 V) 48 V:n akkuj\u00e4nnitteeseen, mukaan lukien galvaaninen erotus aurinkos\u00e4hk\u00f6n ja akun v\u00e4lill\u00e4. Variostring on 100-prosenttisesti suunniteltu ja valmistettu Sveitsiss\u00e4, ja sill\u00e4 on 10 vuoden takuu.<\/p>\n<p class=\"p2\"><b>Maailmanmestari hy\u00f6tysuhteen osalta eristetyss\u00e4 muuntimessa, jossa hy\u00f6tysuhde on &gt;98 %.<\/b><\/p>\n<p class=\"p3\"><b>Turvallisuus taattu PV-generaattorin ja akun v\u00e4lisen vahvistetun eristyksen ansiosta, joka mahdollistaa akun ja\/tai aurinkopaneelien riippumattoman maadoituksen.<\/b><b><\/b><\/p>\n<p class=\"p2\"><b>V\u00e4hent\u00e4\u00e4 j\u00e4rjestelm\u00e4n tasapainokustannuksia (eliminoi rinnakkaisten s\u00e4ikeiden kalliit johdotukset).<\/b><\/p>\n<p class=\"p2\"><b>Turvallinen, yksinkertainen ja vaivaton liit\u00e4nt\u00e4 SUNCLIX\u2122<span class=\"Apple-converted-space\">\u00a0 <\/span>(Phoenix Contact <\/b><span class=\"s1\">&#8221;<\/span><b>tool free&#8221;) PV-liittimell\u00e4.<\/b><\/p>\n<p class=\"p2\"><b>T\u00e4ysin ohjelmoitava 4-vaiheinen laturi akun k\u00e4ytt\u00f6i\u00e4n pident\u00e4miseksi<\/b><\/p>\n<p class=\"p2\"><b>Download Documents:<\/b><\/p>\n<ul>\n<li><a href=\"https:\/\/texus.fi\/en\/?attachment_id=5058\" rel=\"attachment wp-att-5058\"><span style=\"vertical-align: inherit;\"><span style=\"vertical-align: inherit;\">Studer_variostring_A4_WEB<\/span><\/span><\/a><\/li>\n<li><a href=\"https:\/\/texus.fi\/en\/?attachment_id=5059\" rel=\"attachment wp-att-5059\"><span style=\"vertical-align: inherit;\"><span style=\"vertical-align: inherit;\">quickguide-variostring70-def<\/span><\/span><\/a><\/li>\n<li><a href=\"https:\/\/texus.fi\/en\/?attachment_id=5060\" rel=\"attachment wp-att-5060\"><span style=\"vertical-align: inherit;\"><span style=\"vertical-align: inherit;\">Manuel-VarioString-V2.6_EN<\/span><\/span><\/a><\/li>\n<\/ul>","protected":false},"excerpt":{"rendered":"<p>Variostringin korkeaj\u00e4nnitteinen MPPT-aurinkolatauss\u00e4\u00e4din varmistaa akun optimaalisen latauksen maksimoiden aurinkotuotannon. Ensimm\u00e4isen\u00e4 lajissaan variostring saavuttaa maailman korkeimman muuntotehokkuuden korkeaj\u00e4nnitteisest\u00e4 aurinkoenergiasta (900 V) 48 V:n akkuj\u00e4nnitteeseen, mukaan lukien galvaaninen erotus aurinkos\u00e4hk\u00f6n ja akun v\u00e4lill\u00e4. Variostring on 100-prosenttisesti suunniteltu ja valmistettu Sveitsiss\u00e4, ja sill\u00e4 on 10 vuoden takuu.<\/p>","protected":false},"featured_media":5069,"comment_status":"open","ping_status":"closed","template":"","meta":[],"product_brand":[],"product_cat":[36,15],"product_tag":[],"class_list":{"0":"post-5057","1":"product","2":"type-product","3":"status-publish","4":"has-post-thumbnail","6":"product_cat-invertterit","7":"product_cat-products","8":"product_shipping_class-heavy-packages","9":"pa_brands-studer","11":"first","12":"instock","13":"sale","14":"taxable","15":"shipping-taxable","16":"purchasable","17":"product-type-simple"},"_links":{"self":[{"href":"https:\/\/texus.fi\/en\/wp-json\/wp\/v2\/product\/5057","targetHints":{"allow":["GET"]}}],"collection":[{"href":"https:\/\/texus.fi\/en\/wp-json\/wp\/v2\/product"}],"about":[{"href":"https:\/\/texus.fi\/en\/wp-json\/wp\/v2\/types\/product"}],"replies":[{"embeddable":true,"href":"https:\/\/texus.fi\/en\/wp-json\/wp\/v2\/comments?post=5057"}],"wp:featuredmedia":[{"embeddable":true,"href":"https:\/\/texus.fi\/en\/wp-json\/wp\/v2\/media\/5069"}],"wp:attachment":[{"href":"https:\/\/texus.fi\/en\/wp-json\/wp\/v2\/media?parent=5057"}],"wp:term":[{"taxonomy":"product_brand","embeddable":true,"href":"https:\/\/texus.fi\/en\/wp-json\/wp\/v2\/product_brand?post=5057"},{"taxonomy":"product_cat","embeddable":true,"href":"https:\/\/texus.fi\/en\/wp-json\/wp\/v2\/product_cat?post=5057"},{"taxonomy":"product_tag","embeddable":true,"href":"https:\/\/texus.fi\/en\/wp-json\/wp\/v2\/product_tag?post=5057"}],"curies":[{"name":"wp","href":"https:\/\/api.w.org\/{rel}","templated":true}]}}