{"id":5070,"date":"2025-01-17T10:56:20","date_gmt":"2025-01-17T07:56:20","guid":{"rendered":"https:\/\/texus.fi\/?post_type=product&#038;p=5070"},"modified":"2025-07-20T11:22:27","modified_gmt":"2025-07-20T08:22:27","slug":"studer-vs120","status":"publish","type":"product","link":"https:\/\/texus.fi\/en\/studer-vs120\/","title":{"rendered":"Studer &#8211; vs120"},"content":{"rendered":"<p class=\"p1\">Variostringin korkeaj\u00e4nnitteinen MPPT-aurinkolatauss\u00e4\u00e4din varmistaa akun optimaalisen latauksen maksimoiden aurinkotuotannon. Ensimm\u00e4isen\u00e4 lajissaan variostring saavuttaa maailman korkeimman muuntohy\u00f6tysuhteen korkeaj\u00e4nnitteisest\u00e4 aurinkos\u00e4hk\u00f6st\u00e4 (900 V) 48 V:n akkuj\u00e4nnitteeseen, mukaan lukien galvaaninen eristys PV:n ja akun v\u00e4lill\u00e4. Variostring on 100-prosenttisesti suunniteltu ja valmistettu Sveitsiss\u00e4, ja sill\u00e4 on 10 vuoden takuu.<\/p>\n<p class=\"p2\"><b>Jopa 15 variostringi\u00e4 rinnakkain samassa tietoliikennev\u00e4yl\u00e4ss\u00e4 (105 kW).<\/b><\/p>\n<p class=\"p3\"><b>N\u00e4ytt\u00f6, jossa on 9 LEDi\u00e4, jotka n\u00e4ytt\u00e4v\u00e4t tilan ja virran<\/b><b><\/b><\/p>\n<p class=\"p4\"><b>Sopii kaikkiin aurinko- ja akkuj\u00e4rjestelmiin<\/b><b><\/b><\/p>\n<p class=\"p5\"><b>Optimaalinen k\u00e4ytt\u00f6 xtender-j\u00e4rjestelm\u00e4ss\u00e4, jossa on synkronoitu akkujen hallinta<\/b><\/p>\n<p class=\"p3\"><b>Alhainen omakulutus: &lt;1W y\u00f6tilassa<\/b><\/p>\n<p class=\"p2\"><b>Download Documents:<\/b><\/p>\n<ul>\n<li><a href=\"https:\/\/texus.fi\/en\/?attachment_id=5058\" rel=\"attachment wp-att-5058\"><span style=\"vertical-align: inherit;\"><span style=\"vertical-align: inherit;\">Studer_variostring_A4_WEB<\/span><\/span><\/a><\/li>\n<li><a href=\"https:\/\/texus.fi\/en\/?attachment_id=5072\" rel=\"attachment wp-att-5072\">quickguide-variostring120-1.3<\/a><\/li>\n<li><a href=\"https:\/\/texus.fi\/en\/?attachment_id=5060\" rel=\"attachment wp-att-5060\"><span style=\"vertical-align: inherit;\"><span style=\"vertical-align: inherit;\">Manuel-VarioString-V2.6_EN<\/span><\/span><\/a><\/li>\n<\/ul>","protected":false},"excerpt":{"rendered":"<p>Variostringin korkeaj\u00e4nnitteinen MPPT-aurinkolatauss\u00e4\u00e4din varmistaa akun optimaalisen latauksen maksimoiden aurinkotuotannon. Ensimm\u00e4isen\u00e4 lajissaan variostring saavuttaa maailman korkeimman muuntohy\u00f6tysuhteen korkeaj\u00e4nnitteisest\u00e4 aurinkos\u00e4hk\u00f6st\u00e4 (900 V) 48 V:n akkuj\u00e4nnitteeseen, mukaan lukien galvaaninen eristys PV:n ja akun v\u00e4lill\u00e4. Variostring on 100-prosenttisesti suunniteltu ja valmistettu Sveitsiss\u00e4, ja sill\u00e4 on 10 vuoden takuu.<\/p>","protected":false},"featured_media":5071,"comment_status":"open","ping_status":"closed","template":"","meta":[],"product_brand":[],"product_cat":[36,15],"product_tag":[],"class_list":{"0":"post-5070","1":"product","2":"type-product","3":"status-publish","4":"has-post-thumbnail","6":"product_cat-invertterit","7":"product_cat-products","8":"product_shipping_class-heavy-packages","9":"pa_brands-studer","11":"first","12":"instock","13":"sale","14":"taxable","15":"shipping-taxable","16":"purchasable","17":"product-type-simple"},"_links":{"self":[{"href":"https:\/\/texus.fi\/en\/wp-json\/wp\/v2\/product\/5070","targetHints":{"allow":["GET"]}}],"collection":[{"href":"https:\/\/texus.fi\/en\/wp-json\/wp\/v2\/product"}],"about":[{"href":"https:\/\/texus.fi\/en\/wp-json\/wp\/v2\/types\/product"}],"replies":[{"embeddable":true,"href":"https:\/\/texus.fi\/en\/wp-json\/wp\/v2\/comments?post=5070"}],"wp:featuredmedia":[{"embeddable":true,"href":"https:\/\/texus.fi\/en\/wp-json\/wp\/v2\/media\/5071"}],"wp:attachment":[{"href":"https:\/\/texus.fi\/en\/wp-json\/wp\/v2\/media?parent=5070"}],"wp:term":[{"taxonomy":"product_brand","embeddable":true,"href":"https:\/\/texus.fi\/en\/wp-json\/wp\/v2\/product_brand?post=5070"},{"taxonomy":"product_cat","embeddable":true,"href":"https:\/\/texus.fi\/en\/wp-json\/wp\/v2\/product_cat?post=5070"},{"taxonomy":"product_tag","embeddable":true,"href":"https:\/\/texus.fi\/en\/wp-json\/wp\/v2\/product_tag?post=5070"}],"curies":[{"name":"wp","href":"https:\/\/api.w.org\/{rel}","templated":true}]}}